{"id":5210,"date":"2019-10-28T08:35:27","date_gmt":"2019-10-28T06:35:27","guid":{"rendered":"https:\/\/ddt.lv\/product\/56722-1-9v-baterija-accu-200mah-varta\/"},"modified":"2026-04-13T09:46:27","modified_gmt":"2026-04-13T06:46:27","slug":"56722-1-9v-baterija-accu-200mah-varta","status":"publish","type":"product","link":"https:\/\/ddt.lv\/lv\/product\/56722-1-9v-baterija-accu-200mah-varta\/","title":{"rendered":"56722\/1 9V baterija l\u0101d\u0113jama VARTA Accu Power 200mAh 1gb."},"content":{"rendered":"<p>Varta Power &#8211; lab\u0101k\u0101 akumulatora veiktsp\u0113ja apvienojum\u0101 ar uzticamu un novatorisku tehnolo\u0123iju padara VARTA uzl\u0101d\u0113jamos akumulatorus par lab\u0101ko izv\u0113li pat\u0113r\u0113t\u0101jiem, kas \u013cauj vi\u0146iem pal\u012bdz\u0113t aizsarg\u0101t m\u016bsu vidi un m\u016bsu n\u0101kotni. Lieliski piem\u0113rotas ikdienas lieto\u0161an\u0101, var uzl\u0101d\u0113t ar jebkuru l\u0101d\u0113t\u0101ju.<\/p>","protected":false},"excerpt":{"rendered":"<p>Varta Power &#8211; lab\u0101k\u0101 akumulatora veiktsp\u0113ja apvienojum\u0101 ar uzticamu un novatorisku tehnolo\u0123iju padara VARTA uzl\u0101d\u0113jamos akumulatorus par lab\u0101ko izv\u0113li pat\u0113r\u0113t\u0101jiem, kas \u013cauj vi\u0146iem pal\u012bdz\u0113t aizsarg\u0101t m\u016bsu vidi un m\u016bsu n\u0101kotni. Lieliski piem\u0113rotas ikdienas lieto\u0161an\u0101, var uzl\u0101d\u0113t ar jebkuru l\u0101d\u0113t\u0101ju.<\/p>\n","protected":false},"featured_media":33990,"comment_status":"closed","ping_status":"closed","template":"","meta":{"inline_featured_image":false},"product_cat":[446],"product_tag":[],"yst_prominent_words":[],"class_list":{"0":"post-5210","1":"product","2":"type-product","3":"status-publish","4":"has-post-thumbnail","6":"product_cat-9v","8":"first","9":"instock","10":"taxable","11":"shipping-taxable","12":"purchasable","13":"product-type-simple"},"jetpack_sharing_enabled":true,"_links":{"self":[{"href":"https:\/\/ddt.lv\/lv\/wp-json\/wp\/v2\/product\/5210"}],"collection":[{"href":"https:\/\/ddt.lv\/lv\/wp-json\/wp\/v2\/product"}],"about":[{"href":"https:\/\/ddt.lv\/lv\/wp-json\/wp\/v2\/types\/product"}],"replies":[{"embeddable":true,"href":"https:\/\/ddt.lv\/lv\/wp-json\/wp\/v2\/comments?post=5210"}],"wp:featuredmedia":[{"embeddable":true,"href":"https:\/\/ddt.lv\/lv\/wp-json\/wp\/v2\/media\/33990"}],"wp:attachment":[{"href":"https:\/\/ddt.lv\/lv\/wp-json\/wp\/v2\/media?parent=5210"}],"wp:term":[{"taxonomy":"product_cat","embeddable":true,"href":"https:\/\/ddt.lv\/lv\/wp-json\/wp\/v2\/product_cat?post=5210"},{"taxonomy":"product_tag","embeddable":true,"href":"https:\/\/ddt.lv\/lv\/wp-json\/wp\/v2\/product_tag?post=5210"},{"taxonomy":"yst_prominent_words","embeddable":true,"href":"https:\/\/ddt.lv\/lv\/wp-json\/wp\/v2\/yst_prominent_words?post=5210"}],"curies":[{"name":"wp","href":"https:\/\/api.w.org\/{rel}","templated":true}]}}