{"id":5133,"date":"2019-10-28T08:35:17","date_gmt":"2019-10-28T06:35:17","guid":{"rendered":"https:\/\/ddt.lv\/product\/v625u-baterija-electronics-alkaline-1-5v-varta-bl1\/"},"modified":"2026-04-01T00:06:09","modified_gmt":"2026-03-31T21:06:09","slug":"v625u-baterija-electronics-alkaline-1-5v-varta-bl1","status":"publish","type":"product","link":"https:\/\/ddt.lv\/lv\/product\/v625u-baterija-electronics-alkaline-1-5v-varta-bl1\/","title":{"rendered":"V625U 1.5V baterija VARTA Electronics Alkaline 1gb."},"content":{"rendered":"<p>Uzticamas un ilgi kalpojo\u0161as baterijas no ra\u017eot\u0101ja Varta, paredz\u0113tas maz\u0101m elektronikas ier\u012bc\u0113m!<\/p>\n","protected":false},"excerpt":{"rendered":"<p>Uzticamas un ilgi kalpojo\u0161as baterijas no ra\u017eot\u0101ja Varta, paredz\u0113tas maz\u0101m elektronikas ier\u012bc\u0113m!<\/p>\n","protected":false},"featured_media":14746,"comment_status":"closed","ping_status":"closed","template":"","meta":{"inline_featured_image":false},"product_cat":[772,451],"product_tag":[],"yst_prominent_words":[],"class_list":{"0":"post-5133","1":"product","2":"type-product","3":"status-publish","4":"has-post-thumbnail","6":"product_cat-atlaides","7":"product_cat-elektronics-baterijas","9":"first","10":"instock","11":"sale","12":"taxable","13":"shipping-taxable","14":"purchasable","15":"product-type-simple"},"jetpack_sharing_enabled":true,"_links":{"self":[{"href":"https:\/\/ddt.lv\/lv\/wp-json\/wp\/v2\/product\/5133"}],"collection":[{"href":"https:\/\/ddt.lv\/lv\/wp-json\/wp\/v2\/product"}],"about":[{"href":"https:\/\/ddt.lv\/lv\/wp-json\/wp\/v2\/types\/product"}],"replies":[{"embeddable":true,"href":"https:\/\/ddt.lv\/lv\/wp-json\/wp\/v2\/comments?post=5133"}],"wp:featuredmedia":[{"embeddable":true,"href":"https:\/\/ddt.lv\/lv\/wp-json\/wp\/v2\/media\/14746"}],"wp:attachment":[{"href":"https:\/\/ddt.lv\/lv\/wp-json\/wp\/v2\/media?parent=5133"}],"wp:term":[{"taxonomy":"product_cat","embeddable":true,"href":"https:\/\/ddt.lv\/lv\/wp-json\/wp\/v2\/product_cat?post=5133"},{"taxonomy":"product_tag","embeddable":true,"href":"https:\/\/ddt.lv\/lv\/wp-json\/wp\/v2\/product_tag?post=5133"},{"taxonomy":"yst_prominent_words","embeddable":true,"href":"https:\/\/ddt.lv\/lv\/wp-json\/wp\/v2\/yst_prominent_words?post=5133"}],"curies":[{"name":"wp","href":"https:\/\/api.w.org\/{rel}","templated":true}]}}