{"id":5073,"date":"2019-10-25T16:36:01","date_gmt":"2019-10-25T13:36:01","guid":{"rendered":"https:\/\/ddt.lv\/product\/4122-1-9v-baterija-energy-alkaline-varta\/"},"modified":"2026-04-08T14:30:34","modified_gmt":"2026-04-08T11:30:34","slug":"4122-1-9v-baterija-energy-alkaline-varta","status":"publish","type":"product","link":"https:\/\/ddt.lv\/lv\/product\/4122-1-9v-baterija-energy-alkaline-varta\/","title":{"rendered":"4122\/1 9V baterija VARTA Energy Alkaline 1gb."},"content":{"rendered":"<p>Energy\u00a0 &#8211; izstr\u0101d\u0101ts \u012bpa\u0161i ier\u012bc\u0113m ar augstu ener\u0123ijas pat\u0113ri\u0146u. Esiet neatkar\u012bgs, izmantojot augstas veiktsp\u0113jas akumulatora ener\u0123iju, ja izmantojat ier\u012bces, kas pat\u0113r\u0113 ener\u0123iju, piem\u0113ram, t\u0101lvad\u012bbas rota\u013clietas, datortehniku \u200b\u200bvai LED luktur\u012b\u0161us.<\/p>","protected":false},"excerpt":{"rendered":"<p>Energy\u00a0 &#8211; izstr\u0101d\u0101ts \u012bpa\u0161i ier\u012bc\u0113m ar augstu ener\u0123ijas pat\u0113ri\u0146u. Esiet neatkar\u012bgs, izmantojot augstas veiktsp\u0113jas akumulatora ener\u0123iju, ja izmantojat ier\u012bces, kas pat\u0113r\u0113 ener\u0123iju, piem\u0113ram, t\u0101lvad\u012bbas rota\u013clietas, datortehniku \u200b\u200bvai LED luktur\u012b\u0161us.<\/p>\n","protected":false},"featured_media":33995,"comment_status":"closed","ping_status":"closed","template":"","meta":{"inline_featured_image":false},"product_cat":[772,446],"product_tag":[],"yst_prominent_words":[],"class_list":{"0":"post-5073","1":"product","2":"type-product","3":"status-publish","4":"has-post-thumbnail","6":"product_cat-atlaides","7":"product_cat-9v","9":"first","10":"instock","11":"sale","12":"taxable","13":"shipping-taxable","14":"purchasable","15":"product-type-simple"},"jetpack_sharing_enabled":true,"_links":{"self":[{"href":"https:\/\/ddt.lv\/lv\/wp-json\/wp\/v2\/product\/5073"}],"collection":[{"href":"https:\/\/ddt.lv\/lv\/wp-json\/wp\/v2\/product"}],"about":[{"href":"https:\/\/ddt.lv\/lv\/wp-json\/wp\/v2\/types\/product"}],"replies":[{"embeddable":true,"href":"https:\/\/ddt.lv\/lv\/wp-json\/wp\/v2\/comments?post=5073"}],"wp:featuredmedia":[{"embeddable":true,"href":"https:\/\/ddt.lv\/lv\/wp-json\/wp\/v2\/media\/33995"}],"wp:attachment":[{"href":"https:\/\/ddt.lv\/lv\/wp-json\/wp\/v2\/media?parent=5073"}],"wp:term":[{"taxonomy":"product_cat","embeddable":true,"href":"https:\/\/ddt.lv\/lv\/wp-json\/wp\/v2\/product_cat?post=5073"},{"taxonomy":"product_tag","embeddable":true,"href":"https:\/\/ddt.lv\/lv\/wp-json\/wp\/v2\/product_tag?post=5073"},{"taxonomy":"yst_prominent_words","embeddable":true,"href":"https:\/\/ddt.lv\/lv\/wp-json\/wp\/v2\/yst_prominent_words?post=5073"}],"curies":[{"name":"wp","href":"https:\/\/api.w.org\/{rel}","templated":true}]}}