{"id":5061,"date":"2019-10-25T16:36:00","date_gmt":"2019-10-25T13:36:00","guid":{"rendered":"https:\/\/ddt.lv\/product\/vakuuma-iepakosanas-maisini-20x30cm-100gb-unold\/"},"modified":"2026-04-08T14:30:50","modified_gmt":"2026-04-08T11:30:50","slug":"vakuuma-iepakosanas-maisini-20x30cm-100gb-unold","status":"publish","type":"product","link":"https:\/\/ddt.lv\/lv\/product\/vakuuma-iepakosanas-maisini-20x30cm-100gb-unold\/","title":{"rendered":"Vakuuma iepako\u0161anas maisi\u0146i 20x30cm, 100gb UNOLD"},"content":{"rendered":"<p>Vakuuma iepako\u0161anas maisi\u0146i, lieliski sader ar Unold Vakuuma iepakot\u0101ju!<\/p>\n","protected":false},"excerpt":{"rendered":"<p>Vakuuma iepako\u0161anas maisi\u0146i, lieliski sader ar Unold Vakuuma iepakot\u0101ju!<\/p>\n","protected":false},"featured_media":12482,"comment_status":"closed","ping_status":"closed","template":"","meta":{"inline_featured_image":false},"product_cat":[530],"product_tag":[],"yst_prominent_words":[],"class_list":{"0":"post-5061","1":"product","2":"type-product","3":"status-publish","4":"has-post-thumbnail","6":"product_cat-piederumi-un-apkope","8":"first","9":"outofstock","10":"taxable","11":"shipping-taxable","12":"purchasable","13":"product-type-simple"},"jetpack_sharing_enabled":true,"_links":{"self":[{"href":"https:\/\/ddt.lv\/lv\/wp-json\/wp\/v2\/product\/5061"}],"collection":[{"href":"https:\/\/ddt.lv\/lv\/wp-json\/wp\/v2\/product"}],"about":[{"href":"https:\/\/ddt.lv\/lv\/wp-json\/wp\/v2\/types\/product"}],"replies":[{"embeddable":true,"href":"https:\/\/ddt.lv\/lv\/wp-json\/wp\/v2\/comments?post=5061"}],"wp:featuredmedia":[{"embeddable":true,"href":"https:\/\/ddt.lv\/lv\/wp-json\/wp\/v2\/media\/12482"}],"wp:attachment":[{"href":"https:\/\/ddt.lv\/lv\/wp-json\/wp\/v2\/media?parent=5061"}],"wp:term":[{"taxonomy":"product_cat","embeddable":true,"href":"https:\/\/ddt.lv\/lv\/wp-json\/wp\/v2\/product_cat?post=5061"},{"taxonomy":"product_tag","embeddable":true,"href":"https:\/\/ddt.lv\/lv\/wp-json\/wp\/v2\/product_tag?post=5061"},{"taxonomy":"yst_prominent_words","embeddable":true,"href":"https:\/\/ddt.lv\/lv\/wp-json\/wp\/v2\/yst_prominent_words?post=5061"}],"curies":[{"name":"wp","href":"https:\/\/api.w.org\/{rel}","templated":true}]}}