{"id":5060,"date":"2019-10-25T16:36:00","date_gmt":"2019-10-25T13:36:00","guid":{"rendered":"https:\/\/ddt.lv\/product\/vafelu-panna-belgu-unold\/"},"modified":"2026-04-06T10:52:50","modified_gmt":"2026-04-06T07:52:50","slug":"vafelu-panna-belgu-unold","status":"publish","type":"product","link":"https:\/\/ddt.lv\/lv\/product\/vafelu-panna-belgu-unold\/","title":{"rendered":"Vafe\u013cu panna Be\u013c\u0123u UNOLD"},"content":{"rendered":"<p>Puf\u012bgas, gais\u012bgas un zeltaini br\u016bnas &#8211; \u0161\u0101das top Be\u013c\u0123u vafeles ar Unold vafe\u013cu pannu!<\/p>\n<p>L\u012bdz \u010detr\u0101m vafel\u0113m vien\u0101 cep\u0161anas reiz\u0113, vafe\u013cu panna apr\u012bkota ar temperat\u016bras regul\u0101ciju, nodro\u0161inot Jums v\u0113lamo krauk\u0161\u0137\u012bguma l\u012bmeni.<\/p>\n<p>\u0112rta kop\u0161ana, pannas plates p\u0101rkl\u0101tas ar keramisku p\u0101rkl\u0101jumu, kur\u0161 ir nel\u012bpo\u0161s. Var uzglab\u0101t ar\u012b vertik\u0101li, t\u0101d\u0113j\u0101di taupot vietu virtuv\u0113.<\/p>\n","protected":false},"excerpt":{"rendered":"<p>Puf\u012bgas, gais\u012bgas un zeltaini br\u016bnas &#8211; \u0161\u0101das top Be\u013c\u0123u vafeles ar Unold vafe\u013cu pannu! L\u012bdz \u010detr\u0101m vafel\u0113m vien\u0101 cep\u0161anas reiz\u0113, vafe\u013cu panna apr\u012bkota ar temperat\u016bras regul\u0101ciju, nodro\u0161inot Jums v\u0113lamo krauk\u0161\u0137\u012bguma l\u012bmeni. \u0112rta kop\u0161ana, pannas plates p\u0101rkl\u0101tas ar keramisku p\u0101rkl\u0101jumu, kur\u0161 ir nel\u012bpo\u0161s. Var uzglab\u0101t ar\u012b vertik\u0101li, t\u0101d\u0113j\u0101di taupot vietu virtuv\u0113.<\/p>\n","protected":false},"featured_media":12476,"comment_status":"closed","ping_status":"closed","template":"","meta":{"inline_featured_image":false},"product_cat":[532],"product_tag":[],"yst_prominent_words":[],"class_list":{"0":"post-5060","1":"product","2":"type-product","3":"status-publish","4":"has-post-thumbnail","6":"product_cat-vafelu-pankuku-pannas","8":"first","9":"instock","10":"taxable","11":"shipping-taxable","12":"purchasable","13":"product-type-simple"},"jetpack_sharing_enabled":true,"_links":{"self":[{"href":"https:\/\/ddt.lv\/lv\/wp-json\/wp\/v2\/product\/5060"}],"collection":[{"href":"https:\/\/ddt.lv\/lv\/wp-json\/wp\/v2\/product"}],"about":[{"href":"https:\/\/ddt.lv\/lv\/wp-json\/wp\/v2\/types\/product"}],"replies":[{"embeddable":true,"href":"https:\/\/ddt.lv\/lv\/wp-json\/wp\/v2\/comments?post=5060"}],"wp:featuredmedia":[{"embeddable":true,"href":"https:\/\/ddt.lv\/lv\/wp-json\/wp\/v2\/media\/12476"}],"wp:attachment":[{"href":"https:\/\/ddt.lv\/lv\/wp-json\/wp\/v2\/media?parent=5060"}],"wp:term":[{"taxonomy":"product_cat","embeddable":true,"href":"https:\/\/ddt.lv\/lv\/wp-json\/wp\/v2\/product_cat?post=5060"},{"taxonomy":"product_tag","embeddable":true,"href":"https:\/\/ddt.lv\/lv\/wp-json\/wp\/v2\/product_tag?post=5060"},{"taxonomy":"yst_prominent_words","embeddable":true,"href":"https:\/\/ddt.lv\/lv\/wp-json\/wp\/v2\/yst_prominent_words?post=5060"}],"curies":[{"name":"wp","href":"https:\/\/api.w.org\/{rel}","templated":true}]}}