{"id":44897,"date":"2025-04-25T14:00:24","date_gmt":"2025-04-25T11:00:24","guid":{"rendered":"https:\/\/ddt.lv\/lv\/product\/galas-malama-masina-gefu-transforma\/"},"modified":"2026-04-13T09:51:28","modified_gmt":"2026-04-13T06:51:28","slug":"galas-malama-masina-gefu-transforma","status":"publish","type":"product","link":"https:\/\/ddt.lv\/lv\/product\/galas-malama-masina-gefu-transforma\/","title":{"rendered":"Ga\u013cas ma\u013cam\u0101 ma\u0161\u012bna GEFU TRANSFORMA"},"content":{"rendered":"","protected":false},"excerpt":{"rendered":"","protected":false},"featured_media":45201,"comment_status":"closed","ping_status":"closed","template":"","meta":{"inline_featured_image":false},"product_cat":[1683,1685,772],"product_tag":[],"yst_prominent_words":[],"class_list":{"0":"post-44897","1":"product","2":"type-product","3":"status-publish","4":"has-post-thumbnail","6":"product_cat-cepsanai","7":"product_cat-grilesanai","8":"product_cat-atlaides","10":"first","11":"instock","12":"sale","13":"taxable","14":"shipping-taxable","15":"purchasable","16":"product-type-simple"},"jetpack_sharing_enabled":true,"_links":{"self":[{"href":"https:\/\/ddt.lv\/lv\/wp-json\/wp\/v2\/product\/44897"}],"collection":[{"href":"https:\/\/ddt.lv\/lv\/wp-json\/wp\/v2\/product"}],"about":[{"href":"https:\/\/ddt.lv\/lv\/wp-json\/wp\/v2\/types\/product"}],"replies":[{"embeddable":true,"href":"https:\/\/ddt.lv\/lv\/wp-json\/wp\/v2\/comments?post=44897"}],"wp:featuredmedia":[{"embeddable":true,"href":"https:\/\/ddt.lv\/lv\/wp-json\/wp\/v2\/media\/45201"}],"wp:attachment":[{"href":"https:\/\/ddt.lv\/lv\/wp-json\/wp\/v2\/media?parent=44897"}],"wp:term":[{"taxonomy":"product_cat","embeddable":true,"href":"https:\/\/ddt.lv\/lv\/wp-json\/wp\/v2\/product_cat?post=44897"},{"taxonomy":"product_tag","embeddable":true,"href":"https:\/\/ddt.lv\/lv\/wp-json\/wp\/v2\/product_tag?post=44897"},{"taxonomy":"yst_prominent_words","embeddable":true,"href":"https:\/\/ddt.lv\/lv\/wp-json\/wp\/v2\/yst_prominent_words?post=44897"}],"curies":[{"name":"wp","href":"https:\/\/api.w.org\/{rel}","templated":true}]}}