{"id":41027,"date":"2025-03-25T16:40:25","date_gmt":"2025-03-25T14:40:25","guid":{"rendered":"https:\/\/ddt.lv\/lv\/product\/vina-pudelu-atverejs-gefu-vinoso\/"},"modified":"2026-04-15T10:10:29","modified_gmt":"2026-04-15T07:10:29","slug":"vina-pudelu-atverejs-gefu-vinoso","status":"publish","type":"product","link":"https:\/\/ddt.lv\/lv\/product\/vina-pudelu-atverejs-gefu-vinoso\/","title":{"rendered":"V\u012bna pude\u013cu atv\u0113r\u0113js GEFU VINOSO"},"content":{"rendered":"","protected":false},"excerpt":{"rendered":"","protected":false},"featured_media":41031,"comment_status":"closed","ping_status":"closed","template":"","meta":{"inline_featured_image":false},"product_cat":[1684,772],"product_tag":[1688],"yst_prominent_words":[],"class_list":{"0":"post-41027","1":"product","2":"type-product","3":"status-publish","4":"has-post-thumbnail","6":"product_cat-dzerieniem","7":"product_cat-atlaides","8":"product_tag-gefu","10":"first","11":"instock","12":"sale","13":"taxable","14":"shipping-taxable","15":"purchasable","16":"product-type-simple"},"jetpack_sharing_enabled":true,"_links":{"self":[{"href":"https:\/\/ddt.lv\/lv\/wp-json\/wp\/v2\/product\/41027"}],"collection":[{"href":"https:\/\/ddt.lv\/lv\/wp-json\/wp\/v2\/product"}],"about":[{"href":"https:\/\/ddt.lv\/lv\/wp-json\/wp\/v2\/types\/product"}],"replies":[{"embeddable":true,"href":"https:\/\/ddt.lv\/lv\/wp-json\/wp\/v2\/comments?post=41027"}],"wp:featuredmedia":[{"embeddable":true,"href":"https:\/\/ddt.lv\/lv\/wp-json\/wp\/v2\/media\/41031"}],"wp:attachment":[{"href":"https:\/\/ddt.lv\/lv\/wp-json\/wp\/v2\/media?parent=41027"}],"wp:term":[{"taxonomy":"product_cat","embeddable":true,"href":"https:\/\/ddt.lv\/lv\/wp-json\/wp\/v2\/product_cat?post=41027"},{"taxonomy":"product_tag","embeddable":true,"href":"https:\/\/ddt.lv\/lv\/wp-json\/wp\/v2\/product_tag?post=41027"},{"taxonomy":"yst_prominent_words","embeddable":true,"href":"https:\/\/ddt.lv\/lv\/wp-json\/wp\/v2\/yst_prominent_words?post=41027"}],"curies":[{"name":"wp","href":"https:\/\/api.w.org\/{rel}","templated":true}]}}