{"id":40984,"date":"2025-03-21T12:05:45","date_gmt":"2025-03-21T10:05:45","guid":{"rendered":"https:\/\/ddt.lv\/lv\/product\/davanu-komplekts-inspira-bloda-stangas-gefu-inspiria\/"},"modified":"2026-04-27T08:31:12","modified_gmt":"2026-04-27T05:31:12","slug":"davanu-komplekts-inspira-bloda-stangas-gefu-inspiria","status":"publish","type":"product","link":"https:\/\/ddt.lv\/lv\/product\/davanu-komplekts-inspira-bloda-stangas-gefu-inspiria\/","title":{"rendered":"D\u0101vanu komplekts INSPIRA (b\u013coda+stangas) GEFU INSPIRIA"},"content":{"rendered":"<p>D\u0101vanas komplekts GEFU Inspiria.<\/p>\n<p>Porcel\u0101na b\u013coda GEFU Inspiria gatavo\u0161anai un pasnieg\u0161anai. Komplekt\u0101 ietilpst ar\u012b sal\u0101tu un pastas stangas GEFU iNSPIRIA 21560.<\/p>","protected":false},"excerpt":{"rendered":"<p>D\u0101vanas komplekts GEFU Inspiria. Porcel\u0101na b\u013coda GEFU Inspiria gatavo\u0161anai un pasnieg\u0161anai. Komplekt\u0101 ietilpst ar\u012b sal\u0101tu un pastas stangas GEFU iNSPIRIA 21560.<\/p>\n","protected":false},"featured_media":40986,"comment_status":"closed","ping_status":"closed","template":"","meta":{"inline_featured_image":false},"product_cat":[1683,1679,1681,772],"product_tag":[1688],"yst_prominent_words":[],"class_list":{"0":"post-40984","1":"product","2":"type-product","3":"status-publish","4":"has-post-thumbnail","6":"product_cat-cepsanai","7":"product_cat-virtuves-piederumi","8":"product_cat-virtuves-paligi","9":"product_cat-atlaides","10":"product_tag-gefu","12":"first","13":"instock","14":"sale","15":"taxable","16":"shipping-taxable","17":"purchasable","18":"product-type-simple"},"jetpack_sharing_enabled":true,"_links":{"self":[{"href":"https:\/\/ddt.lv\/lv\/wp-json\/wp\/v2\/product\/40984"}],"collection":[{"href":"https:\/\/ddt.lv\/lv\/wp-json\/wp\/v2\/product"}],"about":[{"href":"https:\/\/ddt.lv\/lv\/wp-json\/wp\/v2\/types\/product"}],"replies":[{"embeddable":true,"href":"https:\/\/ddt.lv\/lv\/wp-json\/wp\/v2\/comments?post=40984"}],"wp:featuredmedia":[{"embeddable":true,"href":"https:\/\/ddt.lv\/lv\/wp-json\/wp\/v2\/media\/40986"}],"wp:attachment":[{"href":"https:\/\/ddt.lv\/lv\/wp-json\/wp\/v2\/media?parent=40984"}],"wp:term":[{"taxonomy":"product_cat","embeddable":true,"href":"https:\/\/ddt.lv\/lv\/wp-json\/wp\/v2\/product_cat?post=40984"},{"taxonomy":"product_tag","embeddable":true,"href":"https:\/\/ddt.lv\/lv\/wp-json\/wp\/v2\/product_tag?post=40984"},{"taxonomy":"yst_prominent_words","embeddable":true,"href":"https:\/\/ddt.lv\/lv\/wp-json\/wp\/v2\/yst_prominent_words?post=40984"}],"curies":[{"name":"wp","href":"https:\/\/api.w.org\/{rel}","templated":true}]}}