{"id":40492,"date":"2024-11-11T15:26:10","date_gmt":"2024-11-11T13:26:10","guid":{"rendered":"https:\/\/ddt.lv\/product\/bezvadu-durvju-zvans-ip44-36-mel-150m-110db-zals-balts-emos\/"},"modified":"2026-04-13T10:06:02","modified_gmt":"2026-04-13T07:06:02","slug":"bezvadu-durvju-zvans-ip44-36-mel-150m-110db-zals-balts-emos","status":"publish","type":"product","link":"https:\/\/ddt.lv\/lv\/product\/bezvadu-durvju-zvans-ip44-36-mel-150m-110db-zals-balts-emos\/","title":{"rendered":"Bezvadu durvju zvans IP44 36 mel.150m 110dB za\u013c\u0161\/balts EMOS"},"content":{"rendered":"<p>Bezvadu durvju zvans P5733G<\/p>\n<p>Izpako, pievieno un zvana. Tie\u0161i tik vienk\u0101r\u0161i to var izdar\u012bt ar bezvadu durvju zvanu, kas pieejams da\u017e\u0101d\u0101s kr\u0101s\u0101s. To var izmantot dz\u012bvokl\u012b vai \u0123imenes m\u0101j\u0101, ta\u010du tas ir lieliski piem\u0113rots ar\u012b j\u016bsu uz\u0146\u0113mumam vai birojam. Tas p\u0101rsteigs j\u016bs ar lielu spiediena diapazonu l\u012bdz 150 m un vienu no 36 iepriek\u0161 iestat\u012btaj\u0101m melodij\u0101m, kas br\u012bdin\u0101s par ien\u0101ko\u0161o apmekl\u0113t\u0101ju .<\/p>","protected":false},"excerpt":{"rendered":"<p>Bezvadu durvju zvans P5733G Izpako, pievieno un zvana. Tie\u0161i tik vienk\u0101r\u0161i to var izdar\u012bt ar bezvadu durvju zvanu, kas pieejams da\u017e\u0101d\u0101s kr\u0101s\u0101s. To var izmantot dz\u012bvokl\u012b vai \u0123imenes m\u0101j\u0101, ta\u010du tas ir lieliski piem\u0113rots ar\u012b j\u016bsu uz\u0146\u0113mumam vai birojam. Tas p\u0101rsteigs j\u016bs ar lielu spiediena diapazonu l\u012bdz 150 m un vienu no 36 iepriek\u0161 iestat\u012btaj\u0101m [&hellip;]<\/p>\n","protected":false},"featured_media":40970,"comment_status":"closed","ping_status":"closed","template":"","meta":{"inline_featured_image":false},"product_cat":[543],"product_tag":[],"yst_prominent_words":[],"class_list":{"0":"post-40492","1":"product","2":"type-product","3":"status-publish","4":"has-post-thumbnail","6":"product_cat-durvju-zvani","8":"first","9":"instock","10":"taxable","11":"shipping-taxable","12":"purchasable","13":"product-type-simple"},"jetpack_sharing_enabled":true,"_links":{"self":[{"href":"https:\/\/ddt.lv\/lv\/wp-json\/wp\/v2\/product\/40492"}],"collection":[{"href":"https:\/\/ddt.lv\/lv\/wp-json\/wp\/v2\/product"}],"about":[{"href":"https:\/\/ddt.lv\/lv\/wp-json\/wp\/v2\/types\/product"}],"replies":[{"embeddable":true,"href":"https:\/\/ddt.lv\/lv\/wp-json\/wp\/v2\/comments?post=40492"}],"wp:featuredmedia":[{"embeddable":true,"href":"https:\/\/ddt.lv\/lv\/wp-json\/wp\/v2\/media\/40970"}],"wp:attachment":[{"href":"https:\/\/ddt.lv\/lv\/wp-json\/wp\/v2\/media?parent=40492"}],"wp:term":[{"taxonomy":"product_cat","embeddable":true,"href":"https:\/\/ddt.lv\/lv\/wp-json\/wp\/v2\/product_cat?post=40492"},{"taxonomy":"product_tag","embeddable":true,"href":"https:\/\/ddt.lv\/lv\/wp-json\/wp\/v2\/product_tag?post=40492"},{"taxonomy":"yst_prominent_words","embeddable":true,"href":"https:\/\/ddt.lv\/lv\/wp-json\/wp\/v2\/yst_prominent_words?post=40492"}],"curies":[{"name":"wp","href":"https:\/\/api.w.org\/{rel}","templated":true}]}}