{"id":40290,"date":"2024-09-28T18:40:32","date_gmt":"2024-09-28T15:40:32","guid":{"rendered":"https:\/\/ddt.lv\/lv\/product\/russkij-led-gls-filament-a67-e27-17w-240v-2452lm-2700k-lampa-emos\/"},"modified":"2026-04-08T14:46:36","modified_gmt":"2026-04-08T11:46:36","slug":"russkij-led-gls-filament-a67-e27-17w-240v-2452lm-2700k-lampa-emos","status":"publish","type":"product","link":"https:\/\/ddt.lv\/lv\/product\/led-gls-filament-ed90-e40-36w-240v-6000lm-4000k-spuldze-emos\/","title":{"rendered":"LED GLS FILAMENT ED90 E40 36W 240V 6000lm 4000K spuldze EMOS"},"content":{"rendered":"<p><\/p>\n<h3 data-section-id=\"1qfj8aa\" data-start=\"126\" data-end=\"148\">Tehnisk\u0101s \u012bpa\u0161\u012bbas<\/h3>\n<p data-start=\"150\" data-end=\"763\">\u2022 Cokols: E40<br data-start=\"163\" data-end=\"166\" \/>\u2022 Gaismas kr\u0101sa: neitr\u0101li balta<br data-start=\"197\" data-end=\"200\" \/>\u2022 Kr\u0101su temperat\u016bra: 4000 K<br data-start=\"227\" data-end=\"230\" \/>\u2022 Jauda: 36 W<br data-start=\"243\" data-end=\"246\" \/>\u2022 Gaismas pl\u016bsma: 6000 lm<br data-start=\"271\" data-end=\"274\" \/>\u2022 Ekvivalents kv\u0113lspuldzei: 327 W<br data-start=\"307\" data-end=\"310\" \/>\u2022 Tehnolo\u0123ija: LED<br data-start=\"328\" data-end=\"331\" \/>\u2022 Forma: ED90<br data-start=\"344\" data-end=\"347\" \/>\u2022 S\u0113rija: FILAMENT<br data-start=\"365\" data-end=\"368\" \/>\u2022 Aptum\u0161ojama: n\u0113<br data-start=\"385\" data-end=\"388\" data-is-only-node=\"\" \/>\u2022 Energoefektivit\u0101tes klase: C<br data-start=\"418\" data-end=\"421\" \/>\u2022 Gaismas efektivit\u0101te: nav nor\u0101d\u012bta<br data-start=\"457\" data-end=\"460\" \/>\u2022 Stara le\u0146\u0137is: nav nor\u0101d\u012bts<br data-start=\"488\" data-end=\"491\" \/>\u2022 Darbm\u016b\u017es: 25 000 stundas<br data-start=\"539\" data-end=\"542\" \/>\u2022 Jaudas koeficients: 0,97<br data-start=\"568\" data-end=\"571\" \/>\u2022 Iesl\u0113g\u0161anas cikli: nav nor\u0101d\u012bts<br data-start=\"604\" data-end=\"607\" \/>\u2022 Kr\u0101su atveides indekss (CRI): 80<br data-start=\"641\" data-end=\"644\" \/>\u2022 Mikrosh\u0113mas tips: COB<br data-start=\"667\" data-end=\"670\" \/>\u2022 Mikrosh\u0113mu skaits: nav nor\u0101d\u012bts<br data-start=\"703\" data-end=\"706\" \/>\u2022 Spriegums: 230 V \/ 50 Hz<\/p>\n<p><\/p>","protected":false},"excerpt":{"rendered":"<p>Tehnisk\u0101s \u012bpa\u0161\u012bbas \u2022 Cokols: E40\u2022 Gaismas kr\u0101sa: neitr\u0101li balta\u2022 Kr\u0101su temperat\u016bra: 4000 K\u2022 Jauda: 36 W\u2022 Gaismas pl\u016bsma: 6000 lm\u2022 Ekvivalents kv\u0113lspuldzei: 327 W\u2022 Tehnolo\u0123ija: LED\u2022 Forma: ED90\u2022 S\u0113rija: FILAMENT\u2022 Aptum\u0161ojama: n\u0113\u2022 Energoefektivit\u0101tes klase: C\u2022 Gaismas efektivit\u0101te: nav nor\u0101d\u012bta\u2022 Stara le\u0146\u0137is: nav nor\u0101d\u012bts\u2022 Darbm\u016b\u017es: 25 000 stundas\u2022 Jaudas koeficients: 0,97\u2022 Iesl\u0113g\u0161anas cikli: nav nor\u0101d\u012bts\u2022 Kr\u0101su [&hellip;]<\/p>\n","protected":false},"featured_media":40996,"comment_status":"closed","ping_status":"closed","template":"","meta":{"inline_featured_image":false},"product_cat":[1827,772],"product_tag":[],"yst_prominent_words":[],"class_list":{"0":"post-40290","1":"product","2":"type-product","3":"status-publish","4":"has-post-thumbnail","6":"product_cat-e40-spuldzes","7":"product_cat-atlaides","9":"first","10":"instock","11":"sale","12":"taxable","13":"shipping-taxable","14":"purchasable","15":"product-type-simple"},"jetpack_sharing_enabled":true,"_links":{"self":[{"href":"https:\/\/ddt.lv\/lv\/wp-json\/wp\/v2\/product\/40290"}],"collection":[{"href":"https:\/\/ddt.lv\/lv\/wp-json\/wp\/v2\/product"}],"about":[{"href":"https:\/\/ddt.lv\/lv\/wp-json\/wp\/v2\/types\/product"}],"replies":[{"embeddable":true,"href":"https:\/\/ddt.lv\/lv\/wp-json\/wp\/v2\/comments?post=40290"}],"wp:featuredmedia":[{"embeddable":true,"href":"https:\/\/ddt.lv\/lv\/wp-json\/wp\/v2\/media\/40996"}],"wp:attachment":[{"href":"https:\/\/ddt.lv\/lv\/wp-json\/wp\/v2\/media?parent=40290"}],"wp:term":[{"taxonomy":"product_cat","embeddable":true,"href":"https:\/\/ddt.lv\/lv\/wp-json\/wp\/v2\/product_cat?post=40290"},{"taxonomy":"product_tag","embeddable":true,"href":"https:\/\/ddt.lv\/lv\/wp-json\/wp\/v2\/product_tag?post=40290"},{"taxonomy":"yst_prominent_words","embeddable":true,"href":"https:\/\/ddt.lv\/lv\/wp-json\/wp\/v2\/yst_prominent_words?post=40290"}],"curies":[{"name":"wp","href":"https:\/\/api.w.org\/{rel}","templated":true}]}}