{"id":40276,"date":"2024-09-28T18:20:32","date_gmt":"2024-09-28T15:20:32","guid":{"rendered":"https:\/\/ddt.lv\/lv\/product\/powerbank-5000-mah-melns-emos\/"},"modified":"2026-04-22T08:47:46","modified_gmt":"2026-04-22T05:47:46","slug":"powerbank-5000-mah-melns-emos","status":"publish","type":"product","link":"https:\/\/ddt.lv\/lv\/product\/portativais-arejais-akumulators-wi-521-5-000-mah-20-w-bezvadu-uzlade-melns-emos\/","title":{"rendered":"Portat\u012bvais \u0101r\u0113jais akumulators WI 521, 5 000 mAh, 20 W + bezvadu uzl\u0101de, melns EMOS"},"content":{"rendered":"<p><strong data-start=\"0\" data-end=\"23\" data-is-only-node=\"\">Autom\u0101tiska ON\/OFF:<\/strong> j\u0101<br data-start=\"26\" data-end=\"29\" \/><strong data-start=\"29\" data-end=\"55\">Akumulatora ietilp\u012bba:<\/strong> 5 000 mAh \/ 19,25 Wh<br data-start=\"76\" data-end=\"79\" \/><strong data-start=\"79\" data-end=\"100\">Akumulatora tips:<\/strong> Li-Po 3,85 V<br data-start=\"113\" data-end=\"116\" \/><strong data-start=\"116\" data-end=\"139\">Maks. izejas jauda:<\/strong> 20 W<\/p>","protected":false},"excerpt":{"rendered":"<p>Autom\u0101tiska ON\/OFF: j\u0101Akumulatora ietilp\u012bba: 5 000 mAh \/ 19,25 WhAkumulatora tips: Li-Po 3,85 VMaks. izejas jauda: 20 W<\/p>\n","protected":false},"featured_media":101616,"comment_status":"closed","ping_status":"closed","template":"","meta":{"inline_featured_image":false},"product_cat":[772,460],"product_tag":[],"yst_prominent_words":[],"class_list":{"0":"post-40276","1":"product","2":"type-product","3":"status-publish","4":"has-post-thumbnail","6":"product_cat-atlaides","7":"product_cat-uzlades-stacijas","9":"first","10":"instock","11":"sale","12":"taxable","13":"shipping-taxable","14":"purchasable","15":"product-type-simple"},"jetpack_sharing_enabled":true,"_links":{"self":[{"href":"https:\/\/ddt.lv\/lv\/wp-json\/wp\/v2\/product\/40276"}],"collection":[{"href":"https:\/\/ddt.lv\/lv\/wp-json\/wp\/v2\/product"}],"about":[{"href":"https:\/\/ddt.lv\/lv\/wp-json\/wp\/v2\/types\/product"}],"replies":[{"embeddable":true,"href":"https:\/\/ddt.lv\/lv\/wp-json\/wp\/v2\/comments?post=40276"}],"wp:featuredmedia":[{"embeddable":true,"href":"https:\/\/ddt.lv\/lv\/wp-json\/wp\/v2\/media\/101616"}],"wp:attachment":[{"href":"https:\/\/ddt.lv\/lv\/wp-json\/wp\/v2\/media?parent=40276"}],"wp:term":[{"taxonomy":"product_cat","embeddable":true,"href":"https:\/\/ddt.lv\/lv\/wp-json\/wp\/v2\/product_cat?post=40276"},{"taxonomy":"product_tag","embeddable":true,"href":"https:\/\/ddt.lv\/lv\/wp-json\/wp\/v2\/product_tag?post=40276"},{"taxonomy":"yst_prominent_words","embeddable":true,"href":"https:\/\/ddt.lv\/lv\/wp-json\/wp\/v2\/yst_prominent_words?post=40276"}],"curies":[{"name":"wp","href":"https:\/\/api.w.org\/{rel}","templated":true}]}}