{"id":40158,"date":"2024-08-21T10:20:30","date_gmt":"2024-08-21T07:20:30","guid":{"rendered":"https:\/\/ddt.lv\/lv\/product\/led-gaismeklis-profi-18w-5500lm-1700k-ip65-240v-754mm-emos\/"},"modified":"2026-04-13T10:02:52","modified_gmt":"2026-04-13T07:02:52","slug":"led-gaismeklis-profi-18w-5500lm-1700k-ip65-240v-754mm-emos","status":"publish","type":"product","link":"https:\/\/ddt.lv\/lv\/product\/led-gaismeklis-profi-18w-5500lm-1700k-ip65-240v-754mm-emos\/","title":{"rendered":"LED gaismeklis PROFI 18W 5500lm 1700K IP65 240V 754mm EMOS"},"content":{"rendered":"<p>LED industri\u0101rais gaismeklis virsapmetuma mont\u0101\u017eai<br \/>\nDUSTY LED industri\u0101rie gaismek\u013ci ir paredz\u0113ti efekt\u012bvam un ekonomiskam r\u016bpniecisko telpu apgaismojumam. Tie nodro\u0161ina augstu aizsardz\u012bbu pret putek\u013ciem un mitrumu, k\u0101 ar\u012b augstu gaismas atdevi, samazinot ener\u0123ijas pat\u0113ri\u0146u un ekspluat\u0101cijas izmaksas.<\/p>\n<p>Gaismek\u013ci ir \u0113rti mont\u0113jami pie griestiem vai sien\u0101m un tos iesp\u0113jams savienot virkn\u0113, nodro\u0161inot paral\u0113lu vair\u0101ku gaismek\u013cu uzst\u0101d\u012b\u0161anu. Neitr\u0101li balta gaisma veicina koncentr\u0113\u0161anos un pal\u012bdz saglab\u0101t uzman\u012bbu, padarot \u0161o risin\u0101jumu ide\u0101li piem\u0113rotu ra\u017eo\u0161anas cehiem, noliktav\u0101m, koridoriem un gar\u0101\u017e\u0101m.<\/p>\n<p data-start=\"887\" data-end=\"914\"><strong data-start=\"887\" data-end=\"914\">Galven\u0101s priek\u0161roc\u012bbas:<\/strong><\/p>\n<ul data-start=\"915\" data-end=\"1162\">\n<li data-start=\"915\" data-end=\"971\">\n<p data-start=\"917\" data-end=\"971\">LED industri\u0101rais apgaismojums virsapmetuma mont\u0101\u017eai<\/p>\n<\/li>\n<li data-start=\"972\" data-end=\"1017\">\n<p data-start=\"974\" data-end=\"1017\">Augsta iztur\u012bba pret putek\u013ciem un mitrumu<\/p>\n<\/li>\n<li data-start=\"1018\" data-end=\"1076\">\n<p data-start=\"1020\" data-end=\"1076\">Augsta gaismas efektivit\u0101te un zems ener\u0123ijas pat\u0113ri\u0146\u0161<\/p>\n<\/li>\n<li data-start=\"1077\" data-end=\"1124\">\n<p data-start=\"1079\" data-end=\"1124\">Iesp\u0113ja savienot vair\u0101kus gaismek\u013cus virkn\u0113<\/p>\n<\/li>\n<li data-start=\"1125\" data-end=\"1162\">\n<p data-start=\"1127\" data-end=\"1162\">Neitr\u0101li balta gaisma darba videi<\/p>\n<\/li>\n<\/ul>\n<p><\/p>","protected":false},"excerpt":{"rendered":"<p>LED industri\u0101rais gaismeklis virsapmetuma mont\u0101\u017eai DUSTY LED industri\u0101rie gaismek\u013ci ir paredz\u0113ti efekt\u012bvam un ekonomiskam r\u016bpniecisko telpu apgaismojumam. Tie nodro\u0161ina augstu aizsardz\u012bbu pret putek\u013ciem un mitrumu, k\u0101 ar\u012b augstu gaismas atdevi, samazinot ener\u0123ijas pat\u0113ri\u0146u un ekspluat\u0101cijas izmaksas. Gaismek\u013ci ir \u0113rti mont\u0113jami pie griestiem vai sien\u0101m un tos iesp\u0113jams savienot virkn\u0113, nodro\u0161inot paral\u0113lu vair\u0101ku gaismek\u013cu uzst\u0101d\u012b\u0161anu. Neitr\u0101li [&hellip;]<\/p>\n","protected":false},"featured_media":102047,"comment_status":"closed","ping_status":"closed","template":"","meta":{"inline_featured_image":false},"product_cat":[904],"product_tag":[],"yst_prominent_words":[],"class_list":{"0":"post-40158","1":"product","2":"type-product","3":"status-publish","4":"has-post-thumbnail","6":"product_cat-led-batten-tipa-gaismekli","8":"first","9":"outofstock","10":"taxable","11":"shipping-taxable","12":"purchasable","13":"product-type-simple"},"jetpack_sharing_enabled":true,"_links":{"self":[{"href":"https:\/\/ddt.lv\/lv\/wp-json\/wp\/v2\/product\/40158"}],"collection":[{"href":"https:\/\/ddt.lv\/lv\/wp-json\/wp\/v2\/product"}],"about":[{"href":"https:\/\/ddt.lv\/lv\/wp-json\/wp\/v2\/types\/product"}],"replies":[{"embeddable":true,"href":"https:\/\/ddt.lv\/lv\/wp-json\/wp\/v2\/comments?post=40158"}],"wp:featuredmedia":[{"embeddable":true,"href":"https:\/\/ddt.lv\/lv\/wp-json\/wp\/v2\/media\/102047"}],"wp:attachment":[{"href":"https:\/\/ddt.lv\/lv\/wp-json\/wp\/v2\/media?parent=40158"}],"wp:term":[{"taxonomy":"product_cat","embeddable":true,"href":"https:\/\/ddt.lv\/lv\/wp-json\/wp\/v2\/product_cat?post=40158"},{"taxonomy":"product_tag","embeddable":true,"href":"https:\/\/ddt.lv\/lv\/wp-json\/wp\/v2\/product_tag?post=40158"},{"taxonomy":"yst_prominent_words","embeddable":true,"href":"https:\/\/ddt.lv\/lv\/wp-json\/wp\/v2\/yst_prominent_words?post=40158"}],"curies":[{"name":"wp","href":"https:\/\/api.w.org\/{rel}","templated":true}]}}