{"id":40153,"date":"2024-08-19T12:00:34","date_gmt":"2024-08-19T09:00:34","guid":{"rendered":"https:\/\/ddt.lv\/lv\/product\/wi-fi-gosmart-pir-sensors-ar-nakts-gaismu-emos\/"},"modified":"2026-04-13T10:02:52","modified_gmt":"2026-04-13T07:02:52","slug":"wi-fi-gosmart-pir-sensors-ar-nakts-gaismu-emos","status":"publish","type":"product","link":"https:\/\/ddt.lv\/lv\/product\/wi-fi-gosmart-pir-sensors-ar-nakts-gaismu-emos\/","title":{"rendered":"Wi-Fi GoSmart PIR sensors ar nakts gaismu EMOS"},"content":{"rendered":"<p><\/p>\n<h3>Viedais kust\u012bbas sensors ar nakts apgaismojumu<\/h3>\n<p>\u0160is uzlabotais kust\u012bbas sensors ir izstr\u0101d\u0101ts t\u0101, lai autom\u0101tiski\u00a0<strong>atpaz\u012btu kust\u012bbu 120\u00b0 le\u0146\u0137\u012b l\u012bdz 7 m att\u0101lum\u0101<\/strong>\u00a0un nodro\u0161in\u0101tu\u00a0<strong>maig\u0101ku nakts apgaismojumu<\/strong>, lai nodro\u0161in\u0101tu dro\u0161u kust\u012bbu tums\u0101. <strong>Savienojieties ar cit\u0101m viedier\u012bc\u0113m<\/strong>, lai izveidotu automatiz\u0101cijas, kas \u013cauj jums kontrol\u0113t savu m\u0101ju. Kad\u00a0<strong>tiek konstat\u0113ta\u00a0kust\u012bba, tas nos\u016bta pazi\u0146ojumu\u00a0mobilaj\u0101m ier\u012bc\u0113m, izmantojot lietotni, kas ir pieejama\u00a0Android un iOS.<\/strong><\/p>","protected":false},"excerpt":{"rendered":"<p>Viedais kust\u012bbas sensors ar nakts apgaismojumu \u0160is uzlabotais kust\u012bbas sensors ir izstr\u0101d\u0101ts t\u0101, lai autom\u0101tiski\u00a0atpaz\u012btu kust\u012bbu 120\u00b0 le\u0146\u0137\u012b l\u012bdz 7 m att\u0101lum\u0101\u00a0un nodro\u0161in\u0101tu\u00a0maig\u0101ku nakts apgaismojumu, lai nodro\u0161in\u0101tu dro\u0161u kust\u012bbu tums\u0101. Savienojieties ar cit\u0101m viedier\u012bc\u0113m, lai izveidotu automatiz\u0101cijas, kas \u013cauj jums kontrol\u0113t savu m\u0101ju. Kad\u00a0tiek konstat\u0113ta\u00a0kust\u012bba, tas nos\u016bta pazi\u0146ojumu\u00a0mobilaj\u0101m ier\u012bc\u0113m, izmantojot lietotni, kas ir pieejama\u00a0Android un [&hellip;]<\/p>\n","protected":false},"featured_media":96481,"comment_status":"closed","ping_status":"closed","template":"","meta":{"inline_featured_image":false},"product_cat":[1634],"product_tag":[],"yst_prominent_words":[],"class_list":{"0":"post-40153","1":"product","2":"type-product","3":"status-publish","4":"has-post-thumbnail","6":"product_cat-wifi-videokameras-rozetes","8":"first","9":"instock","10":"taxable","11":"shipping-taxable","12":"purchasable","13":"product-type-simple"},"jetpack_sharing_enabled":true,"_links":{"self":[{"href":"https:\/\/ddt.lv\/lv\/wp-json\/wp\/v2\/product\/40153"}],"collection":[{"href":"https:\/\/ddt.lv\/lv\/wp-json\/wp\/v2\/product"}],"about":[{"href":"https:\/\/ddt.lv\/lv\/wp-json\/wp\/v2\/types\/product"}],"replies":[{"embeddable":true,"href":"https:\/\/ddt.lv\/lv\/wp-json\/wp\/v2\/comments?post=40153"}],"wp:featuredmedia":[{"embeddable":true,"href":"https:\/\/ddt.lv\/lv\/wp-json\/wp\/v2\/media\/96481"}],"wp:attachment":[{"href":"https:\/\/ddt.lv\/lv\/wp-json\/wp\/v2\/media?parent=40153"}],"wp:term":[{"taxonomy":"product_cat","embeddable":true,"href":"https:\/\/ddt.lv\/lv\/wp-json\/wp\/v2\/product_cat?post=40153"},{"taxonomy":"product_tag","embeddable":true,"href":"https:\/\/ddt.lv\/lv\/wp-json\/wp\/v2\/product_tag?post=40153"},{"taxonomy":"yst_prominent_words","embeddable":true,"href":"https:\/\/ddt.lv\/lv\/wp-json\/wp\/v2\/yst_prominent_words?post=40153"}],"curies":[{"name":"wp","href":"https:\/\/api.w.org\/{rel}","templated":true}]}}