{"id":39905,"date":"2024-06-17T12:00:23","date_gmt":"2024-06-17T09:00:23","guid":{"rendered":"https:\/\/ddt.lv\/lv\/product\/griestu-lampa-vintage-sylpendant-arc-e27-metals-stikla-abazurs\/"},"modified":"2026-04-13T10:06:15","modified_gmt":"2026-04-13T07:06:15","slug":"griestu-lampa-vintage-sylpendant-arc-e27-metals-stikla-abazurs","status":"publish","type":"product","link":"https:\/\/ddt.lv\/lv\/product\/griestu-lampa-vintage-sylpendant-arc-e27-metals-stikla-abazurs\/","title":{"rendered":"Griestu lampa Vintage SYLPENDANT ARC E27, met\u0101ls\/stikla aba\u017e\u016brs"},"content":{"rendered":"<p>Griestu lampa Vintage SYLPENDANT ARC E27, met\u0101ls\/stikla aba\u017e\u016brs no ra\u017eot\u0101ja Sylvania.<\/p>","protected":false},"excerpt":{"rendered":"<p>Griestu lampa Vintage SYLPENDANT ARC E27, met\u0101ls\/stikla aba\u017e\u016brs no ra\u017eot\u0101ja Sylvania.<\/p>\n","protected":false},"featured_media":40040,"comment_status":"closed","ping_status":"closed","template":"","meta":{"inline_featured_image":false},"product_cat":[772,901],"product_tag":[],"yst_prominent_words":[],"class_list":{"0":"post-39905","1":"product","2":"type-product","3":"status-publish","4":"has-post-thumbnail","6":"product_cat-atlaides","7":"product_cat-gaismekli-iekarti-gaismekli-apgaismojums","9":"first","10":"instock","11":"sale","12":"taxable","13":"shipping-taxable","14":"purchasable","15":"product-type-simple"},"jetpack_sharing_enabled":true,"_links":{"self":[{"href":"https:\/\/ddt.lv\/lv\/wp-json\/wp\/v2\/product\/39905"}],"collection":[{"href":"https:\/\/ddt.lv\/lv\/wp-json\/wp\/v2\/product"}],"about":[{"href":"https:\/\/ddt.lv\/lv\/wp-json\/wp\/v2\/types\/product"}],"replies":[{"embeddable":true,"href":"https:\/\/ddt.lv\/lv\/wp-json\/wp\/v2\/comments?post=39905"}],"wp:featuredmedia":[{"embeddable":true,"href":"https:\/\/ddt.lv\/lv\/wp-json\/wp\/v2\/media\/40040"}],"wp:attachment":[{"href":"https:\/\/ddt.lv\/lv\/wp-json\/wp\/v2\/media?parent=39905"}],"wp:term":[{"taxonomy":"product_cat","embeddable":true,"href":"https:\/\/ddt.lv\/lv\/wp-json\/wp\/v2\/product_cat?post=39905"},{"taxonomy":"product_tag","embeddable":true,"href":"https:\/\/ddt.lv\/lv\/wp-json\/wp\/v2\/product_tag?post=39905"},{"taxonomy":"yst_prominent_words","embeddable":true,"href":"https:\/\/ddt.lv\/lv\/wp-json\/wp\/v2\/yst_prominent_words?post=39905"}],"curies":[{"name":"wp","href":"https:\/\/api.w.org\/{rel}","templated":true}]}}