{"id":39702,"date":"2024-05-21T20:40:21","date_gmt":"2024-05-21T17:40:21","guid":{"rendered":"https:\/\/ddt.lv\/lv\/product\/camelion-ag8-10bb-v391-baterija\/"},"modified":"2026-04-20T16:20:52","modified_gmt":"2026-04-20T13:20:52","slug":"camelion-ag8-10bb-v391-baterija","status":"publish","type":"product","link":"https:\/\/ddt.lv\/lv\/product\/camelion-ag8-10bb-v391-baterija\/","title":{"rendered":"CAMELION AG8-10BB V391 baterija"},"content":{"rendered":"<p>Uzticams baro\u0161anas avots un ilgm\u016b\u017e\u012bba ikdienas lieto\u0161anai da\u017e\u0101d\u0101s ier\u012bc\u0113s, piem\u0113ram, t\u0101lvad\u012bbas pult\u012bm, rota\u013cliet\u0101m, radioapar\u0101tiem, kalkulatoriem, tausti\u0146u gaism\u0101m, pulsometriem, velosip\u0113du spidometriem, pulkste\u0146iem, svariem, automa\u0161\u012bnu atsl\u0113g\u0101m, mini luktur\u012b\u0161iem.<br \/>\nAugstas kvalit\u0101tes s\u0101rma akumulators ar lielu jaudu.<br \/>\nPateicoties daudzaj\u0101m lietojumprogrammu ikon\u0101m, br\u012bdin\u0101jumus un lieto\u0161anas instrukcijas uz iepakojuma ir viegli atpaz\u012bt.<br \/>\nIlg\u0101ks uzglab\u0101\u0161anas laiks ar maksim\u0101lu nopl\u016bdes dro\u0161\u012bbu. Ide\u0101li piem\u0113rots ilgsto\u0161ai past\u0101v\u012bgai ener\u0123ijas izvadei (ilgtermi\u0146a stabilit\u0101te).<br \/>\nCAMELION Alkaline baterijas atbilst jaunajai ES vides direkt\u012bvai 2013\/56\/ES.<br \/>\nNesatur smagos met\u0101lus (videi draudz\u012bgs). Pieejams blisteros pa 10.<br \/>\nPolarit\u0101te (+\/-) ir skaidri mar\u0137\u0113ta un aizsarg\u0101 lietot\u0101ju no nepareizas ievieto\u0161anas vai \u012bssavienojuma. Nav atk\u0101rtoti uzl\u0101d\u0113jams. Stabils spriegums augst\u0101m pras\u012bb\u0101m. Augsta veiktsp\u0113ja.<\/p>","protected":false},"excerpt":{"rendered":"<p>Uzticams baro\u0161anas avots un ilgm\u016b\u017e\u012bba ikdienas lieto\u0161anai da\u017e\u0101d\u0101s ier\u012bc\u0113s, piem\u0113ram, t\u0101lvad\u012bbas pult\u012bm, rota\u013cliet\u0101m, radioapar\u0101tiem, kalkulatoriem, tausti\u0146u gaism\u0101m, pulsometriem, velosip\u0113du spidometriem, pulkste\u0146iem, svariem, automa\u0161\u012bnu atsl\u0113g\u0101m, mini luktur\u012b\u0161iem. Augstas kvalit\u0101tes s\u0101rma akumulators ar lielu jaudu. Pateicoties daudzaj\u0101m lietojumprogrammu ikon\u0101m, br\u012bdin\u0101jumus un lieto\u0161anas instrukcijas uz iepakojuma ir viegli atpaz\u012bt. Ilg\u0101ks uzglab\u0101\u0161anas laiks ar maksim\u0101lu nopl\u016bdes dro\u0161\u012bbu. Ide\u0101li piem\u0113rots [&hellip;]<\/p>\n","protected":false},"featured_media":40035,"comment_status":"closed","ping_status":"closed","template":"","meta":{"inline_featured_image":false},"product_cat":[452],"product_tag":[],"yst_prominent_words":[],"class_list":{"0":"post-39702","1":"product","2":"type-product","3":"status-publish","4":"has-post-thumbnail","6":"product_cat-pulkstenu-baterijas","8":"first","9":"instock","10":"taxable","11":"shipping-taxable","12":"purchasable","13":"product-type-simple"},"jetpack_sharing_enabled":true,"_links":{"self":[{"href":"https:\/\/ddt.lv\/lv\/wp-json\/wp\/v2\/product\/39702"}],"collection":[{"href":"https:\/\/ddt.lv\/lv\/wp-json\/wp\/v2\/product"}],"about":[{"href":"https:\/\/ddt.lv\/lv\/wp-json\/wp\/v2\/types\/product"}],"replies":[{"embeddable":true,"href":"https:\/\/ddt.lv\/lv\/wp-json\/wp\/v2\/comments?post=39702"}],"wp:featuredmedia":[{"embeddable":true,"href":"https:\/\/ddt.lv\/lv\/wp-json\/wp\/v2\/media\/40035"}],"wp:attachment":[{"href":"https:\/\/ddt.lv\/lv\/wp-json\/wp\/v2\/media?parent=39702"}],"wp:term":[{"taxonomy":"product_cat","embeddable":true,"href":"https:\/\/ddt.lv\/lv\/wp-json\/wp\/v2\/product_cat?post=39702"},{"taxonomy":"product_tag","embeddable":true,"href":"https:\/\/ddt.lv\/lv\/wp-json\/wp\/v2\/product_tag?post=39702"},{"taxonomy":"yst_prominent_words","embeddable":true,"href":"https:\/\/ddt.lv\/lv\/wp-json\/wp\/v2\/yst_prominent_words?post=39702"}],"curies":[{"name":"wp","href":"https:\/\/api.w.org\/{rel}","templated":true}]}}