{"id":39695,"date":"2024-05-21T15:00:25","date_gmt":"2024-05-21T12:00:25","guid":{"rendered":"https:\/\/ddt.lv\/lv\/product\/57687-lcd-plug-ladejama-ierice-4xaa-2600mah-bl1-varta\/"},"modified":"2026-04-27T08:42:08","modified_gmt":"2026-04-27T05:42:08","slug":"57687-lcd-plug-ladejama-ierice-4xaa-2600mah-bl1-varta","status":"publish","type":"product","link":"https:\/\/ddt.lv\/lv\/product\/57687-lcd-plug-ladejama-ierice-4xaa-2600mah-bl1-varta\/","title":{"rendered":"57687 LCD PLUG+ L\u0101d\u0113jam\u0101 ier\u012bce 4XAA 2600mAh BL1 VARTA"},"content":{"rendered":"<p>57687 LCD PLUG+ L\u0101d\u0113jam\u0101 ier\u012bce 4XAA 2600mAh BL1 no ra\u017eot\u0101ja VARTA<\/p>\n<p>L\u0101d\u0113t\u0101js \u013cauj uzl\u0101d\u0113t 1 l\u012bdz 4 AA vai AAA baterijas (uzl\u0101d\u0113 4 x AA baterijas tikai 4 stund\u0101s)<br \/>\nTas ar\u012b uzl\u0101d\u0113 1x 9V akumulatoru un USB ier\u012bces<br \/>\nPateicoties uzlabotajam LCD ekr\u0101nam, kas par\u0101da V, mA un min, to ir viegl\u0101k vad\u012bt<br \/>\nTas var atkl\u0101t sliktas (nepiem\u0113rotas vai boj\u0101tas) akumulatora \u0161\u016bnas<br \/>\nDro\u0161\u012bbas elementi ietver m\u012bnus Delta V sprieguma kontroles metodi, taimeri, nepareizu polarit\u0101ti un aizsardz\u012bbu pret \u012bssavienojumu<br \/>\nNetr\u016bkst temperat\u016bras kontroles un apkopes re\u017e\u012bma<br \/>\nTam nepiecie\u0161ams glob\u0101ls spriegums, t\u0101p\u0113c to var izmantot vis\u0101 pasaul\u0113<br \/>\nIepakojum\u0101 ir 4x AA Recharge Accu Power (2100 mAh)<\/p>","protected":false},"excerpt":{"rendered":"<p>57687 LCD PLUG+ L\u0101d\u0113jam\u0101 ier\u012bce 4XAA 2600mAh BL1 no ra\u017eot\u0101ja VARTA L\u0101d\u0113t\u0101js \u013cauj uzl\u0101d\u0113t 1 l\u012bdz 4 AA vai AAA baterijas (uzl\u0101d\u0113 4 x AA baterijas tikai 4 stund\u0101s) Tas ar\u012b uzl\u0101d\u0113 1x 9V akumulatoru un USB ier\u012bces Pateicoties uzlabotajam LCD ekr\u0101nam, kas par\u0101da V, mA un min, to ir viegl\u0101k vad\u012bt Tas var atkl\u0101t [&hellip;]<\/p>\n","protected":false},"featured_media":39989,"comment_status":"closed","ping_status":"closed","template":"","meta":{"inline_featured_image":false},"product_cat":[772,453],"product_tag":[],"yst_prominent_words":[],"class_list":{"0":"post-39695","1":"product","2":"type-product","3":"status-publish","4":"has-post-thumbnail","6":"product_cat-atlaides","7":"product_cat-ladesanas-ierices","9":"first","10":"instock","11":"sale","12":"taxable","13":"shipping-taxable","14":"purchasable","15":"product-type-simple"},"jetpack_sharing_enabled":true,"_links":{"self":[{"href":"https:\/\/ddt.lv\/lv\/wp-json\/wp\/v2\/product\/39695"}],"collection":[{"href":"https:\/\/ddt.lv\/lv\/wp-json\/wp\/v2\/product"}],"about":[{"href":"https:\/\/ddt.lv\/lv\/wp-json\/wp\/v2\/types\/product"}],"replies":[{"embeddable":true,"href":"https:\/\/ddt.lv\/lv\/wp-json\/wp\/v2\/comments?post=39695"}],"wp:featuredmedia":[{"embeddable":true,"href":"https:\/\/ddt.lv\/lv\/wp-json\/wp\/v2\/media\/39989"}],"wp:attachment":[{"href":"https:\/\/ddt.lv\/lv\/wp-json\/wp\/v2\/media?parent=39695"}],"wp:term":[{"taxonomy":"product_cat","embeddable":true,"href":"https:\/\/ddt.lv\/lv\/wp-json\/wp\/v2\/product_cat?post=39695"},{"taxonomy":"product_tag","embeddable":true,"href":"https:\/\/ddt.lv\/lv\/wp-json\/wp\/v2\/product_tag?post=39695"},{"taxonomy":"yst_prominent_words","embeddable":true,"href":"https:\/\/ddt.lv\/lv\/wp-json\/wp\/v2\/yst_prominent_words?post=39695"}],"curies":[{"name":"wp","href":"https:\/\/api.w.org\/{rel}","templated":true}]}}