{"id":39662,"date":"2024-05-15T08:40:23","date_gmt":"2024-05-15T05:40:23","guid":{"rendered":"https:\/\/ddt.lv\/lv\/product\/39662\/"},"modified":"2026-04-16T12:30:24","modified_gmt":"2026-04-16T09:30:24","slug":"39662","status":"publish","type":"product","link":"https:\/\/ddt.lv\/lv\/product\/universalas-savienotajklemmes-5-vadu-32a-450v-0-2-4mm2-25-gab-wago-j\/","title":{"rendered":"Univers\u0101las savienot\u0101jklemmes 5-vadu 32A\/450V 0.2-4mm2\/ 25 gab WAGO J"},"content":{"rendered":"<p>Univers\u0101las savienot\u0101jklemmes 5-vadu 32A\/450V 0.2-4mm2\/ iepakojum\u0101 &#8211; 25 gab no ra\u017eot\u0101ja WAGO J<\/p>","protected":false},"excerpt":{"rendered":"<p>Univers\u0101las savienot\u0101jklemmes 5-vadu 32A\/450V 0.2-4mm2\/ iepakojum\u0101 &#8211; 25 gab no ra\u017eot\u0101ja WAGO J<\/p>\n","protected":false},"featured_media":39930,"comment_status":"closed","ping_status":"closed","template":"","meta":{"inline_featured_image":false},"product_cat":[1419],"product_tag":[],"yst_prominent_words":[],"class_list":{"0":"post-39662","1":"product","2":"type-product","3":"status-publish","4":"has-post-thumbnail","6":"product_cat-savienotajklemmes","8":"first","9":"outofstock","10":"taxable","11":"shipping-taxable","12":"purchasable","13":"product-type-simple"},"jetpack_sharing_enabled":true,"_links":{"self":[{"href":"https:\/\/ddt.lv\/lv\/wp-json\/wp\/v2\/product\/39662"}],"collection":[{"href":"https:\/\/ddt.lv\/lv\/wp-json\/wp\/v2\/product"}],"about":[{"href":"https:\/\/ddt.lv\/lv\/wp-json\/wp\/v2\/types\/product"}],"replies":[{"embeddable":true,"href":"https:\/\/ddt.lv\/lv\/wp-json\/wp\/v2\/comments?post=39662"}],"wp:featuredmedia":[{"embeddable":true,"href":"https:\/\/ddt.lv\/lv\/wp-json\/wp\/v2\/media\/39930"}],"wp:attachment":[{"href":"https:\/\/ddt.lv\/lv\/wp-json\/wp\/v2\/media?parent=39662"}],"wp:term":[{"taxonomy":"product_cat","embeddable":true,"href":"https:\/\/ddt.lv\/lv\/wp-json\/wp\/v2\/product_cat?post=39662"},{"taxonomy":"product_tag","embeddable":true,"href":"https:\/\/ddt.lv\/lv\/wp-json\/wp\/v2\/product_tag?post=39662"},{"taxonomy":"yst_prominent_words","embeddable":true,"href":"https:\/\/ddt.lv\/lv\/wp-json\/wp\/v2\/yst_prominent_words?post=39662"}],"curies":[{"name":"wp","href":"https:\/\/api.w.org\/{rel}","templated":true}]}}