{"id":39661,"date":"2024-05-15T08:40:23","date_gmt":"2024-05-15T05:40:23","guid":{"rendered":"https:\/\/ddt.lv\/lv\/product\/atslega-trisstura-elektribas-skapim-plastmasas\/"},"modified":"2026-04-13T09:50:49","modified_gmt":"2026-04-13T06:50:49","slug":"atslega-trisstura-elektribas-skapim-plastmasas","status":"publish","type":"product","link":"https:\/\/ddt.lv\/lv\/product\/atslega-trisstura-elektribas-skapim-plastmasas\/","title":{"rendered":"Atsl\u0113ga tr\u012bsst\u016bra elektr\u012bbas skapim plastmasas"},"content":{"rendered":"","protected":false},"excerpt":{"rendered":"","protected":false},"featured_media":39931,"comment_status":"closed","ping_status":"closed","template":"","meta":{"inline_featured_image":false},"product_cat":[1657],"product_tag":[],"yst_prominent_words":[],"class_list":{"0":"post-39661","1":"product","2":"type-product","3":"status-publish","4":"has-post-thumbnail","6":"product_cat-drosinataji-skruvnoslegi-u-c","8":"first","9":"instock","10":"taxable","11":"shipping-taxable","12":"purchasable","13":"product-type-simple"},"jetpack_sharing_enabled":true,"_links":{"self":[{"href":"https:\/\/ddt.lv\/lv\/wp-json\/wp\/v2\/product\/39661"}],"collection":[{"href":"https:\/\/ddt.lv\/lv\/wp-json\/wp\/v2\/product"}],"about":[{"href":"https:\/\/ddt.lv\/lv\/wp-json\/wp\/v2\/types\/product"}],"replies":[{"embeddable":true,"href":"https:\/\/ddt.lv\/lv\/wp-json\/wp\/v2\/comments?post=39661"}],"wp:featuredmedia":[{"embeddable":true,"href":"https:\/\/ddt.lv\/lv\/wp-json\/wp\/v2\/media\/39931"}],"wp:attachment":[{"href":"https:\/\/ddt.lv\/lv\/wp-json\/wp\/v2\/media?parent=39661"}],"wp:term":[{"taxonomy":"product_cat","embeddable":true,"href":"https:\/\/ddt.lv\/lv\/wp-json\/wp\/v2\/product_cat?post=39661"},{"taxonomy":"product_tag","embeddable":true,"href":"https:\/\/ddt.lv\/lv\/wp-json\/wp\/v2\/product_tag?post=39661"},{"taxonomy":"yst_prominent_words","embeddable":true,"href":"https:\/\/ddt.lv\/lv\/wp-json\/wp\/v2\/yst_prominent_words?post=39661"}],"curies":[{"name":"wp","href":"https:\/\/api.w.org\/{rel}","templated":true}]}}