{"id":39624,"date":"2024-05-04T22:40:30","date_gmt":"2024-05-04T19:40:30","guid":{"rendered":"https:\/\/ddt.lv\/lv\/product\/iebuv-led-gaism-36w-3600lm-4000k-ip20-595x595mm-balts\/"},"modified":"2026-04-06T11:02:40","modified_gmt":"2026-04-06T08:02:40","slug":"iebuv-led-gaism-36w-3600lm-4000k-ip20-595x595mm-balts","status":"publish","type":"product","link":"https:\/\/ddt.lv\/lv\/product\/iebuv-led-gaism-36w-3600lm-4000k-ip20-595x595mm-balts\/","title":{"rendered":"Ieb\u016bv. LED gaism. 36W 3600lm 4000K IP20 595x595mm balts EMOS"},"content":{"rendered":"<p>Ieb\u016bv\u0113ts LED gaismeklis 36W 3600lm 4000K IP20 595x595mm balts no ra\u017eot\u0101ja Emos.<\/p>\n<p>LED gaismeklis ir paredz\u0113ts lieto\u0161anai iek\u0161telp\u0101s un tas ir j\u0101piestiprina pie cietas pamatnes.<br \/>\nAizsardz\u012bbas klase IP20 \u2013 lieto\u0161anai telp\u0101s<br \/>\nUzst\u0101d\u012b\u0161ana<br \/>\nCie\u0161i nostipriniet lampu uz cietas pamatnes, piem\u0113ram, sienas, griestiem u. tml.<br \/>\nPiesl\u0113dziet baro\u0161anas vadu pie 230 V AC elektrot\u012bkla.<br \/>\nPiesl\u0113g\u0161anas vad\u012bt\u0101ju aizliegts piesl\u0113gt elektrot\u012bklam uzst\u0101d\u012b\u0161anas laik\u0101. \u0160o proced\u016bru at\u013cauts veikt vien\u012bgi pilnvarotai personai.<br \/>\nBR\u012aDIN\u0100JUMI<br \/>\n\u2022 Gaismeklis ir piln\u012bb\u0101 piem\u0113rots past\u0101v\u012bgai piestiprin\u0101\u0161anai.<br \/>\n\u2022 Gaismekli dr\u012bkst piesl\u0113gt vien\u012bgi elektrosadales t\u012bklam, kura instal\u0101cija un aizsardz\u012bba atbilst piem\u0113rojamajiem standartiem.<br \/>\n\u2022 Pirms r\u012bko\u0161an\u0101s ar gaismekli vai pirms apkopes atvienojiet to no str\u0101vas. \u0160o proced\u016bru at\u013cauts veikt vien\u012bgi pilnvarotai personai.<br \/>\n\u2022 Ja k\u0101dai gaismek\u013ca deta\u013cai ir radies boj\u0101jums, nelietojiet gaismekli.<br \/>\n\u2022 LED mikrosh\u0113mas gaismek\u013ca iek\u0161pus\u0113 nav nomain\u0101mas.<br \/>\n\u2022 Neizmaniet gaismek\u013ca iek\u0161\u0113jo vadojumu.<br \/>\n\u2022 Ja gaismek\u013ca p\u0101rsegs ir sapl\u012bsis, neizmantojiet gaismekli<br \/>\nun nekav\u0113joties nomainiet sapl\u0113sto p\u0101rsegu ar jaunu.<\/p>","protected":false},"excerpt":{"rendered":"<p>Ieb\u016bv\u0113ts LED gaismeklis 36W 3600lm 4000K IP20 595x595mm balts no ra\u017eot\u0101ja Emos. LED gaismeklis ir paredz\u0113ts lieto\u0161anai iek\u0161telp\u0101s un tas ir j\u0101piestiprina pie cietas pamatnes. Aizsardz\u012bbas klase IP20 \u2013 lieto\u0161anai telp\u0101s Uzst\u0101d\u012b\u0161ana Cie\u0161i nostipriniet lampu uz cietas pamatnes, piem\u0113ram, sienas, griestiem u. tml. Piesl\u0113dziet baro\u0161anas vadu pie 230 V AC elektrot\u012bkla. Piesl\u0113g\u0161anas vad\u012bt\u0101ju aizliegts piesl\u0113gt [&hellip;]<\/p>\n","protected":false},"featured_media":39857,"comment_status":"closed","ping_status":"closed","template":"","meta":{"inline_featured_image":false},"product_cat":[772,924],"product_tag":[],"yst_prominent_words":[],"class_list":{"0":"post-39624","1":"product","2":"type-product","3":"status-publish","4":"has-post-thumbnail","6":"product_cat-atlaides","7":"product_cat-led-paneli","9":"first","10":"instock","11":"sale","12":"taxable","13":"shipping-taxable","14":"purchasable","15":"product-type-simple"},"jetpack_sharing_enabled":true,"_links":{"self":[{"href":"https:\/\/ddt.lv\/lv\/wp-json\/wp\/v2\/product\/39624"}],"collection":[{"href":"https:\/\/ddt.lv\/lv\/wp-json\/wp\/v2\/product"}],"about":[{"href":"https:\/\/ddt.lv\/lv\/wp-json\/wp\/v2\/types\/product"}],"replies":[{"embeddable":true,"href":"https:\/\/ddt.lv\/lv\/wp-json\/wp\/v2\/comments?post=39624"}],"wp:featuredmedia":[{"embeddable":true,"href":"https:\/\/ddt.lv\/lv\/wp-json\/wp\/v2\/media\/39857"}],"wp:attachment":[{"href":"https:\/\/ddt.lv\/lv\/wp-json\/wp\/v2\/media?parent=39624"}],"wp:term":[{"taxonomy":"product_cat","embeddable":true,"href":"https:\/\/ddt.lv\/lv\/wp-json\/wp\/v2\/product_cat?post=39624"},{"taxonomy":"product_tag","embeddable":true,"href":"https:\/\/ddt.lv\/lv\/wp-json\/wp\/v2\/product_tag?post=39624"},{"taxonomy":"yst_prominent_words","embeddable":true,"href":"https:\/\/ddt.lv\/lv\/wp-json\/wp\/v2\/yst_prominent_words?post=39624"}],"curies":[{"name":"wp","href":"https:\/\/api.w.org\/{rel}","templated":true}]}}