{"id":39623,"date":"2024-05-04T22:40:30","date_gmt":"2024-05-04T19:40:30","guid":{"rendered":"https:\/\/ddt.lv\/lv\/product\/iebuv-led-panelis-30w-4200lm-4000k-ip44-20-595x595mm-balts\/"},"modified":"2026-04-22T08:47:45","modified_gmt":"2026-04-22T05:47:45","slug":"iebuv-led-panelis-30w-4200lm-4000k-ip44-20-595x595mm-balts","status":"publish","type":"product","link":"https:\/\/ddt.lv\/lv\/product\/iebuv-led-panelis-30w-4200lm-4000k-ip44-20-595x595mm-balts\/","title":{"rendered":"LED panelis LEXXO, 60 x 60 cm, 30W, 4200 lm, 4000K neitr\u0101li balts, IP44\/IP20 EMOS"},"content":{"rendered":"<p><\/p>\n<h2 data-start=\"206\" data-end=\"274\">LED ieb\u016bv\u0113jamais panelis LEXXO \u2013 jaud\u012bgs un elegants apgaismojums<\/h2>\n<p data-start=\"276\" data-end=\"595\"><strong data-start=\"276\" data-end=\"320\">LEXXO LED panelis ar backlit tehnolo\u0123iju<\/strong> nodro\u0161ina kvalitat\u012bvu un vienm\u0113r\u012bgu apgaismojumu ar augstu gaismas pl\u016bsmu <strong data-start=\"395\" data-end=\"407\">4 200 lm<\/strong> un lielisku gaismas efektivit\u0101ti <strong data-start=\"441\" data-end=\"453\">140 lm\/W<\/strong>. Pat\u012bkami izklied\u0113t\u0101 <strong data-start=\"475\" data-end=\"510\">neitr\u0101li balt\u0101 gaisma (4 000 K)<\/strong> ir tuva dabiskajai dienasgaismai, padarot to ide\u0101li piem\u0113rotu darba un m\u0101c\u012bbu videi.<\/p>\n<p data-start=\"597\" data-end=\"760\">\u0160is <strong data-start=\"601\" data-end=\"629\">LED ieb\u016bv\u0113jamais panelis<\/strong> ir piem\u0113rots ne tikai birojiem, veikaliem un klas\u0113m, bet ar\u012b telp\u0101m ar paaugstin\u0101tu mitrumu, pateicoties <strong data-start=\"735\" data-end=\"759\">IP44\/20 aizsardz\u012bbai<\/strong>.<\/p>\n<h3 data-start=\"762\" data-end=\"787\">Vienk\u0101r\u0161a uzst\u0101d\u012b\u0161ana<\/h3>\n<p data-start=\"788\" data-end=\"990\">LEXXO paredz\u0113ts <strong data-start=\"804\" data-end=\"835\">rastera griestiem (ieb\u016bvei)<\/strong>, ta\u010du to iesp\u0113jams uzst\u0101d\u012bt ar\u012b citos veidos. Izmantojot <strong data-start=\"893\" data-end=\"917\">ZR9036 mont\u0101\u017eas r\u0101mi<\/strong> (nav iek\u013cauts komplekt\u0101), paneli var uzst\u0101d\u012bt k\u0101 virsapmetuma gaismekli.<\/p>\n<h3 data-start=\"992\" data-end=\"1015\">Ilgm\u016b\u017e\u012bga kvalit\u0101te<\/h3>\n<p data-start=\"1016\" data-end=\"1141\">LEXXO LED panelis nodro\u0161ina ilgu kalpo\u0161anas laiku un uzticamu darb\u012bbu. Par augsto kvalit\u0101ti liecina ar\u012b <strong data-start=\"1120\" data-end=\"1140\">5 gadu garantija<\/strong>.<\/p>\n<p data-start=\"1143\" data-end=\"1170\"><strong data-start=\"1143\" data-end=\"1170\">Galven\u0101s priek\u0161roc\u012bbas:<\/strong><\/p>\n<ul data-start=\"1171\" data-end=\"1394\">\n<li data-start=\"1171\" data-end=\"1212\">\n<p data-start=\"1173\" data-end=\"1212\">4 200 lm jauda, 140 lm\/W efektivit\u0101te<\/p>\n<\/li>\n<li data-start=\"1213\" data-end=\"1256\">\n<p data-start=\"1215\" data-end=\"1256\">Backlit tehnolo\u0123ija vienm\u0113r\u012bgai gaismai<\/p>\n<\/li>\n<li data-start=\"1257\" data-end=\"1290\">\n<p data-start=\"1259\" data-end=\"1290\">Neitr\u0101li balta gaisma 4 000 K<\/p>\n<\/li>\n<li data-start=\"1291\" data-end=\"1314\">\n<p data-start=\"1293\" data-end=\"1314\">IP44\/20 aizsardz\u012bba<\/p>\n<\/li>\n<li data-start=\"1315\" data-end=\"1373\">\n<p data-start=\"1317\" data-end=\"1373\">Piem\u0113rots birojiem, skol\u0101m, veikaliem un mitr\u0101m telp\u0101m<\/p>\n<\/li>\n<li data-start=\"1374\" data-end=\"1394\">\n<p data-start=\"1376\" data-end=\"1394\">5 gadu garantija<\/p>\n<\/li>\n<\/ul>\n<p><\/p>","protected":false},"excerpt":{"rendered":"<p>LED ieb\u016bv\u0113jamais panelis LEXXO \u2013 jaud\u012bgs un elegants apgaismojums LEXXO LED panelis ar backlit tehnolo\u0123iju nodro\u0161ina kvalitat\u012bvu un vienm\u0113r\u012bgu apgaismojumu ar augstu gaismas pl\u016bsmu 4 200 lm un lielisku gaismas efektivit\u0101ti 140 lm\/W. Pat\u012bkami izklied\u0113t\u0101 neitr\u0101li balt\u0101 gaisma (4 000 K) ir tuva dabiskajai dienasgaismai, padarot to ide\u0101li piem\u0113rotu darba un m\u0101c\u012bbu videi. \u0160is LED [&hellip;]<\/p>\n","protected":false},"featured_media":102119,"comment_status":"closed","ping_status":"closed","template":"","meta":{"inline_featured_image":false},"product_cat":[772,924],"product_tag":[],"yst_prominent_words":[],"class_list":{"0":"post-39623","1":"product","2":"type-product","3":"status-publish","4":"has-post-thumbnail","6":"product_cat-atlaides","7":"product_cat-led-paneli","9":"first","10":"instock","11":"sale","12":"taxable","13":"shipping-taxable","14":"purchasable","15":"product-type-simple"},"jetpack_sharing_enabled":true,"_links":{"self":[{"href":"https:\/\/ddt.lv\/lv\/wp-json\/wp\/v2\/product\/39623"}],"collection":[{"href":"https:\/\/ddt.lv\/lv\/wp-json\/wp\/v2\/product"}],"about":[{"href":"https:\/\/ddt.lv\/lv\/wp-json\/wp\/v2\/types\/product"}],"replies":[{"embeddable":true,"href":"https:\/\/ddt.lv\/lv\/wp-json\/wp\/v2\/comments?post=39623"}],"wp:featuredmedia":[{"embeddable":true,"href":"https:\/\/ddt.lv\/lv\/wp-json\/wp\/v2\/media\/102119"}],"wp:attachment":[{"href":"https:\/\/ddt.lv\/lv\/wp-json\/wp\/v2\/media?parent=39623"}],"wp:term":[{"taxonomy":"product_cat","embeddable":true,"href":"https:\/\/ddt.lv\/lv\/wp-json\/wp\/v2\/product_cat?post=39623"},{"taxonomy":"product_tag","embeddable":true,"href":"https:\/\/ddt.lv\/lv\/wp-json\/wp\/v2\/product_tag?post=39623"},{"taxonomy":"yst_prominent_words","embeddable":true,"href":"https:\/\/ddt.lv\/lv\/wp-json\/wp\/v2\/yst_prominent_words?post=39623"}],"curies":[{"name":"wp","href":"https:\/\/api.w.org\/{rel}","templated":true}]}}