{"id":39620,"date":"2024-05-04T22:00:29","date_gmt":"2024-05-04T19:00:29","guid":{"rendered":"https:\/\/ddt.lv\/lv\/product\/pagarinatajs-metala-stativa-4-25m-1-5mm-a-zem-ar-fix-pvc-ip20-melns-emos\/"},"modified":"2026-04-22T08:47:43","modified_gmt":"2026-04-22T05:47:43","slug":"pagarinatajs-metala-stativa-4-25m-1-5mm-a-zem-ar-fix-pvc-ip20-melns-emos","status":"publish","type":"product","link":"https:\/\/ddt.lv\/lv\/product\/pagarinatajs-metala-stativa-4-25m-1-5mm-a-zem-ar-fix-pvc-ip20-melns-emos\/","title":{"rendered":"Pagarin\u0101t\u0101js met\u0101la stat\u012bv\u0101 4\/25m 1.5mm a\/zem ar fix PVC IP20 melns EMOS"},"content":{"rendered":"<p>Pagarin\u0101t\u0101js met\u0101la stat\u012bv\u0101 4\/25m 1.5mm a\/zem ar fix PVC IP20 melns no ra\u017eot\u0101ja EMOS.<\/p>\n<div class=\"emos-row-bg\">\n<div class=\"emos-row\">\n<div class=\"emos-box-1of2\">\n<div class=\"emos-box-text\">\n<h3>Uz pagarin\u0101t\u0101ju spoles 25 m ar fiks\u0113tu centru un 4 kontaktligzd\u0101m.<\/h3>\n<p>\u0160odien vair\u0101k nek\u0101 jebkad agr\u0101k laiks ir nauda. T\u0101p\u0113c net\u0113r\u0113jiet to velti ar darba r\u012bkiem, kas nav t\u0101 v\u0113rti. Apr\u012bkojiet sevi tikai ar t\u0101du, kam ir kaut kas papildus sal\u012bdzin\u0101jum\u0101 ar citiem. EMOS pagarin\u0101t\u0101js\u00a0<strong>25 m<\/strong>\u00a0pied\u0101v\u0101\u00a0<strong>4 kontaktligzdas, fiks\u0113tu centru, termisko dro\u0161in\u0101t\u0101ju, bremzi, spir\u0101li<\/strong>, kas izgatavota no gandr\u012bz\u00a0<strong>nep\u0101rpl\u012bsto\u0161as ABS plastmasas<\/strong>\u00a0(iztur nejau\u0161u kritienu) un\u00a0<strong>met\u0101la r\u0101mi.\u00a0<\/strong>Ja par to labi r\u016bp\u0113sieties, tas kalpos jums visu m\u016b\u017eu.<\/p>\n<p>Praktiskais\u00a0<strong>cietais centrs<\/strong>\u00a0nov\u0113r\u0161\u00a0<strong>nejau\u0161u kabe\u013cu sap\u012b\u0161anos<\/strong>\u00a0un iev\u0113rojami\u00a0<strong>uzlabo piesl\u0113gto elektroier\u012b\u010du apstr\u0101di<\/strong>.<\/p>\n<\/div>\n<\/div>\n<\/div>\n<\/div>\n<div class=\"emos-row-bg\">\n<div class=\"emos-row\">\n<div class=\"emos-box-1of2\">\n<div class=\"emos-box-text\">\n<p>Parastie pagarin\u0101t\u0101ju kabe\u013ci, kas atrodas uz trumu\u013ca, att\u012bstoties grie\u017eas visapk\u0101rt, un pievienotie elektroinstrumentu kabe\u013ci\u00a0<strong>saskaras viens ar otru.<\/strong><\/p>\n<p>At\u0161\u0137ir\u012bb\u0101 no tiem EMOS pagarin\u0101t\u0101ja trumulim ir fiks\u0113ts centrs un j\u016bs\u00a0<strong>varat ar to manipul\u0113t p\u0113c vajadz\u012bbas, pat ja ir pievienoti elektroinstrumenti.\u00a0<\/strong>Tas jums nerad\u012bs papildu darbu!<\/p>\n<p>Darbn\u012bcai, gar\u0101\u017eai un m\u0101jai<\/p>\n<\/div>\n<\/div>\n<\/div>\n<\/div>\n<div class=\"emos-row-bg\">\n<div class=\"emos-row\">\n<div class=\"emos-box-1of2\">\n<div class=\"emos-box-text\">\n<p>Kabelis\u00a0<strong>25 m<\/strong>\u00a0ar\u00a0<strong>augstas kvalit\u0101tes \u0101r\u0113jo PVC apvalku<\/strong>\u00a0un\u00a0<strong>1,5 mm\u00b2<\/strong>\u00a0vadiem ir ide\u0101li piem\u0113rots darbiem iek\u0161telp\u0101s. Rot\u0113jo\u0161ais cilindrs padara darbu ar to \u0113rtu, \u0101tru un vienk\u0101r\u0161u.<\/p>\n<\/div>\n<\/div>\n<\/div>\n<\/div>\n<div class=\"emos-row-bg\">\n<div class=\"emos-row\">\n<div class=\"emos-box-1of2\">\n<div class=\"emos-box-text\">\n<p>Atvelciet pagarin\u0101t\u0101ju no cilindra, lai atvieglotu darbu. Lai padar\u012btu \u0113rtu pat t\u0101l\u0101ku troses uzt\u012b\u0161anu, spole ir apr\u012bkotas ar <strong>fiksatoru<\/strong>, kas nov\u0113r\u0161 kabe\u013ca savilk\u0161anos un sap\u012b\u0161anos.<\/p>\n<p>Lai padar\u012btu \u0113rt\u0101ku spoles transport\u0113\u0161anu un <strong>nov\u0113rstu nejau\u0161u kabe\u013ca izvilk\u0161anu<\/strong>, spole ir apr\u012bkotas ar <strong>bremzi<\/strong>, kas dro\u0161i nov\u0113r\u0161 nev\u0113lamu spoles korpusa grie\u0161anos.<\/p>\n<p>Dro\u0161\u012bba pirmaj\u0101 viet\u0101<\/p>\n<\/div>\n<\/div>\n<\/div>\n<\/div>\n<div class=\"emos-row-bg\">\n<div class=\"emos-row\">\n<div class=\"emos-box-1of2\">\n<div class=\"emos-box-text\">\n<p>Ieb\u016bv\u0113tais\u00a0<strong>termiskais dro\u0161\u012bbas dro\u0161in\u0101t\u0101js\u00a0<\/strong>nodro\u0161ina dro\u0161u darbar\u012bku darb\u012bbu. Ja pagarin\u0101t\u0101js tiks p\u0101rslogots un sakarst l\u012bdz termisk\u0101 dro\u0161in\u0101t\u0101ja iestat\u012btajai robe\u017eai,\u00a0<strong>\u0137\u0113de tiks p\u0101rtraukta un nenotiks kabe\u013ca boj\u0101jumi vai ugunsgr\u0113ks.<\/strong><\/p>\n<p>Ja t\u0101 temperat\u016bra pazemin\u0101sies, k\u0101 ar\u012b J\u016bsu noguruma l\u012bmenis samazin\u0101sies, J\u016bs var\u0113siet atgriezties pie darba.<\/p>\n<\/div>\n<\/div>\n<\/div>\n<\/div>\n<p><\/p>","protected":false},"excerpt":{"rendered":"<p>Pagarin\u0101t\u0101js met\u0101la stat\u012bv\u0101 4\/25m 1.5mm a\/zem ar fix PVC IP20 melns no ra\u017eot\u0101ja EMOS. Uz pagarin\u0101t\u0101ju spoles 25 m ar fiks\u0113tu centru un 4 kontaktligzd\u0101m. \u0160odien vair\u0101k nek\u0101 jebkad agr\u0101k laiks ir nauda. T\u0101p\u0113c net\u0113r\u0113jiet to velti ar darba r\u012bkiem, kas nav t\u0101 v\u0113rti. Apr\u012bkojiet sevi tikai ar t\u0101du, kam ir kaut kas papildus sal\u012bdzin\u0101jum\u0101 [&hellip;]<\/p>\n","protected":false},"featured_media":39845,"comment_status":"closed","ping_status":"closed","template":"","meta":{"inline_featured_image":false},"product_cat":[1343],"product_tag":[],"yst_prominent_words":[],"class_list":{"0":"post-39620","1":"product","2":"type-product","3":"status-publish","4":"has-post-thumbnail","6":"product_cat-pagarinataji-spole","8":"first","9":"instock","10":"taxable","11":"shipping-taxable","12":"purchasable","13":"product-type-simple"},"jetpack_sharing_enabled":true,"_links":{"self":[{"href":"https:\/\/ddt.lv\/lv\/wp-json\/wp\/v2\/product\/39620"}],"collection":[{"href":"https:\/\/ddt.lv\/lv\/wp-json\/wp\/v2\/product"}],"about":[{"href":"https:\/\/ddt.lv\/lv\/wp-json\/wp\/v2\/types\/product"}],"replies":[{"embeddable":true,"href":"https:\/\/ddt.lv\/lv\/wp-json\/wp\/v2\/comments?post=39620"}],"wp:featuredmedia":[{"embeddable":true,"href":"https:\/\/ddt.lv\/lv\/wp-json\/wp\/v2\/media\/39845"}],"wp:attachment":[{"href":"https:\/\/ddt.lv\/lv\/wp-json\/wp\/v2\/media?parent=39620"}],"wp:term":[{"taxonomy":"product_cat","embeddable":true,"href":"https:\/\/ddt.lv\/lv\/wp-json\/wp\/v2\/product_cat?post=39620"},{"taxonomy":"product_tag","embeddable":true,"href":"https:\/\/ddt.lv\/lv\/wp-json\/wp\/v2\/product_tag?post=39620"},{"taxonomy":"yst_prominent_words","embeddable":true,"href":"https:\/\/ddt.lv\/lv\/wp-json\/wp\/v2\/yst_prominent_words?post=39620"}],"curies":[{"name":"wp","href":"https:\/\/api.w.org\/{rel}","templated":true}]}}