{"id":39619,"date":"2024-05-04T21:40:30","date_gmt":"2024-05-04T18:40:30","guid":{"rendered":"https:\/\/ddt.lv\/lv\/product\/led-spuldze-emos-augstas-krasu-izskirtspejas-ra96-gu10-6w-230v-470lm-120-2700k\/"},"modified":"2026-04-09T08:45:52","modified_gmt":"2026-04-09T05:45:52","slug":"led-spuldze-emos-augstas-krasu-izskirtspejas-ra96-gu10-6w-230v-470lm-120-2700k","status":"publish","type":"product","link":"https:\/\/ddt.lv\/lv\/product\/led-spuldze-emos-augstas-krasu-izskirtspejas-ra96-gu10-6w-230v-470lm-120-2700k\/","title":{"rendered":"LED spuldze EMOS, augstas kr\u0101su iz\u0161kirtsp\u0113jas (Ra&gt;96), GU10 6W 230V 470lm 120&#8242; 2700K"},"content":{"rendered":"<p>LED spuldze, augstas kr\u0101su iz\u0161kirtsp\u0113jas (Ra&gt;96), GU10 6W 230V 470lm 120&#8242; 2700K no ra\u017eot\u0101ja Emos.<\/p>\n<p>&nbsp;<\/p>","protected":false},"excerpt":{"rendered":"<p>LED spuldze, augstas kr\u0101su iz\u0161kirtsp\u0113jas (Ra&gt;96), GU10 6W 230V 470lm 120&#8242; 2700K no ra\u017eot\u0101ja Emos. &nbsp;<\/p>\n","protected":false},"featured_media":39841,"comment_status":"closed","ping_status":"closed","template":"","meta":{"inline_featured_image":false},"product_cat":[772,852],"product_tag":[],"yst_prominent_words":[],"class_list":{"0":"post-39619","1":"product","2":"type-product","3":"status-publish","4":"has-post-thumbnail","6":"product_cat-atlaides","7":"product_cat-gu10-spuldzes","9":"first","10":"outofstock","11":"sale","12":"taxable","13":"shipping-taxable","14":"purchasable","15":"product-type-simple"},"jetpack_sharing_enabled":true,"_links":{"self":[{"href":"https:\/\/ddt.lv\/lv\/wp-json\/wp\/v2\/product\/39619"}],"collection":[{"href":"https:\/\/ddt.lv\/lv\/wp-json\/wp\/v2\/product"}],"about":[{"href":"https:\/\/ddt.lv\/lv\/wp-json\/wp\/v2\/types\/product"}],"replies":[{"embeddable":true,"href":"https:\/\/ddt.lv\/lv\/wp-json\/wp\/v2\/comments?post=39619"}],"wp:featuredmedia":[{"embeddable":true,"href":"https:\/\/ddt.lv\/lv\/wp-json\/wp\/v2\/media\/39841"}],"wp:attachment":[{"href":"https:\/\/ddt.lv\/lv\/wp-json\/wp\/v2\/media?parent=39619"}],"wp:term":[{"taxonomy":"product_cat","embeddable":true,"href":"https:\/\/ddt.lv\/lv\/wp-json\/wp\/v2\/product_cat?post=39619"},{"taxonomy":"product_tag","embeddable":true,"href":"https:\/\/ddt.lv\/lv\/wp-json\/wp\/v2\/product_tag?post=39619"},{"taxonomy":"yst_prominent_words","embeddable":true,"href":"https:\/\/ddt.lv\/lv\/wp-json\/wp\/v2\/yst_prominent_words?post=39619"}],"curies":[{"name":"wp","href":"https:\/\/api.w.org\/{rel}","templated":true}]}}