{"id":39616,"date":"2024-05-04T21:40:29","date_gmt":"2024-05-04T18:40:29","guid":{"rendered":"https:\/\/ddt.lv\/lv\/product\/led-gu10-4-8w-230v-450lm-4000k-cri-100-ra94-augstas-krasu-izskirtspejas-spuldze-emos\/"},"modified":"2026-04-08T14:42:06","modified_gmt":"2026-04-08T11:42:06","slug":"led-gu10-4-8w-230v-450lm-4000k-cri-100-ra94-augstas-krasu-izskirtspejas-spuldze-emos","status":"publish","type":"product","link":"https:\/\/ddt.lv\/lv\/product\/led-gu10-4-8w-230v-450lm-4000k-cri-100-ra94-augstas-krasu-izskirtspejas-spuldze-emos\/","title":{"rendered":"LED GU10 4.8W 230V 450lm 4000K CRI 100&#8242; Ra&gt;94 augstas kr\u0101su iz\u0161\u0137irtsp\u0113jas spuldze EMOS"},"content":{"rendered":"<p>LED GU10 4.8W 230V 450lm 4000K CRI 100&#8242; Ra&gt;94 augstas kr\u0101su iz\u0161\u0137irtsp\u0113jas spuldze no ra\u017eot\u0101ja EMOS<\/p>\n<div class=\"web__main\">\n<div class=\"web__main__content js-main-content\">\n<div class=\"web__line\">\n<div class=\"web__container\">\n<div class=\"box-detail\">\n<div class=\"box-detail__description\">\n<div class=\"box-detail__description__text\">\n<div class=\"in-user-text\">\n<div class=\"emos-row-bg\">\n<div class=\"emos-row\">\n<div class=\"emos-box-1of2\">\n<div class=\"emos-box-text\">\n<h3>\u00a0\u012aSTAS LIGHT spuldzes tavam vesel\u012bgam dz\u012bvesveidam<\/h3>\n<p><strong>Vai tu cen\u0161ies pozit\u012bvi ietekm\u0113t savu un savu tuvinieku vesel\u012bbu, piekopjot vesel\u012bgu dz\u012bvesveidu?<\/strong>\u00a0Vai tev ir atbild\u012bga attieksme pret savu vesel\u012bbu un tu atbalsti visu, kas tai n\u0101k par labu un nov\u0113r\u0161 negat\u012bvo ietekmi? Tad m\u0113s esam sagatavoju\u0161i unik\u0101lu\u00a0<strong>LED spuld\u017eu TRUE LIGHT kl\u0101stu.<\/strong>\u00a0LED spuldzes TRUE LIGHT\u00a0<strong>mazina izstaroto zilo gaismu<\/strong>, pateicoties \u012bpa\u0161am Bridgelux Thrive mikrosh\u0113mai. Pla\u0161ais pieejamo mode\u013cu kl\u0101sts atrad\u012bs pielietojumu vis\u0101s j\u016bsu m\u0101jas vai dz\u012bvok\u013ca da\u013c\u0101s. J\u016bs varat izv\u0113l\u0113ties no\u00a0<strong>da\u017e\u0101diem pieejamajiem tipiem<\/strong>\u00a0silt\u0101 un neitr\u0101l\u0101 balt\u0101 kr\u0101s\u0101.<\/p>\n<\/div>\n<\/div>\n<\/div>\n<\/div>\n<\/div>\n<\/div>\n<div class=\"emos-row-bg\">\n<div class=\"emos-row\">\n<div class=\"emos-box-1of2 small-order-2 medium-order-1\">\n<div class=\"emos-box-image\">Zil\u0101 gaisma pati par sevi nav kait\u012bga. T\u0101 ir gaismas sast\u0101vda\u013ca, kas <strong>ir ar\u012b dienas gaism\u0101.<\/strong>\u00a0Cilv\u0113ka bioritmu regul\u0113 dienas gaisma, un tas darbojas p\u0113c\u00a0<strong>l\u012bdzsvara principa, kad organisms ir pak\u013cauts zilajai gaismai,\u00a0un nakts, kad tas nav pak\u013cauts.\u00a0Telp\u0101 nakts laik\u0101 izdal\u0101s divi svar\u012bgi hormoni, kas ietekm\u0113 \u0161\u012b bioritma darb\u012bbu &#8211;\u00a0melaton\u012bns un seroton\u012bns.<\/strong><\/div>\n<\/div>\n<div class=\"emos-box-1of2\">\n<div class=\"emos-box-text\">\n<p><strong>Klasisko spuld\u017eu kr\u0101su spektrs<\/strong><\/p>\n<\/div>\n<\/div>\n<\/div>\n<\/div>\n<\/div>\n<div class=\"emos-row-bg\">\n<div class=\"emos-row\">\n<div class=\"emos-box-1of2\">\n<div class=\"emos-box-text\">\n<p><strong>Klasisk\u0101s LED spuldzes\u00a0ir popul\u0101rs un\u00a0\u013coti ekonomisks\u00a0apgaismojuma avots.\u00a0Tu gaisma nav kait\u012bga cilv\u0113ka organismam.\u00a0Ja v\u0113laties samazin\u0101t zil\u0101s gaismas ietekmi uz savu \u0137ermeni m\u0101j\u0101s, iesak\u0101m vismaz 1,5 stundas pirms gul\u0113tie\u0161anas p\u0101rtraukt skat\u012bties televizoru, datora monitoru un mobilo t\u0101lruni.<\/strong><\/p>\n<\/div>\n<\/div>\n<\/div>\n<\/div>\n<\/div>\n<div class=\"emos-row-bg\">\n<div class=\"emos-row\">\n<div class=\"emos-box-1of2 small-order-2 medium-order-1\">\n<div class=\"emos-box-image\"><strong>LED TRUE LIGHT spuld\u017eu kr\u0101su spektrs<\/strong><\/div>\n<\/div>\n<div class=\"emos-box-1of2\">\n<div class=\"emos-box-text\">\n<p><strong>LED TRUE LIGHT spuldzes samazina\u00a0zil\u0101s gaismas\u00a0izstaro\u0161anu<\/strong>\u00a0un veicina\u00a0<strong>cilv\u0113ka bioritma stabiliz\u0113\u0161anu.<\/strong>\u00a0T\u0101s veicina\u00a0<strong>miega hormona melaton\u012bna,\u00a0<\/strong>kas pal\u012bdz organismam atjaunoties, pareizu ra\u017eo\u0161anu. TRUE LIGHT LED spuldzes uz objektiem izstaro gaismu\u00a0<strong>dabiski un bez neviena kr\u0101su izkrop\u013cojuma.<\/strong><\/p>\n<\/div>\n<\/div>\n<\/div>\n<\/div>\n<\/div>\n<div class=\"emos-row-bg\">\n<div class=\"emos-row\">\n<div class=\"emos-box-1of2\">\n<div class=\"emos-box-text\">\n<h3>Sp\u0113siet lab\u0101k ar TRUE LIGHT<\/h3>\n<p>TRUE LIGHT LED spuldze izstaro\u00a0<strong>silti baltu gaismu<\/strong>\u00a0(2\u00a0700K) ir ide\u0101li piem\u0113rots viet\u0101m, kur v\u0113laties\u00a0<strong>atp\u016bsties<\/strong>,\u00a0<strong>las\u012bt<\/strong>\u00a0gr\u0101matu vai\u00a0<strong>atp\u016bsties<\/strong>\u00a0p\u0113c smagas dienas. Tas ir \u012bpa\u0161i piem\u0113rots gu\u013camistab\u0101m, ziemas d\u0101rziem, \u0113damistab\u0101m utt. Samazin\u0101tais zil\u0101s un za\u013c\u0101s sast\u0101vda\u013cas starojums dabiski veicina melaton\u012bna veido\u0161anos, un\u00a0<strong>J\u016bs viegli aizmigsiet un p\u0113c tam mier\u012bgi un nep\u0101rtraukti gul\u0113siet l\u012bdz r\u012btam.<\/strong>\u00a0M\u0113s iesak\u0101m to lietot devi\u0146desmit min\u016btes pirms miega. Miega kvalit\u0101te un daudzums ietekm\u0113 m\u016bsu\u00a0<strong>vesel\u012bbu un dz\u012bves ilgumu<\/strong>.<\/p>\n<\/div>\n<\/div>\n<\/div>\n<\/div>\n<\/div>\n<\/div>\n<div class=\"emos-row-bg\">\n<div class=\"emos-row\">\n<div class=\"emos-box-1of2\">\n<div class=\"emos-box-text\">\n<h3>\u00a0Ar TRUE LIGHT j\u016bs paliksiet modri<\/h3>\n<p>LED spuldzes TRUE LIGHT in\u00a0<strong>neitr\u0101li balta<\/strong>\u00a0(4\u00a0000 K) konstrukcija ar apspiestu zilu\u00a0gaismas komponentu nodro\u0161ina\u00a0<strong>maz\u0101ku acu nogurumu<\/strong>\u00a0nek\u0101 standarta LED spuldzes.\u00a0<strong>Patbalsta<\/strong>\u00a0smadze\u0146u kognit\u012bv\u0101s funkcijas, lai pal\u012bdz\u0113tu\u00a0<strong>lab\u0101k koncentr\u0113ties<\/strong>. Lieliski piem\u0113rots\u00a0<strong>b\u0113rnu istabai<\/strong>,\u00a0<strong>birojam<\/strong>,\u00a0<strong>virtuvei<\/strong>\u00a0un visur, kur nepiecie\u0161ama\u00a0<strong>augsta darba slodze, sp\u0113ja \u0101tri rea\u0123\u0113t, m\u0101c\u012bties un saprast.\u00a0<\/strong>Zilo un za\u013co komponentu samazin\u0101\u0161ana pozit\u012bvi ietekm\u0113\u00a0<strong>Seroton\u012bna jeb laimes hormona, kas ietekm\u0113 m\u016bsu dom\u0101\u0161anu, rado\u0161umu, veiktsp\u0113ju un sp\u0113ju koncentr\u0113ties, veido\u0161anos. T\u0101s tr\u016bkums izraisa\u00a0tumsu, nogurumu, samazin\u0101tu aktivit\u0101ti\u00a0vai pat\u00a0slikt\u0101ku redzes asumu.<\/strong><\/p>\n<p><strong>Atp\u016btas k\u0101 sapn\u012b ar TRUE LIGHT<\/strong><\/p>\n<\/div>\n<\/div>\n<\/div>\n<\/div>\n<\/div>\n<div class=\"emos-row-bg\">\n<div class=\"emos-row\">\n<div class=\"emos-box-1of2\">\n<div class=\"emos-box-text\">\n<p><strong>Visas TRUE LIGHT LED spuldzes\u00a0atbilst stingriem krit\u0113rijiem, lai nodro\u0161in\u0101tu maksim\u0101lu aizsardz\u012bbu un komfortu j\u016bsu ac\u012bm.\u00a0Flicker-free\u00a0funkcija samazina mirgo\u0161anu un t\u0101d\u0113j\u0101di garant\u0113 komfortu j\u016bsu redzei. Viss, ko izgaismos TRUE LIGHT LED spuldzes, b\u016bs redzams\u00a0re\u0101l\u0101s kr\u0101s\u0101s un bez neviena izkrop\u013cojuma, pateicoties\u00a0augstajam kr\u0101su atveido\u0161anas indeksam CRI&gt;94, kas piem\u012bt \u0161\u012bm modernaj\u0101m un vesel\u012bgaj\u0101m spuldz\u0113m.<\/strong><\/p>\n<p><strong>D\u0113\u013c\u00a0pla\u0161\u0101 ligzdu kl\u0101sta\u00a0j\u016bs varat izvietot gaismu gandr\u012bz jebkur\u0101 m\u0101jokl\u012b. Augstais\u00a030\u00a0000 stundu\u00a0kalpo\u0161anas laiks padara to par lielisku risin\u0101jumu pras\u012bgiem lietot\u0101jiem.<\/strong><\/p>\n<p><strong>Ja r\u016bp\u0113jaties par vesel\u012bgu dz\u012bvesveidu, TRUE LIGHT LED spuld\u017eu kl\u0101sts ir \u012bstais risin\u0101jums tie\u0161i jums.<\/strong><\/p>\n<\/div>\n<\/div>\n<\/div>\n<\/div>\n<p><\/p>","protected":false},"excerpt":{"rendered":"<p>LED GU10 4.8W 230V 450lm 4000K CRI 100&#8242; Ra&gt;94 augstas kr\u0101su iz\u0161\u0137irtsp\u0113jas spuldze no ra\u017eot\u0101ja EMOS \u00a0\u012aSTAS LIGHT spuldzes tavam vesel\u012bgam dz\u012bvesveidam Vai tu cen\u0161ies pozit\u012bvi ietekm\u0113t savu un savu tuvinieku vesel\u012bbu, piekopjot vesel\u012bgu dz\u012bvesveidu?\u00a0Vai tev ir atbild\u012bga attieksme pret savu vesel\u012bbu un tu atbalsti visu, kas tai n\u0101k par labu un nov\u0113r\u0161 negat\u012bvo ietekmi? [&hellip;]<\/p>\n","protected":false},"featured_media":39840,"comment_status":"closed","ping_status":"closed","template":"","meta":{"inline_featured_image":false},"product_cat":[772,852],"product_tag":[],"yst_prominent_words":[],"class_list":{"0":"post-39616","1":"product","2":"type-product","3":"status-publish","4":"has-post-thumbnail","6":"product_cat-atlaides","7":"product_cat-gu10-spuldzes","9":"first","10":"instock","11":"sale","12":"taxable","13":"shipping-taxable","14":"purchasable","15":"product-type-simple"},"jetpack_sharing_enabled":true,"_links":{"self":[{"href":"https:\/\/ddt.lv\/lv\/wp-json\/wp\/v2\/product\/39616"}],"collection":[{"href":"https:\/\/ddt.lv\/lv\/wp-json\/wp\/v2\/product"}],"about":[{"href":"https:\/\/ddt.lv\/lv\/wp-json\/wp\/v2\/types\/product"}],"replies":[{"embeddable":true,"href":"https:\/\/ddt.lv\/lv\/wp-json\/wp\/v2\/comments?post=39616"}],"wp:featuredmedia":[{"embeddable":true,"href":"https:\/\/ddt.lv\/lv\/wp-json\/wp\/v2\/media\/39840"}],"wp:attachment":[{"href":"https:\/\/ddt.lv\/lv\/wp-json\/wp\/v2\/media?parent=39616"}],"wp:term":[{"taxonomy":"product_cat","embeddable":true,"href":"https:\/\/ddt.lv\/lv\/wp-json\/wp\/v2\/product_cat?post=39616"},{"taxonomy":"product_tag","embeddable":true,"href":"https:\/\/ddt.lv\/lv\/wp-json\/wp\/v2\/product_tag?post=39616"},{"taxonomy":"yst_prominent_words","embeddable":true,"href":"https:\/\/ddt.lv\/lv\/wp-json\/wp\/v2\/yst_prominent_words?post=39616"}],"curies":[{"name":"wp","href":"https:\/\/api.w.org\/{rel}","templated":true}]}}