{"id":39615,"date":"2024-05-04T21:40:29","date_gmt":"2024-05-04T18:40:29","guid":{"rendered":"https:\/\/ddt.lv\/lv\/product\/galda-lampa-carson-led-6w-400lm-ip20-3k-4k-6k-balta-emos\/"},"modified":"2026-04-13T10:02:49","modified_gmt":"2026-04-13T07:02:49","slug":"galda-lampa-carson-led-6w-400lm-ip20-3k-4k-6k-balta-emos","status":"publish","type":"product","link":"https:\/\/ddt.lv\/lv\/product\/galda-lampa-carson-led-6w-400lm-ip20-3k-4k-6k-balta-emos\/","title":{"rendered":"Galda lampa CARSON LED 6W 400lm IP20 3K\/4K\/6K balta EMOS"},"content":{"rendered":"<p>Galda lampa CARSON LED 6W 400lm IP20 3K\/4K\/6K balta no ra\u017eot\u0101ja EMOS.<\/p>\n<div class=\"emos-row-bg\">\n<div class=\"emos-row\">\n<div class=\"emos-box-1of2\">\n<div class=\"emos-box-text\">\n<h3>LED galda lampa EMOS CARSON ar USB piesl\u0113gvietu<\/h3>\n<p>Mekl\u0113jat lampu, kas lieliski piel\u0101gojas j\u016bsu pras\u012bb\u0101m attiec\u012bb\u0101 uz kr\u0101su un gaismas intensit\u0101ti? Tad jums noteikti vajadz\u0113tu apskat\u012bt <strong>CARSON LED galda lampu<\/strong>, kas, pateicoties\u00a0<strong>vienk\u0101r\u0161ajam dizainam<\/strong>, iederas jebkur\u0101 interjer\u0101.<\/p>\n<p>Lampa ir ar\u00a0<strong>augstu gaismas pl\u016bsmu l\u012bdz 400 lm<\/strong>\u00a0un ir pieejama div\u0101s versij\u0101s &#8211;\u00a0<strong>balt\u0101 un meln\u0101 kr\u0101s\u0101<\/strong>.<\/p>\n<\/div>\n<\/div>\n<\/div>\n<\/div>\n<div class=\"emos-row-bg\">\n<div class=\"emos-row\">\n<div class=\"emos-box-1of1\">\n<div class=\"emos-box-text text-center\">\n<div class=\"videoWrapper\">Apgaismojums, kas piel\u0101gots j\u016bsu vajadz\u012bb\u0101m un noska\u0146ojumam<\/div>\n<\/div>\n<\/div>\n<\/div>\n<\/div>\n<div class=\"emos-row-bg\">\n<div class=\"emos-row\">\n<div class=\"emos-box-1of2\">\n<div class=\"emos-box-text\">\n<p>Vai jums ir nepiecie\u0161ama intens\u012bva balta gaisma darbam, bet citk\u0101rt v\u0113laties atp\u016bsties pie klusa, silta apgaismojuma? CARSON LED galda lampa \u013cauj\u00a0<strong>main\u012bt gaismas kr\u0101su piecos so\u013cos<\/strong>\u00a0no auksti baltas l\u012bdz silti baltai kr\u0101sai, k\u0101 ar\u012b\u00a0<strong>izsl\u0113gt gaismu se\u0161os so\u013cos<\/strong>.<\/p>\n<p><strong>Lampas groz\u0101m\u0101 roka ar diviem noliektiem \u0161arn\u012briem\u00a0<\/strong>\u013cauj to piel\u0101got gan darba, gan netie\u0161ajam apgaismojumam interjer\u0101, vai pat saloc\u012bt lampu kompakt\u0101 form\u0101.<\/p>\n<\/div>\n<\/div>\n<\/div>\n<\/div>\n<div class=\"emos-row-bg\">\n<div class=\"emos-row\">\n<div class=\"emos-box-1of2\">\n<div class=\"emos-box-image\">Apar\u0101ts, kas nesamazina bankas izdevumus<\/div>\n<\/div>\n<div class=\"emos-box-1of2\">\n<div class=\"emos-box-text\">\n<p>Perfekts galda apgaismojums neb\u016bt nav vien\u012bgais, ko sp\u0113j paveikt modern\u0101 CARSON LED galda lampa. Pirms aizmig\u0161anas varat iesl\u0113gt\u00a0<strong>apak\u0161\u0101 ieb\u016bv\u0113to nakts apgaismojumu<\/strong>.<\/p>\n<p>Ja uztraucaties, ka lampa paliks iesl\u0113gta visu nakti, iesl\u0113dziet\u00a0<strong>timera funkciju<\/strong>, un gaisma autom\u0101tiski izsl\u0113gsies\u00a0<strong>p\u0113c 60 min\u016bt\u0113m<\/strong>.<\/p>\n<\/div>\n<\/div>\n<\/div>\n<\/div>\n<div class=\"emos-row-bg\">\n<div class=\"emos-row\">\n<div class=\"emos-box-1of2\">\n<div class=\"emos-box-text\">\n<h3>Visur pa rokai vienm\u0113r ir l\u0101d\u0113t\u0101js<\/h3>\n<p>Funkciju saraksts ar to nebeidzas. Pamatn\u0113 ir ieb\u016bv\u0113ta ar\u012b\u00a0<strong>USB izeja, lai uzl\u0101d\u0113tu<\/strong>\u00a0j\u016bsu ier\u012bces. Ja pievienosiet atbilsto\u0161u uzl\u0101des kabeli, ar lampas pal\u012bdz\u012bbu var\u0113siet uzl\u0101d\u0113t t\u0101lruni, baro\u0161anas banku vai viedpulksteni.<\/p>\n<\/div>\n<\/div>\n<\/div>\n<\/div>\n<p><\/p>","protected":false},"excerpt":{"rendered":"<p>Galda lampa CARSON LED 6W 400lm IP20 3K\/4K\/6K balta no ra\u017eot\u0101ja EMOS. LED galda lampa EMOS CARSON ar USB piesl\u0113gvietu Mekl\u0113jat lampu, kas lieliski piel\u0101gojas j\u016bsu pras\u012bb\u0101m attiec\u012bb\u0101 uz kr\u0101su un gaismas intensit\u0101ti? Tad jums noteikti vajadz\u0113tu apskat\u012bt CARSON LED galda lampu, kas, pateicoties\u00a0vienk\u0101r\u0161ajam dizainam, iederas jebkur\u0101 interjer\u0101. Lampa ir ar\u00a0augstu gaismas pl\u016bsmu l\u012bdz 400 [&hellip;]<\/p>\n","protected":false},"featured_media":39827,"comment_status":"closed","ping_status":"closed","template":"","meta":{"inline_featured_image":false},"product_cat":[1292],"product_tag":[],"yst_prominent_words":[],"class_list":{"0":"post-39615","1":"product","2":"type-product","3":"status-publish","4":"has-post-thumbnail","6":"product_cat-galda-lampas-un-stavlampas-apgaismojums","8":"first","9":"instock","10":"taxable","11":"shipping-taxable","12":"purchasable","13":"product-type-simple"},"jetpack_sharing_enabled":true,"_links":{"self":[{"href":"https:\/\/ddt.lv\/lv\/wp-json\/wp\/v2\/product\/39615"}],"collection":[{"href":"https:\/\/ddt.lv\/lv\/wp-json\/wp\/v2\/product"}],"about":[{"href":"https:\/\/ddt.lv\/lv\/wp-json\/wp\/v2\/types\/product"}],"replies":[{"embeddable":true,"href":"https:\/\/ddt.lv\/lv\/wp-json\/wp\/v2\/comments?post=39615"}],"wp:featuredmedia":[{"embeddable":true,"href":"https:\/\/ddt.lv\/lv\/wp-json\/wp\/v2\/media\/39827"}],"wp:attachment":[{"href":"https:\/\/ddt.lv\/lv\/wp-json\/wp\/v2\/media?parent=39615"}],"wp:term":[{"taxonomy":"product_cat","embeddable":true,"href":"https:\/\/ddt.lv\/lv\/wp-json\/wp\/v2\/product_cat?post=39615"},{"taxonomy":"product_tag","embeddable":true,"href":"https:\/\/ddt.lv\/lv\/wp-json\/wp\/v2\/product_tag?post=39615"},{"taxonomy":"yst_prominent_words","embeddable":true,"href":"https:\/\/ddt.lv\/lv\/wp-json\/wp\/v2\/yst_prominent_words?post=39615"}],"curies":[{"name":"wp","href":"https:\/\/api.w.org\/{rel}","templated":true}]}}