{"id":39614,"date":"2024-05-04T21:40:28","date_gmt":"2024-05-04T18:40:28","guid":{"rendered":"https:\/\/ddt.lv\/lv\/product\/russkij-18647-work-flex-stadium-1450lm-fonar-akkumulyatornyj-varta\/"},"modified":"2026-04-06T11:01:06","modified_gmt":"2026-04-06T08:01:06","slug":"russkij-18647-work-flex-stadium-1450lm-fonar-akkumulyatornyj-varta","status":"publish","type":"product","link":"https:\/\/ddt.lv\/lv\/product\/18649-work-flex-multifunctiona-f20r-lad-lukturis-varta-bl1\/","title":{"rendered":"18649 WORK FLEX MULTIFUNCTIONA F20R l\u0101d.lukturis VARTA BL1"},"content":{"rendered":"<p>18649 WORK FLEX MULTIFUNCTIONAL F20R l\u0101d\u0113jams lukturis no ra\u017eot\u0101ja VARTA BL1<\/p>\n<p>4 DA\u017d\u0100DI APGAISMOJUMA RE\u017d\u012aMI<br \/>\nuzl\u0101d\u0113jams, tr\u012bs apgaismoti avoti, integr\u0113ts magn\u0113ts<br \/>\n180 gr\u0101du salok\u0101ms, triecieniztur\u012bgs, dro\u0161s pret \u0161\u013cakat\u0101m (IP54)<br \/>\nKabatas klipsis, litija jonu akumulators, akumulatora l\u012bme\u0146a indikators<br \/>\nUzl\u0101des indikators, uzl\u0101de caur USB-C, ieskaitot uzl\u0101des kabeli.<\/p>","protected":false},"excerpt":{"rendered":"<p>18649 WORK FLEX MULTIFUNCTIONAL F20R l\u0101d\u0113jams lukturis no ra\u017eot\u0101ja VARTA BL1 4 DA\u017d\u0100DI APGAISMOJUMA RE\u017d\u012aMI uzl\u0101d\u0113jams, tr\u012bs apgaismoti avoti, integr\u0113ts magn\u0113ts 180 gr\u0101du salok\u0101ms, triecieniztur\u012bgs, dro\u0161s pret \u0161\u013cakat\u0101m (IP54) Kabatas klipsis, litija jonu akumulators, akumulatora l\u012bme\u0146a indikators Uzl\u0101des indikators, uzl\u0101de caur USB-C, ieskaitot uzl\u0101des kabeli.<\/p>\n","protected":false},"featured_media":39800,"comment_status":"closed","ping_status":"closed","template":"","meta":{"inline_featured_image":false},"product_cat":[728],"product_tag":[],"yst_prominent_words":[],"class_list":{"0":"post-39614","1":"product","2":"type-product","3":"status-publish","4":"has-post-thumbnail","6":"product_cat-ar-magnetu","8":"first","9":"instock","10":"taxable","11":"shipping-taxable","12":"purchasable","13":"product-type-simple"},"jetpack_sharing_enabled":true,"_links":{"self":[{"href":"https:\/\/ddt.lv\/lv\/wp-json\/wp\/v2\/product\/39614"}],"collection":[{"href":"https:\/\/ddt.lv\/lv\/wp-json\/wp\/v2\/product"}],"about":[{"href":"https:\/\/ddt.lv\/lv\/wp-json\/wp\/v2\/types\/product"}],"replies":[{"embeddable":true,"href":"https:\/\/ddt.lv\/lv\/wp-json\/wp\/v2\/comments?post=39614"}],"wp:featuredmedia":[{"embeddable":true,"href":"https:\/\/ddt.lv\/lv\/wp-json\/wp\/v2\/media\/39800"}],"wp:attachment":[{"href":"https:\/\/ddt.lv\/lv\/wp-json\/wp\/v2\/media?parent=39614"}],"wp:term":[{"taxonomy":"product_cat","embeddable":true,"href":"https:\/\/ddt.lv\/lv\/wp-json\/wp\/v2\/product_cat?post=39614"},{"taxonomy":"product_tag","embeddable":true,"href":"https:\/\/ddt.lv\/lv\/wp-json\/wp\/v2\/product_tag?post=39614"},{"taxonomy":"yst_prominent_words","embeddable":true,"href":"https:\/\/ddt.lv\/lv\/wp-json\/wp\/v2\/yst_prominent_words?post=39614"}],"curies":[{"name":"wp","href":"https:\/\/api.w.org\/{rel}","templated":true}]}}