{"id":39613,"date":"2024-05-04T21:40:28","date_gmt":"2024-05-04T18:40:28","guid":{"rendered":"https:\/\/ddt.lv\/lv\/product\/lukturis-piekarins-ladejams-led-cob-750lm-usb-c-emos\/"},"modified":"2026-04-08T14:42:34","modified_gmt":"2026-04-08T11:42:34","slug":"lukturis-piekarins-ladejams-led-cob-750lm-usb-c-emos","status":"publish","type":"product","link":"https:\/\/ddt.lv\/lv\/product\/lukturis-piekarins-ladejams-led-cob-750lm-usb-c-emos\/","title":{"rendered":"Lukturis-piekari\u0146\u0161 l\u0101d\u0113jams LED COB 750lm USB C  EMOS"},"content":{"rendered":"<p>Lukturis-piekari\u0146\u0161 l\u0101d\u0113jams LED COB 750lm USB C no ra\u017eot\u0101ja EMOS. Uzl\u0101des USB kabelis iek\u013cauts komplekt\u0101.<\/p>\n<div class=\"emos-row-bg\">\n<div class=\"emos-row\">\n<div class=\"emos-box-1of2\">\n<div class=\"emos-box-text\">\n<h3>COB LED Lukturis-piekari\u0146\u0161\u00a0 750 lm<\/h3>\n<p>Vai mekl\u0113jat praktisku luktur\u012bti, ko, pateicoties t\u0101 kompaktajam izm\u0113ram, varat vienm\u0113r tur\u0113t l\u012bdzi? Tad m\u016bsu COB LED uzl\u0101d\u0113jamais piekaramais luktur\u012btis ir piem\u0113rots tie\u0161i jums! \u0160is jaud\u012bgais luktur\u012btis ar lielu gaismas\u00a0<strong>pl\u016bsmu 750 lm<\/strong>, kas apgaismo l\u012bdz pat\u00a0<strong>40 metru att\u0101lumam<\/strong>, pied\u0101v\u0101 vair\u0101kas izcilas funkcijas. Pateicoties\u00a0<strong>TURBO funkcijai<\/strong>, j\u016bs varat iesl\u0113gt luktur\u012bti ar maksim\u0101lu jaudu, vienk\u0101r\u0161i turot iesl\u0113g\u0161anas\/izsl\u0113g\u0161anas pogu 3 sekundes.<\/p>\n<\/div>\n<\/div>\n<\/div>\n<\/div>\n<div class=\"emos-row-bg\">\n<div class=\"emos-row\">\n<div class=\"emos-box-1of2 small-order-2 medium-order-1\">\n<div class=\"emos-box-image\">7 gaismas re\u017e\u012bmi<\/div>\n<\/div>\n<div class=\"emos-box-1of2\">\n<div class=\"emos-box-text\">\n<p>KOB LED uzl\u0101d\u0113jamais piekaramais luktur\u012btis pied\u0101v\u0101\u00a0<strong>7 da\u017e\u0101dus gaismas re\u017e\u012bmus<\/strong>, tostarp divus aukst\u0101s gaismas intensit\u0101tes re\u017e\u012bmus, divus silt\u0101s gaismas intensit\u0101tes re\u017e\u012bmus, sarkanu sp\u012bdumu, sarkanu zibspuldzi un \u012bpa\u0161u TURBO re\u017e\u012bmu, kas apvieno auksto un silto gaismu maksim\u0101lam spilgtumam. Izmantojot sarkano zibspuldzi, j\u016bs vienm\u0113r b\u016bsiet redzams, dodoties vakara pastaig\u0101. Sarkan\u0101 gaisma nenogurdina acis, t\u0101p\u0113c t\u0101 b\u016bs noder\u012bga vakara kar\u0161u las\u012b\u0161anai vai mak\u0161\u0137er\u0113\u0161anai.<\/p>\n<\/div>\n<\/div>\n<\/div>\n<\/div>\n<div class=\"emos-row-bg\">\n<div class=\"emos-row\">\n<div class=\"emos-box-1of2\">\n<div class=\"emos-box-image\">Kvalitat\u012bvi materi\u0101li<\/div>\n<\/div>\n<div class=\"emos-box-1of2\">\n<div class=\"emos-box-text\">\n<p>Zibspuldzes ir izgatavotas no iztur\u012bga materi\u0101la, tostarp\u00a0<strong>ABS plastmasas un alum\u012bnija<\/strong>, kas garant\u0113\u00a0<strong>ilgu kalpo\u0161anas laiku un iztur\u012bbu<\/strong>. Uzl\u0101de ir vienk\u0101r\u0161a, pateicoties\u00a0<strong>USB-C kabelim<\/strong>, kas iek\u013cauts komplekt\u0101cij\u0101. Papildus \u0161ai funkcijai luktur\u012btis nodro\u0161ina ar\u012b akumulatora st\u0101vok\u013ca indik\u0101ciju, lai j\u016bs vienm\u0113r zin\u0101tu, kad tas ir j\u0101uzl\u0101d\u0113.<\/p>\n<p>Vispus\u012bga lieto\u0161ana<\/p>\n<\/div>\n<\/div>\n<\/div>\n<\/div>\n<div class=\"emos-row-bg\">\n<div class=\"emos-row\">\n<div class=\"emos-box-1of2\">\n<div class=\"emos-box-text\">\n<p>D\u0113\u013c ieb\u016bv\u0113t\u0101 magn\u0113ta, karab\u012bnes, stat\u012bva un pude\u013cu atv\u0113r\u0113ja luktur\u012btis k\u013c\u016bst par daudzfunkcion\u0101lu instrumentu ikdienas lieto\u0161anai. Tas ir ar\u012b\u00a0<strong>pret triecieniem un mitruma iztur\u012bgs (IP44)<\/strong>,\u00a0<strong>ko noz\u012bm\u0113, ka varat dro\u0161i \u0146emt to l\u012bdzi jebkur\u0101 piedz\u012bvojum\u0101. Izmantojiet magn\u0113tu un stat\u012bvu neatliekamajiem velosip\u0113da vai motora remontdarbiem. \u0112rto karab\u012bn\u012bti varat piekarin\u0101t pie mugursomas vai somas vai piespraust pie bik\u0161u cilpas. Visi dzeramo dz\u0113rienu cien\u012bt\u0101ji nov\u0113rt\u0113s pude\u013cu atveri.<\/strong><\/p>\n<\/div>\n<\/div>\n<\/div>\n<\/div>\n<div class=\"emos-row-bg\">\n<div class=\"emos-row\">\n<div class=\"emos-box-1of2\">\n<div class=\"emos-box-text\">\n<h3>Kompakts izm\u0113rs<\/h3>\n<p>Luktur\u012btis ir izstr\u0101d\u0101ts, dom\u0101jot par praktiskumu. Tas noz\u012bm\u0113, ka tas ir <strong>viegli p\u0101rn\u0113s\u0101jams<\/strong>\u00a0&#8211; gan mugursom\u0101, gan som\u0101. T\u0101\u00a0<strong>kompaktie izm\u0113ri un nelielais svars<\/strong>\u00a0\u013cauj to viegli piestiprin\u0101t un n\u0113s\u0101t l\u012bdzi, lai kurp j\u016bs dotos.<\/p>\n<\/div>\n<\/div>\n<\/div>\n<\/div>\n<p><\/p>","protected":false},"excerpt":{"rendered":"<p>Lukturis-piekari\u0146\u0161 l\u0101d\u0113jams LED COB 750lm USB C no ra\u017eot\u0101ja EMOS. Uzl\u0101des USB kabelis iek\u013cauts komplekt\u0101. COB LED Lukturis-piekari\u0146\u0161\u00a0 750 lm Vai mekl\u0113jat praktisku luktur\u012bti, ko, pateicoties t\u0101 kompaktajam izm\u0113ram, varat vienm\u0113r tur\u0113t l\u012bdzi? Tad m\u016bsu COB LED uzl\u0101d\u0113jamais piekaramais luktur\u012btis ir piem\u0113rots tie\u0161i jums! \u0160is jaud\u012bgais luktur\u012btis ar lielu gaismas\u00a0pl\u016bsmu 750 lm, kas apgaismo l\u012bdz [&hellip;]<\/p>\n","protected":false},"featured_media":39804,"comment_status":"closed","ping_status":"closed","template":"","meta":{"inline_featured_image":false},"product_cat":[726],"product_tag":[],"yst_prominent_words":[],"class_list":{"0":"post-39613","1":"product","2":"type-product","3":"status-publish","4":"has-post-thumbnail","6":"product_cat-kabatas","8":"first","9":"instock","10":"taxable","11":"shipping-taxable","12":"purchasable","13":"product-type-simple"},"jetpack_sharing_enabled":true,"_links":{"self":[{"href":"https:\/\/ddt.lv\/lv\/wp-json\/wp\/v2\/product\/39613"}],"collection":[{"href":"https:\/\/ddt.lv\/lv\/wp-json\/wp\/v2\/product"}],"about":[{"href":"https:\/\/ddt.lv\/lv\/wp-json\/wp\/v2\/types\/product"}],"replies":[{"embeddable":true,"href":"https:\/\/ddt.lv\/lv\/wp-json\/wp\/v2\/comments?post=39613"}],"wp:featuredmedia":[{"embeddable":true,"href":"https:\/\/ddt.lv\/lv\/wp-json\/wp\/v2\/media\/39804"}],"wp:attachment":[{"href":"https:\/\/ddt.lv\/lv\/wp-json\/wp\/v2\/media?parent=39613"}],"wp:term":[{"taxonomy":"product_cat","embeddable":true,"href":"https:\/\/ddt.lv\/lv\/wp-json\/wp\/v2\/product_cat?post=39613"},{"taxonomy":"product_tag","embeddable":true,"href":"https:\/\/ddt.lv\/lv\/wp-json\/wp\/v2\/product_tag?post=39613"},{"taxonomy":"yst_prominent_words","embeddable":true,"href":"https:\/\/ddt.lv\/lv\/wp-json\/wp\/v2\/yst_prominent_words?post=39613"}],"curies":[{"name":"wp","href":"https:\/\/api.w.org\/{rel}","templated":true}]}}