{"id":39612,"date":"2024-05-04T21:20:32","date_gmt":"2024-05-04T18:20:32","guid":{"rendered":"https:\/\/ddt.lv\/lv\/product\/lukturis-uzlad-led-cob-950lm-2x2000mah-magnetisko-akis-emos\/"},"modified":"2026-04-06T11:03:00","modified_gmt":"2026-04-06T08:03:00","slug":"lukturis-uzlad-led-cob-950lm-2x2000mah-magnetisko-akis-emos","status":"publish","type":"product","link":"https:\/\/ddt.lv\/lv\/product\/lukturis-uzlad-led-cob-950lm-2x2000mah-magnetisko-akis-emos\/","title":{"rendered":"Lukturis uzl\u0101d. LED COB 950lm 2x2000mAh magn\u0113tisko \u0101\u0137is EMOS"},"content":{"rendered":"<p>Lukturis kabatas uzl\u0101d\u0113jams LED COB 950lm 2x2000mAh magn\u0113tisko \u0101\u0137is\u00a0 no ra\u017eot\u0101ja EMOS.<\/p>\n<p>Emos P4542 kabatas luktur\u012btis ir rokas apgaismes ier\u012bce, kas paredz\u0113ta lieto\u0161anai \u0101rpus telp\u0101m. Tas izstaro spilgti baltu gaismu, padarot to ide\u0101li piem\u0113rotu kempingiem, p\u0101rg\u0101jieniem un cit\u0101m \u0101ra aktivit\u0101t\u0113m. Lukturis tiek darbin\u0101ta ar AA baterij\u0101m, nodro\u0161inot ilgsto\u0161u gaismas avotu. Tam ir iztur\u012bga konstrukcija, kas nodro\u0161ina, ka tas var iztur\u0113t skarbu vad\u0101m\u012bbu un skarbos laika apst\u0101k\u013cus. Luktura dizains ir kompakts un viegls, t\u0101p\u0113c to ir viegli p\u0101rn\u0113s\u0101t un uzglab\u0101t, kad to neizmanto. Emos P4542 kabatas luktur\u012b ir iek\u013cauta ar\u012b rokas siksni\u0146a papildu \u0113rt\u012bb\u0101m un dro\u0161\u012bbai. Kopum\u0101 \u0161\u012b kabatas luktur\u012btis ir praktisks un uzticams r\u012bks ikvienam, kam \u0101ra piedz\u012bvojumu laik\u0101 nepiecie\u0161ams p\u0101rn\u0113s\u0101jams apgaismojums.<\/p>","protected":false},"excerpt":{"rendered":"<p>Lukturis kabatas uzl\u0101d\u0113jams LED COB 950lm 2x2000mAh magn\u0113tisko \u0101\u0137is\u00a0 no ra\u017eot\u0101ja EMOS. Emos P4542 kabatas luktur\u012btis ir rokas apgaismes ier\u012bce, kas paredz\u0113ta lieto\u0161anai \u0101rpus telp\u0101m. Tas izstaro spilgti baltu gaismu, padarot to ide\u0101li piem\u0113rotu kempingiem, p\u0101rg\u0101jieniem un cit\u0101m \u0101ra aktivit\u0101t\u0113m. Lukturis tiek darbin\u0101ta ar AA baterij\u0101m, nodro\u0161inot ilgsto\u0161u gaismas avotu. Tam ir iztur\u012bga konstrukcija, kas [&hellip;]<\/p>\n","protected":false},"featured_media":39792,"comment_status":"closed","ping_status":"closed","template":"","meta":{"inline_featured_image":false},"product_cat":[728],"product_tag":[],"yst_prominent_words":[],"class_list":{"0":"post-39612","1":"product","2":"type-product","3":"status-publish","4":"has-post-thumbnail","6":"product_cat-ar-magnetu","8":"first","9":"instock","10":"taxable","11":"shipping-taxable","12":"purchasable","13":"product-type-simple"},"jetpack_sharing_enabled":true,"_links":{"self":[{"href":"https:\/\/ddt.lv\/lv\/wp-json\/wp\/v2\/product\/39612"}],"collection":[{"href":"https:\/\/ddt.lv\/lv\/wp-json\/wp\/v2\/product"}],"about":[{"href":"https:\/\/ddt.lv\/lv\/wp-json\/wp\/v2\/types\/product"}],"replies":[{"embeddable":true,"href":"https:\/\/ddt.lv\/lv\/wp-json\/wp\/v2\/comments?post=39612"}],"wp:featuredmedia":[{"embeddable":true,"href":"https:\/\/ddt.lv\/lv\/wp-json\/wp\/v2\/media\/39792"}],"wp:attachment":[{"href":"https:\/\/ddt.lv\/lv\/wp-json\/wp\/v2\/media?parent=39612"}],"wp:term":[{"taxonomy":"product_cat","embeddable":true,"href":"https:\/\/ddt.lv\/lv\/wp-json\/wp\/v2\/product_cat?post=39612"},{"taxonomy":"product_tag","embeddable":true,"href":"https:\/\/ddt.lv\/lv\/wp-json\/wp\/v2\/product_tag?post=39612"},{"taxonomy":"yst_prominent_words","embeddable":true,"href":"https:\/\/ddt.lv\/lv\/wp-json\/wp\/v2\/yst_prominent_words?post=39612"}],"curies":[{"name":"wp","href":"https:\/\/api.w.org\/{rel}","templated":true}]}}