{"id":39611,"date":"2024-05-04T21:20:32","date_gmt":"2024-05-04T18:20:32","guid":{"rendered":"https:\/\/ddt.lv\/lv\/product\/lukturis-uzladejams-led-cob-450lm-2000mah-ar-magnetisko-aki-emos\/"},"modified":"2026-04-06T11:03:00","modified_gmt":"2026-04-06T08:03:00","slug":"lukturis-uzladejams-led-cob-450lm-2000mah-ar-magnetisko-aki-emos","status":"publish","type":"product","link":"https:\/\/ddt.lv\/lv\/product\/lukturis-uzladejams-led-cob-450lm-2000mah-ar-magnetisko-aki-emos\/","title":{"rendered":"Lukturis uzl\u0101d\u0113jams LED COB 450lm 2000mAh ar magn\u0113tisko \u0101\u0137i EMOS"},"content":{"rendered":"<p>Lukturis uzl\u0101d\u0113jams LED COB 450lm 2000mAh ar magn\u0113tisko \u0101\u0137i no ra\u017eot\u0101ja EMOS. komplekt\u0101 iek\u013cauts USB kabelis.<\/p>","protected":false},"excerpt":{"rendered":"<p>Lukturis uzl\u0101d\u0113jams LED COB 450lm 2000mAh ar magn\u0113tisko \u0101\u0137i no ra\u017eot\u0101ja EMOS. komplekt\u0101 iek\u013cauts USB kabelis.<\/p>\n","protected":false},"featured_media":39783,"comment_status":"closed","ping_status":"closed","template":"","meta":{"inline_featured_image":false},"product_cat":[728],"product_tag":[],"yst_prominent_words":[],"class_list":{"0":"post-39611","1":"product","2":"type-product","3":"status-publish","4":"has-post-thumbnail","6":"product_cat-ar-magnetu","8":"first","9":"instock","10":"taxable","11":"shipping-taxable","12":"purchasable","13":"product-type-simple"},"jetpack_sharing_enabled":true,"_links":{"self":[{"href":"https:\/\/ddt.lv\/lv\/wp-json\/wp\/v2\/product\/39611"}],"collection":[{"href":"https:\/\/ddt.lv\/lv\/wp-json\/wp\/v2\/product"}],"about":[{"href":"https:\/\/ddt.lv\/lv\/wp-json\/wp\/v2\/types\/product"}],"replies":[{"embeddable":true,"href":"https:\/\/ddt.lv\/lv\/wp-json\/wp\/v2\/comments?post=39611"}],"wp:featuredmedia":[{"embeddable":true,"href":"https:\/\/ddt.lv\/lv\/wp-json\/wp\/v2\/media\/39783"}],"wp:attachment":[{"href":"https:\/\/ddt.lv\/lv\/wp-json\/wp\/v2\/media?parent=39611"}],"wp:term":[{"taxonomy":"product_cat","embeddable":true,"href":"https:\/\/ddt.lv\/lv\/wp-json\/wp\/v2\/product_cat?post=39611"},{"taxonomy":"product_tag","embeddable":true,"href":"https:\/\/ddt.lv\/lv\/wp-json\/wp\/v2\/product_tag?post=39611"},{"taxonomy":"yst_prominent_words","embeddable":true,"href":"https:\/\/ddt.lv\/lv\/wp-json\/wp\/v2\/yst_prominent_words?post=39611"}],"curies":[{"name":"wp","href":"https:\/\/api.w.org\/{rel}","templated":true}]}}