{"id":39610,"date":"2024-05-04T21:20:31","date_gmt":"2024-05-04T18:20:31","guid":{"rendered":"https:\/\/ddt.lv\/lv\/product\/lukturis-uzladejams-led-cob-1200lm-2000mah-magnetisku-stativu-emos\/"},"modified":"2026-04-07T10:20:39","modified_gmt":"2026-04-07T07:20:39","slug":"lukturis-uzladejams-led-cob-1200lm-2000mah-magnetisku-stativu-emos","status":"publish","type":"product","link":"https:\/\/ddt.lv\/lv\/product\/lukturis-uzladejams-led-cob-1200lm-2000mah-magnetisku-stativu-emos\/","title":{"rendered":"Lukturis uzl\u0101d\u0113jams LED COB 1200lm 2000mAh magn\u0113tisku stat\u012bvu EMOS"},"content":{"rendered":"<p>Lukturis uzl\u0101d\u0113jams LED COB 1200lm 2000mAh magn\u0113tisku stat\u012bvu no ra\u017eot\u0101ja EMOS.<\/p>\n<p>Emos P4543 kabatas luktur\u012btis ir p\u0101rn\u0113s\u0101jama apgaismes ier\u012bce, kas paredz\u0113ta da\u017e\u0101d\u0101m \u0101ra aktivit\u0101t\u0113m. Tam ir iztur\u012bgs alum\u012bnija korpuss, kas nodro\u0161ina aizsardz\u012bbu pret nodilumu. L\u0101pa pied\u0101v\u0101 vair\u0101kus apgaismojuma re\u017e\u012bmus, tostarp augstu, zemu un strobo, \u013caujot lietot\u0101jiem piel\u0101got spilgtuma l\u012bmeni atbilsto\u0161i sav\u0101m vajadz\u012bb\u0101m. Darbojas ar uzl\u0101d\u0113jamu litija jonu akumulatoru, kabatas lukturim ir ilgs darb\u012bbas laiks, un to var viegli uzl\u0101d\u0113t, izmantojot standarta USB kabeli. Kompaktais izm\u0113rs un vieglais dizains \u013cauj to viegli p\u0101rn\u0113s\u0101t un uzglab\u0101t, kad to nelieto. Emos P4543 kabatas luktur\u012btis ir ar\u012b \u016bdensiztur\u012bgs, t\u0101p\u0113c tas ir piem\u0113rots lieto\u0161anai da\u017e\u0101dos laikapst\u0101k\u013cos. Kopum\u0101 tas ir uzticams un funkcion\u0101ls apgaismojuma risin\u0101jums \u0101ra entuziastiem.<\/p>","protected":false},"excerpt":{"rendered":"<p>Lukturis uzl\u0101d\u0113jams LED COB 1200lm 2000mAh magn\u0113tisku stat\u012bvu no ra\u017eot\u0101ja EMOS. Emos P4543 kabatas luktur\u012btis ir p\u0101rn\u0113s\u0101jama apgaismes ier\u012bce, kas paredz\u0113ta da\u017e\u0101d\u0101m \u0101ra aktivit\u0101t\u0113m. Tam ir iztur\u012bgs alum\u012bnija korpuss, kas nodro\u0161ina aizsardz\u012bbu pret nodilumu. L\u0101pa pied\u0101v\u0101 vair\u0101kus apgaismojuma re\u017e\u012bmus, tostarp augstu, zemu un strobo, \u013caujot lietot\u0101jiem piel\u0101got spilgtuma l\u012bmeni atbilsto\u0161i sav\u0101m vajadz\u012bb\u0101m. Darbojas ar uzl\u0101d\u0113jamu [&hellip;]<\/p>\n","protected":false},"featured_media":39762,"comment_status":"closed","ping_status":"closed","template":"","meta":{"inline_featured_image":false},"product_cat":[728],"product_tag":[],"yst_prominent_words":[],"class_list":{"0":"post-39610","1":"product","2":"type-product","3":"status-publish","4":"has-post-thumbnail","6":"product_cat-ar-magnetu","8":"first","9":"instock","10":"taxable","11":"shipping-taxable","12":"purchasable","13":"product-type-simple"},"jetpack_sharing_enabled":true,"_links":{"self":[{"href":"https:\/\/ddt.lv\/lv\/wp-json\/wp\/v2\/product\/39610"}],"collection":[{"href":"https:\/\/ddt.lv\/lv\/wp-json\/wp\/v2\/product"}],"about":[{"href":"https:\/\/ddt.lv\/lv\/wp-json\/wp\/v2\/types\/product"}],"replies":[{"embeddable":true,"href":"https:\/\/ddt.lv\/lv\/wp-json\/wp\/v2\/comments?post=39610"}],"wp:featuredmedia":[{"embeddable":true,"href":"https:\/\/ddt.lv\/lv\/wp-json\/wp\/v2\/media\/39762"}],"wp:attachment":[{"href":"https:\/\/ddt.lv\/lv\/wp-json\/wp\/v2\/media?parent=39610"}],"wp:term":[{"taxonomy":"product_cat","embeddable":true,"href":"https:\/\/ddt.lv\/lv\/wp-json\/wp\/v2\/product_cat?post=39610"},{"taxonomy":"product_tag","embeddable":true,"href":"https:\/\/ddt.lv\/lv\/wp-json\/wp\/v2\/product_tag?post=39610"},{"taxonomy":"yst_prominent_words","embeddable":true,"href":"https:\/\/ddt.lv\/lv\/wp-json\/wp\/v2\/yst_prominent_words?post=39610"}],"curies":[{"name":"wp","href":"https:\/\/api.w.org\/{rel}","templated":true}]}}