{"id":39609,"date":"2024-05-04T21:20:31","date_gmt":"2024-05-04T18:20:31","guid":{"rendered":"https:\/\/ddt.lv\/lv\/product\/lukturis-cobx2-led-350lm-3xaa-emos\/"},"modified":"2026-04-06T11:02:59","modified_gmt":"2026-04-06T08:02:59","slug":"lukturis-cobx2-led-350lm-3xaa-emos","status":"publish","type":"product","link":"https:\/\/ddt.lv\/lv\/product\/lukturis-cobx2-led-350lm-3xaa-emos\/","title":{"rendered":"Lukturis COBx2 LED 350lm (3xAA) EMOS"},"content":{"rendered":"<p>Lukturis COBx2 LED 350lm (3xAA) no ra\u017eot\u0101ja EMOS.<\/p>\n<p>Univers\u0101la plastmasas COB LED lukturis, neaizvietojams ikvien\u0101 m\u0101jsaimniec\u012bb\u0101, darbn\u012bc\u0101 un visur, kur nepiecie\u0161ams labs liel\u0101kas plat\u012bbas apgaismojums. Komplekt\u0101 ietilpst ar\u012b praktisks balsts luktura pakarin\u0101\u0161anai vai atbalst\u012b\u0161anai.<\/p>","protected":false},"excerpt":{"rendered":"<p>Lukturis COBx2 LED 350lm (3xAA) no ra\u017eot\u0101ja EMOS. Univers\u0101la plastmasas COB LED lukturis, neaizvietojams ikvien\u0101 m\u0101jsaimniec\u012bb\u0101, darbn\u012bc\u0101 un visur, kur nepiecie\u0161ams labs liel\u0101kas plat\u012bbas apgaismojums. Komplekt\u0101 ietilpst ar\u012b praktisks balsts luktura pakarin\u0101\u0161anai vai atbalst\u012b\u0161anai.<\/p>\n","protected":false},"featured_media":39771,"comment_status":"closed","ping_status":"closed","template":"","meta":{"inline_featured_image":false},"product_cat":[728],"product_tag":[],"yst_prominent_words":[],"class_list":{"0":"post-39609","1":"product","2":"type-product","3":"status-publish","4":"has-post-thumbnail","6":"product_cat-ar-magnetu","8":"first","9":"instock","10":"taxable","11":"shipping-taxable","12":"purchasable","13":"product-type-simple"},"jetpack_sharing_enabled":true,"_links":{"self":[{"href":"https:\/\/ddt.lv\/lv\/wp-json\/wp\/v2\/product\/39609"}],"collection":[{"href":"https:\/\/ddt.lv\/lv\/wp-json\/wp\/v2\/product"}],"about":[{"href":"https:\/\/ddt.lv\/lv\/wp-json\/wp\/v2\/types\/product"}],"replies":[{"embeddable":true,"href":"https:\/\/ddt.lv\/lv\/wp-json\/wp\/v2\/comments?post=39609"}],"wp:featuredmedia":[{"embeddable":true,"href":"https:\/\/ddt.lv\/lv\/wp-json\/wp\/v2\/media\/39771"}],"wp:attachment":[{"href":"https:\/\/ddt.lv\/lv\/wp-json\/wp\/v2\/media?parent=39609"}],"wp:term":[{"taxonomy":"product_cat","embeddable":true,"href":"https:\/\/ddt.lv\/lv\/wp-json\/wp\/v2\/product_cat?post=39609"},{"taxonomy":"product_tag","embeddable":true,"href":"https:\/\/ddt.lv\/lv\/wp-json\/wp\/v2\/product_tag?post=39609"},{"taxonomy":"yst_prominent_words","embeddable":true,"href":"https:\/\/ddt.lv\/lv\/wp-json\/wp\/v2\/yst_prominent_words?post=39609"}],"curies":[{"name":"wp","href":"https:\/\/api.w.org\/{rel}","templated":true}]}}