{"id":39608,"date":"2024-05-04T21:20:31","date_gmt":"2024-05-04T18:20:31","guid":{"rendered":"https:\/\/ddt.lv\/lv\/product\/lukturis-cob-led-700lm-4xaa-ip43-emos\/"},"modified":"2026-04-06T11:02:59","modified_gmt":"2026-04-06T08:02:59","slug":"lukturis-cob-led-700lm-4xaa-ip43-emos","status":"publish","type":"product","link":"https:\/\/ddt.lv\/lv\/product\/lukturis-cob-led-700lm-4xaa-ip43-emos\/","title":{"rendered":"Lukturis COB LED 700lm (4xAA) IP43 EMOS"},"content":{"rendered":"<p>Lukturis COB LED 700lm (4xAA) IP43 no ra\u017eot\u0101ja EMOS, darbojas ar 4 AA baterij\u0101m, nav iek\u013cautas komplekt\u0101.<\/p>\n<div class=\"emos-row-bg\">\n<div class=\"emos-row\">\n<div class=\"emos-box-1of2\">\n<div class=\"emos-box-text\">\n<h3>COB LED darba luktur\u012btis P4113<\/h3>\n<p>Dien\u0101, nakt\u012b vai kr\u0113sl\u0101, ar \u0161o luktur\u012bti jums vienm\u0113r b\u016bs pietiekami daudz gaismas. Ar <strong>tr\u012bs re\u017e\u012bmiem<\/strong>\u00a0j\u016bs varat iestat\u012bt gaismas intensit\u0101ti tie\u0161i t\u0101, k\u0101 jums nepiecie\u0161ams. Lai gan luktur\u012bti darbina\u00a0<strong>4 AA baterijas<\/strong>, t\u0101 augstais gaismas pl\u016bsmas l\u012bmenis l\u012bdz\u00a0<strong>700 lm<\/strong>\u00a0labi konkur\u0113 ar elektrot\u012bkla luktur\u012b\u0161iem.<\/p>\n<\/div>\n<\/div>\n<\/div>\n<\/div>\n<div class=\"emos-row-bg\">\n<div class=\"emos-row\">\n<div class=\"emos-box-1of2\">\n<div class=\"emos-box-text\">\n<h3>\u0101tra izsl\u0113g\u0161anas funkcija<\/h3>\n<p>\u0160o \u0113rto funkciju nov\u0113rt\u0113s visi lukturu ar\u00a0<strong>da\u017e\u0101diem gaismas re\u017e\u012bmiem \u012bpa\u0161nieki<\/strong>. At\u0161\u0137ir\u012bb\u0101 no parastaj\u0101m zibspuldz\u0113m, lai to izsl\u0113gtu, nav vair\u0101kas reizes j\u0101nospie\u017e poga un j\u0101iziet cauri visiem gaismas re\u017e\u012bmiem. Pietiek\u00a0<strong>vienreiz nospiest<\/strong>, un j\u016bs varat uzreiz izsl\u0113gt ier\u012bci.<\/p>\n<\/div>\n<\/div>\n<\/div>\n<\/div>\n<div class=\"emos-row-bg\">\n<div class=\"emos-row\">\n<div class=\"emos-box-1of2\">\n<div class=\"emos-box-text\">\n<h3>Nejut\u012bgs pret triecieniem un \u016bdeni<\/h3>\n<p>Varat izmantot luktur\u012bti ne tikai m\u0101j\u0101s vai gar\u0101\u017e\u0101. Tas ir gatavs ar\u012b skarbiem \u0101ra apst\u0101k\u013ciem. Par luktur\u012b\u0161a\u00a0<strong>uzlaboto \u016bdensiztur\u012bbu<\/strong>\u00a0liecina\u00a0<strong>iztur\u012bbas klase IP43<\/strong>. T\u0101p\u0113c jums nav j\u0101uztraucas par t\u0101s ievieto\u0161anu rasas z\u0101lien\u0101 vai neliel\u0101 liet\u016b.\u00a0<strong>gumijot\u0101 virsma<\/strong>\u00a0pasarg\u0101 to no boj\u0101jumiem, ko izraisa kritiens, k\u0101 ar\u012b\u00a0<strong>nodro\u0161ina \u0113rtu roktura satv\u0113rienu<\/strong>, ko varat piel\u0101got p\u0113c v\u0113l\u0113\u0161an\u0101s.<\/p>\n<\/div>\n<\/div>\n<\/div>\n<\/div>\n<p><\/p>","protected":false},"excerpt":{"rendered":"<p>Lukturis COB LED 700lm (4xAA) IP43 no ra\u017eot\u0101ja EMOS, darbojas ar 4 AA baterij\u0101m, nav iek\u013cautas komplekt\u0101. COB LED darba luktur\u012btis P4113 Dien\u0101, nakt\u012b vai kr\u0113sl\u0101, ar \u0161o luktur\u012bti jums vienm\u0113r b\u016bs pietiekami daudz gaismas. Ar tr\u012bs re\u017e\u012bmiem\u00a0j\u016bs varat iestat\u012bt gaismas intensit\u0101ti tie\u0161i t\u0101, k\u0101 jums nepiecie\u0161ams. Lai gan luktur\u012bti darbina\u00a04 AA baterijas, t\u0101 augstais [&hellip;]<\/p>\n","protected":false},"featured_media":39776,"comment_status":"closed","ping_status":"closed","template":"","meta":{"inline_featured_image":false},"product_cat":[728],"product_tag":[],"yst_prominent_words":[],"class_list":{"0":"post-39608","1":"product","2":"type-product","3":"status-publish","4":"has-post-thumbnail","6":"product_cat-ar-magnetu","8":"first","9":"outofstock","10":"taxable","11":"shipping-taxable","12":"purchasable","13":"product-type-simple"},"jetpack_sharing_enabled":true,"_links":{"self":[{"href":"https:\/\/ddt.lv\/lv\/wp-json\/wp\/v2\/product\/39608"}],"collection":[{"href":"https:\/\/ddt.lv\/lv\/wp-json\/wp\/v2\/product"}],"about":[{"href":"https:\/\/ddt.lv\/lv\/wp-json\/wp\/v2\/types\/product"}],"replies":[{"embeddable":true,"href":"https:\/\/ddt.lv\/lv\/wp-json\/wp\/v2\/comments?post=39608"}],"wp:featuredmedia":[{"embeddable":true,"href":"https:\/\/ddt.lv\/lv\/wp-json\/wp\/v2\/media\/39776"}],"wp:attachment":[{"href":"https:\/\/ddt.lv\/lv\/wp-json\/wp\/v2\/media?parent=39608"}],"wp:term":[{"taxonomy":"product_cat","embeddable":true,"href":"https:\/\/ddt.lv\/lv\/wp-json\/wp\/v2\/product_cat?post=39608"},{"taxonomy":"product_tag","embeddable":true,"href":"https:\/\/ddt.lv\/lv\/wp-json\/wp\/v2\/product_tag?post=39608"},{"taxonomy":"yst_prominent_words","embeddable":true,"href":"https:\/\/ddt.lv\/lv\/wp-json\/wp\/v2\/yst_prominent_words?post=39608"}],"curies":[{"name":"wp","href":"https:\/\/api.w.org\/{rel}","templated":true}]}}