{"id":39607,"date":"2024-05-04T21:20:30","date_gmt":"2024-05-04T18:20:30","guid":{"rendered":"https:\/\/ddt.lv\/lv\/product\/pagarin-met-stat-4-50m-3x1-5-3680w-a-z-sarkans-emos\/"},"modified":"2026-04-06T11:02:59","modified_gmt":"2026-04-06T08:02:59","slug":"pagarin-met-stat-4-50m-3x1-5-3680w-a-z-sarkans-emos","status":"publish","type":"product","link":"https:\/\/ddt.lv\/lv\/product\/pagarin-met-stat-4-50m-3x1-5-3680w-a-z-sarkans-emos\/","title":{"rendered":"Pagarin.met.stat.4\/50m 3&#215;1.5 3680W a\/z  sarkans EMOS"},"content":{"rendered":"<p><\/p>\n<div class=\"emos-row-bg\">\n<div class=\"emos-row\">\n<div class=\"emos-box-1of2\">\n<div class=\"emos-box-text\">\n<h3>Pagarin\u0101t\u0101js met\u0101la stat\u012bv\u0101 4\/50m 3&#215;1.5 3680W a\/z sarkans no ra\u017eot\u0101ja EMOS.<\/h3>\n<h3>Spoles pagarin\u0101t\u0101js, kabe\u013ca garums 50 m.<\/h3>\n<p>Darbn\u012bcai, gar\u0101\u017eai un m\u0101jai<\/p><\/div>\n<div>Net\u0113r\u0113jiet to velti ar darba r\u012bkiem, kas nav t\u0101 v\u0113rti. Apr\u012bkojiet sevi tikai ar t\u0101du, kam ir kaut kas papildu sal\u012bdzin\u0101jum\u0101 ar citiem. EMOS pagarin\u0101t\u0101js 50 m pied\u0101v\u0101 4 kontaktligzdas, termo dro\u0161in\u0101t\u0101ju, bremzi un spoles, kas izgatavoti no gandr\u012bz nelau\u017eamas ABS plastmasas (iztur nejau\u0161u kritienu) un met\u0101la r\u0101mja. Ja j\u016bs par to labi r\u016bp\u0113sieties, tas kalpos jums ilgu laiku.<\/div>\n<\/div>\n<\/div>\n<\/div>\n<div class=\"emos-row-bg\">\n<div class=\"emos-row\">\n<div class=\"emos-box-1of2\">\n<div class=\"emos-box-text\">\n<p>Uz\u00a0<strong>50 m<\/strong>\u00a0kabe\u013ca ar\u00a0<strong>augstas kvalit\u0101tes PVC \u0101r\u0113jo apvalku<\/strong>\u00a0un\u00a0<strong>1,5 mm\u00b2<\/strong> vadiem tas ir ide\u0101li piem\u0113rots darbiem iek\u0161telp\u0101s. Rot\u0113jo\u0161ais cilindrs padara darbu ar to \u0113rtu, \u0101tru un vienk\u0101r\u0161u.<\/p>\n<\/div>\n<\/div>\n<\/div>\n<\/div>\n<div class=\"emos-row-bg\">\n<div class=\"emos-row\">\n<div class=\"emos-box-1of2\">\n<div class=\"emos-box-text\">\n<p>Atvelciet pagarin\u0101t\u0101ju no spoles, lai atvieglotu darbu. Lai padar\u012btu \u0113rt\u0101ku pat p\u0101rtinumu, spole ir apr\u012bkots ar <strong>fiksatoru<\/strong>, kas\u00a0<strong>nov\u0113r\u0161 kabe\u013ca savilk\u0161anos un sap\u012b\u0161anos.<\/strong><\/p>\n<p>Lai spoles transport\u0113\u0161ana b\u016btu \u0113rta un <strong>izvair\u012btos no kabe\u013ca izv\u0113r\u0161anas<\/strong>, spoleir apr\u012bkotas ar <strong>motu\u013ca bremzi<\/strong>, kas dro\u0161i nov\u0113r\u0161 nev\u0113lamu spoles korpusa grie\u0161anos.<\/p>\n<\/div>\n<\/div>\n<\/div>\n<\/div>\n<div class=\"emos-row-bg\">\n<div class=\"emos-row\">\n<div class=\"emos-box-1of2 small-order-2 medium-order-1\">\n<div class=\"emos-box-image\">Dro\u0161\u012bba pirmaj\u0101 viet\u0101<\/div>\n<\/div>\n<div class=\"emos-box-1of2\">\n<div class=\"emos-box-text\">\n<p>Ieb\u016bv\u0113tais\u00a0<strong>termiskais dro\u0161\u012bbas dro\u0161in\u0101t\u0101js<\/strong>\u00a0nodro\u0161ina dro\u0161u instrumentu darb\u012bbu. Ja pagarin\u0101t\u0101js tiks p\u0101rslogots un sakarst l\u012bdz termiskajam dro\u0161in\u0101t\u0101jam iestat\u012btajai robe\u017eai,\u00a0<strong>\u0137\u0113de tiks p\u0101rtraukta un nenotiks kabe\u013ca boj\u0101jumi vai ugunsgr\u0113ks.<\/strong><\/p>\n<p>&nbsp;<\/p>\n<\/div>\n<\/div>\n<\/div>\n<\/div>\n<p><\/p>","protected":false},"excerpt":{"rendered":"<p>Pagarin\u0101t\u0101js met\u0101la stat\u012bv\u0101 4\/50m 3&#215;1.5 3680W a\/z sarkans no ra\u017eot\u0101ja EMOS. Spoles pagarin\u0101t\u0101js, kabe\u013ca garums 50 m. Darbn\u012bcai, gar\u0101\u017eai un m\u0101jai Net\u0113r\u0113jiet to velti ar darba r\u012bkiem, kas nav t\u0101 v\u0113rti. Apr\u012bkojiet sevi tikai ar t\u0101du, kam ir kaut kas papildu sal\u012bdzin\u0101jum\u0101 ar citiem. EMOS pagarin\u0101t\u0101js 50 m pied\u0101v\u0101 4 kontaktligzdas, termo dro\u0161in\u0101t\u0101ju, bremzi un [&hellip;]<\/p>\n","protected":false},"featured_media":39759,"comment_status":"closed","ping_status":"closed","template":"","meta":{"inline_featured_image":false},"product_cat":[1343],"product_tag":[],"yst_prominent_words":[],"class_list":{"0":"post-39607","1":"product","2":"type-product","3":"status-publish","4":"has-post-thumbnail","6":"product_cat-pagarinataji-spole","8":"first","9":"instock","10":"taxable","11":"shipping-taxable","12":"purchasable","13":"product-type-simple"},"jetpack_sharing_enabled":true,"_links":{"self":[{"href":"https:\/\/ddt.lv\/lv\/wp-json\/wp\/v2\/product\/39607"}],"collection":[{"href":"https:\/\/ddt.lv\/lv\/wp-json\/wp\/v2\/product"}],"about":[{"href":"https:\/\/ddt.lv\/lv\/wp-json\/wp\/v2\/types\/product"}],"replies":[{"embeddable":true,"href":"https:\/\/ddt.lv\/lv\/wp-json\/wp\/v2\/comments?post=39607"}],"wp:featuredmedia":[{"embeddable":true,"href":"https:\/\/ddt.lv\/lv\/wp-json\/wp\/v2\/media\/39759"}],"wp:attachment":[{"href":"https:\/\/ddt.lv\/lv\/wp-json\/wp\/v2\/media?parent=39607"}],"wp:term":[{"taxonomy":"product_cat","embeddable":true,"href":"https:\/\/ddt.lv\/lv\/wp-json\/wp\/v2\/product_cat?post=39607"},{"taxonomy":"product_tag","embeddable":true,"href":"https:\/\/ddt.lv\/lv\/wp-json\/wp\/v2\/product_tag?post=39607"},{"taxonomy":"yst_prominent_words","embeddable":true,"href":"https:\/\/ddt.lv\/lv\/wp-json\/wp\/v2\/yst_prominent_words?post=39607"}],"curies":[{"name":"wp","href":"https:\/\/api.w.org\/{rel}","templated":true}]}}