{"id":39601,"date":"2024-05-04T21:00:39","date_gmt":"2024-05-04T18:00:39","guid":{"rendered":"https:\/\/ddt.lv\/lv\/product\/antena-univ-0-80km-dab-dvb-t-t2-lte-4g-5g-470-698mhz-emos\/"},"modified":"2026-04-08T14:42:32","modified_gmt":"2026-04-08T11:42:32","slug":"antena-univ-0-80km-dab-dvb-t-t2-lte-4g-5g-470-698mhz-emos","status":"publish","type":"product","link":"https:\/\/ddt.lv\/lv\/product\/antena-univ-0-80km-dab-dvb-t-t2-lte-4g-5g-470-698mhz-emos\/","title":{"rendered":"Antena univ. 0-80km DAB\/DVB-T\/T2\/LTE\/4G\/5G 470-698MHZ EMOS"},"content":{"rendered":"<p>Antena univers\u0101la 0-80km DAB\/DVB-T\/T2\/LTE\/4G\/5G 470-698MHZ no ra\u017eot\u0101ja EMOS.<\/p>\n<div class=\"emos-row-bg\">\n<div class=\"emos-row\">\n<div class=\"emos-box-1of2\">\n<div class=\"emos-box-text\">\n<h3>Simp\u0101tiska iek\u0161telpu un \u0101ra antena<\/h3>\n<p>Simp\u0101tiska iek\u0161telpu un \u0101ra antena\u00a0<strong>EMOS CAMP-V400<\/strong>\u00a0platjoslas antena pier\u0101da, ka j\u016bs varat baud\u012bt augstas kvalit\u0101tes sign\u0101lu katru dienu bez raiz\u0113m. T\u0101s\u00a0<strong>neuzkr\u012bto\u0161\u0101 kr\u0101sa un izm\u0113rs<\/strong>\u00a0230 \u00d7 80 \u00d7 120 mm \u013cauj viegli aizmirst, ka t\u0101 ir j\u016bsu r\u012bc\u012bb\u0101. Ta\u010du, iesl\u0113dzot televizoru, lieliskais att\u0113ls un ska\u0146a nekav\u0113joties atg\u0101din\u0101s par t\u0101s kl\u0101tb\u016btni. T\u0101 ir antena ar\u00a0<strong>uztver\u0161anas le\u0146\u0137i 180\u00b0<\/strong>, kas apstr\u0101d\u0101\u00a0<strong>radio un TV p\u0101rraides<\/strong> (FM, DAB, DVB-T un DVB-T2).<\/p>\n<\/div>\n<\/div>\n<\/div>\n<\/div>\n<div class=\"emos-row-bg\">\n<div class=\"emos-row\">\n<div class=\"emos-box-1of2\">\n<div class=\"emos-box-text\">\n<p>Ja dz\u012bvojat adres\u0113, kas atrodas vair\u0101ku raid\u012bt\u0101ju tuvum\u0101, jums vairs nav j\u0101izlemj, kuram no tiem dodat priek\u0161roku. CAMP-V400 antena var uztvert\u00a0sign\u0101lus no vair\u0101kiem raid\u012bt\u0101jiem vienlaikus.\u00a0No otras puses, to absol\u016bti netrauc\u0113s nevajadz\u012bgi mobilie dati &#8211; par to par\u016bp\u0113sies\u00a0LTE un 5G filtrs. Viss, kas jums atliek, ir \u0113rti iek\u0101rtoties uz d\u012bv\u0101na, izloc\u012bt k\u0101jas un kop\u0101 ar \u0123imeni baud\u012bt iecien\u012bt\u0101k\u0101s filmas, seri\u0101lus vai sporta p\u0101rraides\u00a0piln\u0101 HD kvalit\u0101t\u0113.<\/p>\n<\/div>\n<\/div>\n<\/div>\n<\/div>\n<div class=\"emos-row-bg\">\n<div class=\"emos-row\">\n<div class=\"emos-box-1of2\">\n<div class=\"emos-box-text\">\n<p>At\u0161\u0137ir\u012bb\u0101 no citiem mode\u013ciem CAMP-V400 var izv\u0113l\u0113ties, vai to izmantot k\u0101\u00a0<strong>antenu uz jumta vai iek\u0161telp\u0101s.\u00a0<\/strong>\u0160\u012bm un cit\u0101m iesp\u0113j\u0101m m\u0113s pieg\u0101d\u0101jam visu nepiecie\u0161amo apr\u012bkojumu, t\u0101p\u0113c tikai no jums ir atkar\u012bgs, vai to uzst\u0101d\u012bsiet\u00a0<strong>uz jumta antenas stiprin\u0101juma, m\u0101jas fas\u0101des, balkona margas<\/strong>\u00a0vai izliksiet\u00a0<strong>dz\u012bvojam\u0101 istab\u0101.<\/strong><\/p>\n<\/div>\n<\/div>\n<\/div>\n<\/div>\n<div class=\"emos-row-bg\">\n<div class=\"emos-row\">\n<div class=\"emos-box-1of2\">\n<div class=\"emos-box-text\">\n<h3>Uzl\u0101de ar USB adapteri<\/h3>\n<p>Vai v\u0113laties izmantot antenu viet\u0101s, kur nav 230 V elektrot\u012bkla sprieguma, piem\u0113ram, treiler\u012b vai atva\u013cin\u0101jum\u0101 uz ku\u0123a? Nav probl\u0113mu. Antenu darbina\u00a0<strong>USB adapteris<\/strong>, kas \u013cauj to izmantot visur, kur ir pieejams USB ports. Antenai ir pievienots USB kabelis un USB baro\u0161anas avots. Komplekt\u0101 ir ar\u012b\u00a0<strong>koaksi\u0101lais piecu metru kabelis<\/strong>, kas apr\u012bkots ar savienot\u0101jiem, lai atvieglotu antenas uzst\u0101d\u012b\u0161anu. Ener\u0123ijas padevei var izmantot ar\u012b USB piesl\u0113gvietu tie\u0161i televizor\u0101 vai televizora pier\u012bc\u0113.<\/p>\n<\/div>\n<\/div>\n<\/div>\n<\/div>\n<div class=\"emos-row-bg\">\n<div class=\"emos-row\">\n<div class=\"emos-box-1of2\">\n<div class=\"emos-box-text\">\n<p>Vai esi viens no piedz\u012bvojumu piekrit\u0113jiem, kam pat\u012bk nomain\u012bt viesn\u012bcas atva\u013cin\u0101juma komfortu pret\u00a0<strong>priv\u0101tumu, br\u012bv\u012bbu un neaizmirstamu kempinga pieredzi<\/strong>? Un tom\u0113r nev\u0113laties atteikties no vakara slinkuma pie televizora ar\u012b ce\u013cojuma laik\u0101? Ieg\u0101d\u0101jieties digit\u0101lo antenu savam treilerim vai kemperim. T\u0101 jums neb\u016bs garlaic\u012bgi pat sliktos laikapst\u0101k\u013cos.<\/p>\n<\/div>\n<\/div>\n<\/div>\n<\/div>\n<p>&nbsp;<\/p>","protected":false},"excerpt":{"rendered":"<p>Antena univers\u0101la 0-80km DAB\/DVB-T\/T2\/LTE\/4G\/5G 470-698MHZ no ra\u017eot\u0101ja EMOS. Simp\u0101tiska iek\u0161telpu un \u0101ra antena Simp\u0101tiska iek\u0161telpu un \u0101ra antena\u00a0EMOS CAMP-V400\u00a0platjoslas antena pier\u0101da, ka j\u016bs varat baud\u012bt augstas kvalit\u0101tes sign\u0101lu katru dienu bez raiz\u0113m. T\u0101s\u00a0neuzkr\u012bto\u0161\u0101 kr\u0101sa un izm\u0113rs\u00a0230 \u00d7 80 \u00d7 120 mm \u013cauj viegli aizmirst, ka t\u0101 ir j\u016bsu r\u012bc\u012bb\u0101. Ta\u010du, iesl\u0113dzot televizoru, lieliskais att\u0113ls un [&hellip;]<\/p>\n","protected":false},"featured_media":39731,"comment_status":"closed","ping_status":"closed","template":"","meta":{"inline_featured_image":false},"product_cat":[699],"product_tag":[],"yst_prominent_words":[],"class_list":{"0":"post-39601","1":"product","2":"type-product","3":"status-publish","4":"has-post-thumbnail","6":"product_cat-ara-antenas","8":"first","9":"outofstock","10":"taxable","11":"shipping-taxable","12":"purchasable","13":"product-type-simple"},"jetpack_sharing_enabled":true,"_links":{"self":[{"href":"https:\/\/ddt.lv\/lv\/wp-json\/wp\/v2\/product\/39601"}],"collection":[{"href":"https:\/\/ddt.lv\/lv\/wp-json\/wp\/v2\/product"}],"about":[{"href":"https:\/\/ddt.lv\/lv\/wp-json\/wp\/v2\/types\/product"}],"replies":[{"embeddable":true,"href":"https:\/\/ddt.lv\/lv\/wp-json\/wp\/v2\/comments?post=39601"}],"wp:featuredmedia":[{"embeddable":true,"href":"https:\/\/ddt.lv\/lv\/wp-json\/wp\/v2\/media\/39731"}],"wp:attachment":[{"href":"https:\/\/ddt.lv\/lv\/wp-json\/wp\/v2\/media?parent=39601"}],"wp:term":[{"taxonomy":"product_cat","embeddable":true,"href":"https:\/\/ddt.lv\/lv\/wp-json\/wp\/v2\/product_cat?post=39601"},{"taxonomy":"product_tag","embeddable":true,"href":"https:\/\/ddt.lv\/lv\/wp-json\/wp\/v2\/product_tag?post=39601"},{"taxonomy":"yst_prominent_words","embeddable":true,"href":"https:\/\/ddt.lv\/lv\/wp-json\/wp\/v2\/yst_prominent_words?post=39601"}],"curies":[{"name":"wp","href":"https:\/\/api.w.org\/{rel}","templated":true}]}}