{"id":39598,"date":"2024-05-04T21:00:35","date_gmt":"2024-05-04T18:00:35","guid":{"rendered":"https:\/\/ddt.lv\/lv\/product\/bezvadu-digitala-meteorolog-stac-melna-3xaaa-2xaaa-emos\/"},"modified":"2026-04-01T00:23:04","modified_gmt":"2026-03-31T21:23:04","slug":"bezvadu-digitala-meteorolog-stac-melna-3xaaa-2xaaa-emos","status":"publish","type":"product","link":"https:\/\/ddt.lv\/lv\/product\/bezvadu-digitala-meteorolog-stac-melna-3xaaa-2xaaa-emos\/","title":{"rendered":"Bezvadu digit\u0101l\u0101 meteorolo\u0123. stac. melna 3xAAA+2xAAA) EMOS"},"content":{"rendered":"<p>Bezvadu digit\u0101l\u0101 meteorolo\u0123isk\u0101\u00a0 stacija melna (3xAAA+2xAAA) no ra\u017eot\u0101ja EMOS<\/p>","protected":false},"excerpt":{"rendered":"<p>Bezvadu digit\u0101l\u0101 meteorolo\u0123isk\u0101\u00a0 stacija melna (3xAAA+2xAAA) no ra\u017eot\u0101ja EMOS<\/p>\n","protected":false},"featured_media":39709,"comment_status":"closed","ping_status":"closed","template":"","meta":{"inline_featured_image":false},"product_cat":[541],"product_tag":[],"yst_prominent_words":[],"class_list":{"0":"post-39598","1":"product","2":"type-product","3":"status-publish","4":"has-post-thumbnail","6":"product_cat-termometri-meteostacijas","8":"first","9":"outofstock","10":"taxable","11":"shipping-taxable","12":"purchasable","13":"product-type-simple"},"jetpack_sharing_enabled":true,"_links":{"self":[{"href":"https:\/\/ddt.lv\/lv\/wp-json\/wp\/v2\/product\/39598"}],"collection":[{"href":"https:\/\/ddt.lv\/lv\/wp-json\/wp\/v2\/product"}],"about":[{"href":"https:\/\/ddt.lv\/lv\/wp-json\/wp\/v2\/types\/product"}],"replies":[{"embeddable":true,"href":"https:\/\/ddt.lv\/lv\/wp-json\/wp\/v2\/comments?post=39598"}],"wp:featuredmedia":[{"embeddable":true,"href":"https:\/\/ddt.lv\/lv\/wp-json\/wp\/v2\/media\/39709"}],"wp:attachment":[{"href":"https:\/\/ddt.lv\/lv\/wp-json\/wp\/v2\/media?parent=39598"}],"wp:term":[{"taxonomy":"product_cat","embeddable":true,"href":"https:\/\/ddt.lv\/lv\/wp-json\/wp\/v2\/product_cat?post=39598"},{"taxonomy":"product_tag","embeddable":true,"href":"https:\/\/ddt.lv\/lv\/wp-json\/wp\/v2\/product_tag?post=39598"},{"taxonomy":"yst_prominent_words","embeddable":true,"href":"https:\/\/ddt.lv\/lv\/wp-json\/wp\/v2\/yst_prominent_words?post=39598"}],"curies":[{"name":"wp","href":"https:\/\/api.w.org\/{rel}","templated":true}]}}