{"id":39597,"date":"2024-05-04T21:00:35","date_gmt":"2024-05-04T18:00:35","guid":{"rendered":"https:\/\/ddt.lv\/lv\/product\/bezvadu-digitala-meteorolog-stac-balta2xaa-2xaaaemos\/"},"modified":"2026-04-01T00:23:01","modified_gmt":"2026-03-31T21:23:01","slug":"bezvadu-digitala-meteorolog-stac-balta2xaa-2xaaaemos","status":"publish","type":"product","link":"https:\/\/ddt.lv\/lv\/product\/bezvadu-digitala-meteorolog-stac-balta2xaa-2xaaaemos\/","title":{"rendered":"Bezvadu digit\u0101l\u0101 meteorolo\u0123. stac. balta(2xAA+2xAAA)EMOS"},"content":{"rendered":"<p>Bezvadu digit\u0101l\u0101 meteorolo\u0123\u012bsk\u0101\u00a0 stacija balta(2xAA+2xAAA) no ra\u017eot\u0101ja EMOS<\/p>","protected":false},"excerpt":{"rendered":"<p>Bezvadu digit\u0101l\u0101 meteorolo\u0123\u012bsk\u0101\u00a0 stacija balta(2xAA+2xAAA) no ra\u017eot\u0101ja EMOS<\/p>\n","protected":false},"featured_media":39704,"comment_status":"closed","ping_status":"closed","template":"","meta":{"inline_featured_image":false},"product_cat":[772,541],"product_tag":[],"yst_prominent_words":[],"class_list":{"0":"post-39597","1":"product","2":"type-product","3":"status-publish","4":"has-post-thumbnail","6":"product_cat-atlaides","7":"product_cat-termometri-meteostacijas","9":"first","10":"outofstock","11":"sale","12":"taxable","13":"shipping-taxable","14":"purchasable","15":"product-type-simple"},"jetpack_sharing_enabled":true,"_links":{"self":[{"href":"https:\/\/ddt.lv\/lv\/wp-json\/wp\/v2\/product\/39597"}],"collection":[{"href":"https:\/\/ddt.lv\/lv\/wp-json\/wp\/v2\/product"}],"about":[{"href":"https:\/\/ddt.lv\/lv\/wp-json\/wp\/v2\/types\/product"}],"replies":[{"embeddable":true,"href":"https:\/\/ddt.lv\/lv\/wp-json\/wp\/v2\/comments?post=39597"}],"wp:featuredmedia":[{"embeddable":true,"href":"https:\/\/ddt.lv\/lv\/wp-json\/wp\/v2\/media\/39704"}],"wp:attachment":[{"href":"https:\/\/ddt.lv\/lv\/wp-json\/wp\/v2\/media?parent=39597"}],"wp:term":[{"taxonomy":"product_cat","embeddable":true,"href":"https:\/\/ddt.lv\/lv\/wp-json\/wp\/v2\/product_cat?post=39597"},{"taxonomy":"product_tag","embeddable":true,"href":"https:\/\/ddt.lv\/lv\/wp-json\/wp\/v2\/product_tag?post=39597"},{"taxonomy":"yst_prominent_words","embeddable":true,"href":"https:\/\/ddt.lv\/lv\/wp-json\/wp\/v2\/yst_prominent_words?post=39597"}],"curies":[{"name":"wp","href":"https:\/\/api.w.org\/{rel}","templated":true}]}}