{"id":39483,"date":"2024-04-02T13:20:27","date_gmt":"2024-04-02T10:20:27","guid":{"rendered":"https:\/\/ddt.lv\/lv\/product\/tc-s-9w-840-g23-radium-ekonomiska-spuldze\/"},"modified":"2026-04-13T10:02:39","modified_gmt":"2026-04-13T07:02:39","slug":"tc-s-9w-840-g23-radium-ekonomiska-spuldze","status":"publish","type":"product","link":"https:\/\/ddt.lv\/lv\/product\/tc-s-9w-840-g23-radium-ekonomiska-spuldze\/","title":{"rendered":"TC-S 9W\/840 G23 Radium ekonomisk\u0101 spuldze"},"content":{"rendered":"<p>TC-S 9W\/840 G23 Radium ekonomisk\u0101 spuldze.<\/p>\n<p>Kompakta dienasgaismas spuldze, gaismas kr\u0101sa 840, augsta gaismas efektivit\u0101te, laba kr\u0101su atveide, ilgs kalpo\u0161anas laiks, b\u0101ze G23. Nebl\u0101vs, ar ieb\u016bv\u0113tu starteri.<\/p>","protected":false},"excerpt":{"rendered":"<p>TC-S 9W\/840 G23 Radium ekonomisk\u0101 spuldze. Kompakta dienasgaismas spuldze, gaismas kr\u0101sa 840, augsta gaismas efektivit\u0101te, laba kr\u0101su atveide, ilgs kalpo\u0161anas laiks, b\u0101ze G23. Nebl\u0101vs, ar ieb\u016bv\u0113tu starteri.<\/p>\n","protected":false},"featured_media":39514,"comment_status":"closed","ping_status":"closed","template":"","meta":{"inline_featured_image":false},"product_cat":[868],"product_tag":[],"yst_prominent_words":[],"class_list":{"0":"post-39483","1":"product","2":"type-product","3":"status-publish","4":"has-post-thumbnail","6":"product_cat-g23-spuldzes-cf-kompaktas-spuldzes-luminiscentas-spuldzes-spuldzes","8":"first","9":"outofstock","10":"taxable","11":"shipping-taxable","12":"purchasable","13":"product-type-simple"},"jetpack_sharing_enabled":true,"_links":{"self":[{"href":"https:\/\/ddt.lv\/lv\/wp-json\/wp\/v2\/product\/39483"}],"collection":[{"href":"https:\/\/ddt.lv\/lv\/wp-json\/wp\/v2\/product"}],"about":[{"href":"https:\/\/ddt.lv\/lv\/wp-json\/wp\/v2\/types\/product"}],"replies":[{"embeddable":true,"href":"https:\/\/ddt.lv\/lv\/wp-json\/wp\/v2\/comments?post=39483"}],"wp:featuredmedia":[{"embeddable":true,"href":"https:\/\/ddt.lv\/lv\/wp-json\/wp\/v2\/media\/39514"}],"wp:attachment":[{"href":"https:\/\/ddt.lv\/lv\/wp-json\/wp\/v2\/media?parent=39483"}],"wp:term":[{"taxonomy":"product_cat","embeddable":true,"href":"https:\/\/ddt.lv\/lv\/wp-json\/wp\/v2\/product_cat?post=39483"},{"taxonomy":"product_tag","embeddable":true,"href":"https:\/\/ddt.lv\/lv\/wp-json\/wp\/v2\/product_tag?post=39483"},{"taxonomy":"yst_prominent_words","embeddable":true,"href":"https:\/\/ddt.lv\/lv\/wp-json\/wp\/v2\/yst_prominent_words?post=39483"}],"curies":[{"name":"wp","href":"https:\/\/api.w.org\/{rel}","templated":true}]}}