{"id":39481,"date":"2024-04-02T13:20:27","date_gmt":"2024-04-02T10:20:27","guid":{"rendered":"https:\/\/ddt.lv\/lv\/product\/tcd-26w-830-g24d-3-radiumralux-ekonomiska-spuldze\/"},"modified":"2026-04-08T14:42:21","modified_gmt":"2026-04-08T11:42:21","slug":"tcd-26w-830-g24d-3-radiumralux-ekonomiska-spuldze","status":"publish","type":"product","link":"https:\/\/ddt.lv\/lv\/product\/tcd-26w-830-g24d-3-radiumralux-ekonomiska-spuldze\/","title":{"rendered":"TCD 26W\/830 G24d-3 RadiumRalux ekonomisk\u0101 spuldze"},"content":{"rendered":"<p>TCD 26W\/830 G24d-3 RadiumRalux ekonomisk\u0101 spuldze, no ra\u017eot\u0101ja Radium<\/p>","protected":false},"excerpt":{"rendered":"<p>TCD 26W\/830 G24d-3 RadiumRalux ekonomisk\u0101 spuldze, no ra\u017eot\u0101ja Radium<\/p>\n","protected":false},"featured_media":39500,"comment_status":"closed","ping_status":"closed","template":"","meta":{"inline_featured_image":false},"product_cat":[865],"product_tag":[],"yst_prominent_words":[],"class_list":{"0":"post-39481","1":"product","2":"type-product","3":"status-publish","4":"has-post-thumbnail","6":"product_cat-g24-spuldzes-cf-kompaktas-spuldzes-luminiscentas-spuldzes-spuldzes","8":"first","9":"outofstock","10":"taxable","11":"shipping-taxable","12":"purchasable","13":"product-type-simple"},"jetpack_sharing_enabled":true,"_links":{"self":[{"href":"https:\/\/ddt.lv\/lv\/wp-json\/wp\/v2\/product\/39481"}],"collection":[{"href":"https:\/\/ddt.lv\/lv\/wp-json\/wp\/v2\/product"}],"about":[{"href":"https:\/\/ddt.lv\/lv\/wp-json\/wp\/v2\/types\/product"}],"replies":[{"embeddable":true,"href":"https:\/\/ddt.lv\/lv\/wp-json\/wp\/v2\/comments?post=39481"}],"wp:featuredmedia":[{"embeddable":true,"href":"https:\/\/ddt.lv\/lv\/wp-json\/wp\/v2\/media\/39500"}],"wp:attachment":[{"href":"https:\/\/ddt.lv\/lv\/wp-json\/wp\/v2\/media?parent=39481"}],"wp:term":[{"taxonomy":"product_cat","embeddable":true,"href":"https:\/\/ddt.lv\/lv\/wp-json\/wp\/v2\/product_cat?post=39481"},{"taxonomy":"product_tag","embeddable":true,"href":"https:\/\/ddt.lv\/lv\/wp-json\/wp\/v2\/product_tag?post=39481"},{"taxonomy":"yst_prominent_words","embeddable":true,"href":"https:\/\/ddt.lv\/lv\/wp-json\/wp\/v2\/yst_prominent_words?post=39481"}],"curies":[{"name":"wp","href":"https:\/\/api.w.org\/{rel}","templated":true}]}}