{"id":39272,"date":"2024-03-25T10:00:38","date_gmt":"2024-03-25T08:00:38","guid":{"rendered":"https:\/\/ddt.lv\/lv\/product\/pagarinatajs-4-3m-ar-sl-a-z-ip44-15mm-3680w-sark-mel-emos\/"},"modified":"2026-04-13T10:02:46","modified_gmt":"2026-04-13T07:02:46","slug":"pagarinatajs-4-3m-ar-sl-a-z-ip44-15mm-3680w-sark-mel-emos","status":"publish","type":"product","link":"https:\/\/ddt.lv\/lv\/product\/pagarinatajs-4-3m-ar-sl-a-z-ip44-15mm-3680w-sark-mel-emos\/","title":{"rendered":"Pagarin\u0101t\u0101js 4\/3m ar sl. a\/z IP44 1,5mm 3680W sark\/mel. EMOS"},"content":{"rendered":"<p>Pagarin\u0101t\u0101js 4\/3m ar sl\u0113dzi ar aizsargv\u0101ci\u0146iem a\/z IP44 1,5mm 3680W sarkans\/melns no ra\u017eot\u0101ja EMOS<\/p>","protected":false},"excerpt":{"rendered":"<p>Pagarin\u0101t\u0101js 4\/3m ar sl\u0113dzi ar aizsargv\u0101ci\u0146iem a\/z IP44 1,5mm 3680W sarkans\/melns no ra\u017eot\u0101ja EMOS<\/p>\n","protected":false},"featured_media":39463,"comment_status":"closed","ping_status":"closed","template":"","meta":{"inline_featured_image":false},"product_cat":[746],"product_tag":[],"yst_prominent_words":[],"class_list":{"0":"post-39272","1":"product","2":"type-product","3":"status-publish","4":"has-post-thumbnail","6":"product_cat-pagarinataji-pagarinataji-un-sadalitaji","8":"first","9":"instock","10":"taxable","11":"shipping-taxable","12":"purchasable","13":"product-type-simple"},"jetpack_sharing_enabled":true,"_links":{"self":[{"href":"https:\/\/ddt.lv\/lv\/wp-json\/wp\/v2\/product\/39272"}],"collection":[{"href":"https:\/\/ddt.lv\/lv\/wp-json\/wp\/v2\/product"}],"about":[{"href":"https:\/\/ddt.lv\/lv\/wp-json\/wp\/v2\/types\/product"}],"replies":[{"embeddable":true,"href":"https:\/\/ddt.lv\/lv\/wp-json\/wp\/v2\/comments?post=39272"}],"wp:featuredmedia":[{"embeddable":true,"href":"https:\/\/ddt.lv\/lv\/wp-json\/wp\/v2\/media\/39463"}],"wp:attachment":[{"href":"https:\/\/ddt.lv\/lv\/wp-json\/wp\/v2\/media?parent=39272"}],"wp:term":[{"taxonomy":"product_cat","embeddable":true,"href":"https:\/\/ddt.lv\/lv\/wp-json\/wp\/v2\/product_cat?post=39272"},{"taxonomy":"product_tag","embeddable":true,"href":"https:\/\/ddt.lv\/lv\/wp-json\/wp\/v2\/product_tag?post=39272"},{"taxonomy":"yst_prominent_words","embeddable":true,"href":"https:\/\/ddt.lv\/lv\/wp-json\/wp\/v2\/yst_prominent_words?post=39272"}],"curies":[{"name":"wp","href":"https:\/\/api.w.org\/{rel}","templated":true}]}}