{"id":39265,"date":"2024-03-25T10:00:36","date_gmt":"2024-03-25T08:00:36","guid":{"rendered":"https:\/\/ddt.lv\/lv\/product\/russkij-svetodiodnyj-prozhektor-20vt-ip65-2200lm-4k-s-sens-antrac-inovo-emos\/"},"modified":"2026-04-08T14:42:21","modified_gmt":"2026-04-08T11:42:21","slug":"russkij-svetodiodnyj-prozhektor-20vt-ip65-2200lm-4k-s-sens-antrac-inovo-emos","status":"publish","type":"product","link":"https:\/\/ddt.lv\/lv\/product\/russkij-svetodiodnyj-prozhektor-20vt-ip65-2200lm-4k-s-sens-antrac-inovo-emos\/","title":{"rendered":"LED pro\u017eektors 150W IP65 16500lm 4000K antrac. INOVO EMOS"},"content":{"rendered":"<p><\/p>\n<h1 class=\"box-detail__title__text  box-detail__title__text--with-number\">LED pro\u017eektors INOVO, 150 W, pel\u0113ks, neitr\u0101li balts no ra\u017eot\u0101ja Emos.<\/h1>\n<p><\/p>","protected":false},"excerpt":{"rendered":"<p>LED pro\u017eektors INOVO, 150 W, pel\u0113ks, neitr\u0101li balts no ra\u017eot\u0101ja Emos.<\/p>\n","protected":false},"featured_media":39420,"comment_status":"closed","ping_status":"closed","template":"","meta":{"inline_featured_image":false},"product_cat":[908],"product_tag":[],"yst_prominent_words":[],"class_list":{"0":"post-39265","1":"product","2":"type-product","3":"status-publish","4":"has-post-thumbnail","6":"product_cat-led-prozektori","8":"first","9":"outofstock","10":"taxable","11":"shipping-taxable","12":"purchasable","13":"product-type-simple"},"jetpack_sharing_enabled":true,"_links":{"self":[{"href":"https:\/\/ddt.lv\/lv\/wp-json\/wp\/v2\/product\/39265"}],"collection":[{"href":"https:\/\/ddt.lv\/lv\/wp-json\/wp\/v2\/product"}],"about":[{"href":"https:\/\/ddt.lv\/lv\/wp-json\/wp\/v2\/types\/product"}],"replies":[{"embeddable":true,"href":"https:\/\/ddt.lv\/lv\/wp-json\/wp\/v2\/comments?post=39265"}],"wp:featuredmedia":[{"embeddable":true,"href":"https:\/\/ddt.lv\/lv\/wp-json\/wp\/v2\/media\/39420"}],"wp:attachment":[{"href":"https:\/\/ddt.lv\/lv\/wp-json\/wp\/v2\/media?parent=39265"}],"wp:term":[{"taxonomy":"product_cat","embeddable":true,"href":"https:\/\/ddt.lv\/lv\/wp-json\/wp\/v2\/product_cat?post=39265"},{"taxonomy":"product_tag","embeddable":true,"href":"https:\/\/ddt.lv\/lv\/wp-json\/wp\/v2\/product_tag?post=39265"},{"taxonomy":"yst_prominent_words","embeddable":true,"href":"https:\/\/ddt.lv\/lv\/wp-json\/wp\/v2\/yst_prominent_words?post=39265"}],"curies":[{"name":"wp","href":"https:\/\/api.w.org\/{rel}","templated":true}]}}