{"id":39259,"date":"2024-03-25T09:40:29","date_gmt":"2024-03-25T07:40:29","guid":{"rendered":"https:\/\/ddt.lv\/lv\/product\/led-galda-lampa-platinet-ar-knagi-3w-180lm-2800k-7000k-dim-balta\/"},"modified":"2026-04-13T09:57:21","modified_gmt":"2026-04-13T06:57:21","slug":"led-galda-lampa-platinet-ar-knagi-3w-180lm-2800k-7000k-dim-balta","status":"publish","type":"product","link":"https:\/\/ddt.lv\/lv\/product\/led-galda-lampa-platinet-ar-knagi-3w-180lm-2800k-7000k-dim-balta-2\/","title":{"rendered":"LED Galda lampa Platinet, ar kna\u0123i 3W 180lm 2800K-7000K DIM balta"},"content":{"rendered":"<p>LED Galda lampa\u00a0 ar kna\u0123i 3W 180lm 2800K-7000K DIM balta, dimm\u0113ja, no ra\u017eot\u0101ja Platinet.<\/p>","protected":false},"excerpt":{"rendered":"<p>LED Galda lampa\u00a0 ar kna\u0123i 3W 180lm 2800K-7000K DIM balta, dimm\u0113ja, no ra\u017eot\u0101ja Platinet.<\/p>\n","protected":false},"featured_media":39404,"comment_status":"closed","ping_status":"closed","template":"","meta":{"inline_featured_image":false},"product_cat":[1292,746],"product_tag":[],"yst_prominent_words":[],"class_list":{"0":"post-39259","1":"product","2":"type-product","3":"status-publish","4":"has-post-thumbnail","6":"product_cat-galda-lampas-un-stavlampas-apgaismojums","7":"product_cat-pagarinataji-pagarinataji-un-sadalitaji","9":"first","10":"outofstock","11":"taxable","12":"shipping-taxable","13":"purchasable","14":"product-type-simple"},"jetpack_sharing_enabled":true,"_links":{"self":[{"href":"https:\/\/ddt.lv\/lv\/wp-json\/wp\/v2\/product\/39259"}],"collection":[{"href":"https:\/\/ddt.lv\/lv\/wp-json\/wp\/v2\/product"}],"about":[{"href":"https:\/\/ddt.lv\/lv\/wp-json\/wp\/v2\/types\/product"}],"replies":[{"embeddable":true,"href":"https:\/\/ddt.lv\/lv\/wp-json\/wp\/v2\/comments?post=39259"}],"wp:featuredmedia":[{"embeddable":true,"href":"https:\/\/ddt.lv\/lv\/wp-json\/wp\/v2\/media\/39404"}],"wp:attachment":[{"href":"https:\/\/ddt.lv\/lv\/wp-json\/wp\/v2\/media?parent=39259"}],"wp:term":[{"taxonomy":"product_cat","embeddable":true,"href":"https:\/\/ddt.lv\/lv\/wp-json\/wp\/v2\/product_cat?post=39259"},{"taxonomy":"product_tag","embeddable":true,"href":"https:\/\/ddt.lv\/lv\/wp-json\/wp\/v2\/product_tag?post=39259"},{"taxonomy":"yst_prominent_words","embeddable":true,"href":"https:\/\/ddt.lv\/lv\/wp-json\/wp\/v2\/yst_prominent_words?post=39259"}],"curies":[{"name":"wp","href":"https:\/\/api.w.org\/{rel}","templated":true}]}}