{"id":39257,"date":"2024-03-25T09:40:28","date_gmt":"2024-03-25T07:40:28","guid":{"rendered":"https:\/\/ddt.lv\/lv\/product\/russkij-nastolnaya-lampa-james-led-8w-450lm-ip20-3k-4k-6k-chernyj-emos\/"},"modified":"2026-04-08T14:41:59","modified_gmt":"2026-04-08T11:41:59","slug":"russkij-nastolnaya-lampa-james-led-8w-450lm-ip20-3k-4k-6k-chernyj-emos","status":"publish","type":"product","link":"https:\/\/ddt.lv\/lv\/product\/russkij-nastolnaya-lampa-james-led-8w-450lm-ip20-3k-4k-6k-chernyj-emos\/","title":{"rendered":"Galda lampa HARRY 25W E27 IP20  tum\u0161i pel\u0113ka EMOS"},"content":{"rendered":"<p>Galda lampa HARRY 25W E27 IP20 tum\u0161i pel\u0113ka no ra\u017eot\u0101ja EMOS<\/p>","protected":false},"excerpt":{"rendered":"<p>Galda lampa HARRY 25W E27 IP20 tum\u0161i pel\u0113ka no ra\u017eot\u0101ja EMOS<\/p>\n","protected":false},"featured_media":39374,"comment_status":"closed","ping_status":"closed","template":"","meta":{"inline_featured_image":false},"product_cat":[746],"product_tag":[],"yst_prominent_words":[],"class_list":{"0":"post-39257","1":"product","2":"type-product","3":"status-publish","4":"has-post-thumbnail","6":"product_cat-pagarinataji-pagarinataji-un-sadalitaji","8":"first","9":"outofstock","10":"taxable","11":"shipping-taxable","12":"purchasable","13":"product-type-simple"},"jetpack_sharing_enabled":true,"_links":{"self":[{"href":"https:\/\/ddt.lv\/lv\/wp-json\/wp\/v2\/product\/39257"}],"collection":[{"href":"https:\/\/ddt.lv\/lv\/wp-json\/wp\/v2\/product"}],"about":[{"href":"https:\/\/ddt.lv\/lv\/wp-json\/wp\/v2\/types\/product"}],"replies":[{"embeddable":true,"href":"https:\/\/ddt.lv\/lv\/wp-json\/wp\/v2\/comments?post=39257"}],"wp:featuredmedia":[{"embeddable":true,"href":"https:\/\/ddt.lv\/lv\/wp-json\/wp\/v2\/media\/39374"}],"wp:attachment":[{"href":"https:\/\/ddt.lv\/lv\/wp-json\/wp\/v2\/media?parent=39257"}],"wp:term":[{"taxonomy":"product_cat","embeddable":true,"href":"https:\/\/ddt.lv\/lv\/wp-json\/wp\/v2\/product_cat?post=39257"},{"taxonomy":"product_tag","embeddable":true,"href":"https:\/\/ddt.lv\/lv\/wp-json\/wp\/v2\/product_tag?post=39257"},{"taxonomy":"yst_prominent_words","embeddable":true,"href":"https:\/\/ddt.lv\/lv\/wp-json\/wp\/v2\/yst_prominent_words?post=39257"}],"curies":[{"name":"wp","href":"https:\/\/api.w.org\/{rel}","templated":true}]}}