{"id":39256,"date":"2024-03-25T09:40:28","date_gmt":"2024-03-25T07:40:28","guid":{"rendered":"https:\/\/ddt.lv\/lv\/product\/galda-lampa-lily-led-13-5w-760lm-ip20-3k-4k-6k-balta-emos\/"},"modified":"2026-04-08T14:42:30","modified_gmt":"2026-04-08T11:42:30","slug":"galda-lampa-lily-led-13-5w-760lm-ip20-3k-4k-6k-balta-emos","status":"publish","type":"product","link":"https:\/\/ddt.lv\/lv\/product\/galda-lampa-lily-led-13-5w-760lm-ip20-3k-4k-6k-balta-emos\/","title":{"rendered":"Galda lampa LILY LED 13.5W 760lm IP20 3K\/4K\/6K balta EMOS"},"content":{"rendered":"<p><\/p>\n<h2 data-start=\"109\" data-end=\"183\">LED galda lampa 13,5W 760 lm | 3000\/4000\/6500K | CRI &gt;90 | Balta | IP20<\/h2>\n<p data-start=\"185\" data-end=\"800\"><strong data-start=\"185\" data-end=\"195\">Kr\u0101sa:<\/strong> balta<br data-start=\"201\" data-end=\"204\" \/><strong data-start=\"204\" data-end=\"214\">Jauda:<\/strong> 13,5 W<br data-start=\"221\" data-end=\"224\" \/><strong data-start=\"224\" data-end=\"243\">Gaismas pl\u016bsma:<\/strong> 760 lm<br data-start=\"250\" data-end=\"253\" \/><strong data-start=\"253\" data-end=\"276\">Kr\u0101sas temperat\u016bra:<\/strong> 3000K \/ 4000K \/ 6500K (silti balta \/ neitr\u0101la \/ auksti balta)<br data-start=\"338\" data-end=\"341\" \/><strong data-start=\"341\" data-end=\"374\">Kr\u0101su atveides indekss (CRI):<\/strong> Ra &gt; 90<br data-start=\"382\" data-end=\"385\" \/><strong data-start=\"385\" data-end=\"399\" data-is-only-node=\"\">Dimm\u0113jama:<\/strong> j\u0101<br data-start=\"402\" data-end=\"405\" \/><strong data-start=\"405\" data-end=\"424\">Baro\u0161anas tips:<\/strong> no t\u012bkla<br data-start=\"433\" data-end=\"436\" \/><strong data-start=\"436\" data-end=\"449\">Baro\u0161ana:<\/strong> 10 V \/ 1 A<br data-start=\"460\" data-end=\"463\" \/><strong data-start=\"463\" data-end=\"477\">Spriegums:<\/strong> 10 V<br data-start=\"482\" data-end=\"485\" \/><strong data-start=\"485\" data-end=\"498\">LED tips:<\/strong> SMD<br data-start=\"502\" data-end=\"505\" \/><strong data-start=\"505\" data-end=\"521\">Vada garums:<\/strong> 1,5 m<br data-start=\"527\" data-end=\"530\" \/><strong data-start=\"530\" data-end=\"553\">Aizsardz\u012bbas klase:<\/strong> IP20<br data-start=\"558\" data-end=\"561\" \/><strong data-start=\"561\" data-end=\"575\">Materi\u0101ls:<\/strong> plastmasa<br data-start=\"585\" data-end=\"588\" \/><strong data-start=\"588\" data-end=\"622\">Iesl\u0113g\u0161anas\/izsl\u0113g\u0161anas cikli:<\/strong> 25 000<br data-start=\"629\" data-end=\"632\" \/><strong data-start=\"632\" data-end=\"653\">Kalpo\u0161anas laiks:<\/strong> 10 000 stundas<br data-start=\"668\" data-end=\"671\" \/><strong data-start=\"671\" data-end=\"694\">Dz\u012bvsudraba saturs:<\/strong> &lt;0 mg<br data-start=\"700\" data-end=\"703\" \/><strong data-start=\"703\" data-end=\"714\">Izm\u0113ri:<\/strong> 330 \u00d7 130 \u00d7 150 mm<br data-start=\"733\" data-end=\"736\" \/><strong data-start=\"736\" data-end=\"750\">Komplekt\u0101:<\/strong> baro\u0161anas bloks<br data-start=\"766\" data-end=\"769\" \/><strong data-start=\"769\" data-end=\"784\">Iepakojums:<\/strong> 1 gab., k\u0101rba<\/p>\n<p data-start=\"802\" data-end=\"962\">Piem\u0113rota darba galdam, birojam vai m\u0101c\u012bbu videi. Tr\u012bs kr\u0101su temperat\u016bras un augsts CRI (&gt;90) nodro\u0161ina dabisku un komfortablu apgaismojumu ikdienas lieto\u0161anai.<\/p>\n<p><\/p>","protected":false},"excerpt":{"rendered":"<p>LED galda lampa 13,5W 760 lm | 3000\/4000\/6500K | CRI &gt;90 | Balta | IP20 Kr\u0101sa: baltaJauda: 13,5 WGaismas pl\u016bsma: 760 lmKr\u0101sas temperat\u016bra: 3000K \/ 4000K \/ 6500K (silti balta \/ neitr\u0101la \/ auksti balta)Kr\u0101su atveides indekss (CRI): Ra &gt; 90Dimm\u0113jama: j\u0101Baro\u0161anas tips: no t\u012bklaBaro\u0161ana: 10 V \/ 1 ASpriegums: 10 VLED tips: SMDVada garums: [&hellip;]<\/p>\n","protected":false},"featured_media":104174,"comment_status":"closed","ping_status":"closed","template":"","meta":{"inline_featured_image":false},"product_cat":[1292,746],"product_tag":[],"yst_prominent_words":[],"class_list":{"0":"post-39256","1":"product","2":"type-product","3":"status-publish","4":"has-post-thumbnail","6":"product_cat-galda-lampas-un-stavlampas-apgaismojums","7":"product_cat-pagarinataji-pagarinataji-un-sadalitaji","9":"first","10":"outofstock","11":"taxable","12":"shipping-taxable","13":"purchasable","14":"product-type-simple"},"jetpack_sharing_enabled":true,"_links":{"self":[{"href":"https:\/\/ddt.lv\/lv\/wp-json\/wp\/v2\/product\/39256"}],"collection":[{"href":"https:\/\/ddt.lv\/lv\/wp-json\/wp\/v2\/product"}],"about":[{"href":"https:\/\/ddt.lv\/lv\/wp-json\/wp\/v2\/types\/product"}],"replies":[{"embeddable":true,"href":"https:\/\/ddt.lv\/lv\/wp-json\/wp\/v2\/comments?post=39256"}],"wp:featuredmedia":[{"embeddable":true,"href":"https:\/\/ddt.lv\/lv\/wp-json\/wp\/v2\/media\/104174"}],"wp:attachment":[{"href":"https:\/\/ddt.lv\/lv\/wp-json\/wp\/v2\/media?parent=39256"}],"wp:term":[{"taxonomy":"product_cat","embeddable":true,"href":"https:\/\/ddt.lv\/lv\/wp-json\/wp\/v2\/product_cat?post=39256"},{"taxonomy":"product_tag","embeddable":true,"href":"https:\/\/ddt.lv\/lv\/wp-json\/wp\/v2\/product_tag?post=39256"},{"taxonomy":"yst_prominent_words","embeddable":true,"href":"https:\/\/ddt.lv\/lv\/wp-json\/wp\/v2\/yst_prominent_words?post=39256"}],"curies":[{"name":"wp","href":"https:\/\/api.w.org\/{rel}","templated":true}]}}