{"id":39254,"date":"2024-03-25T09:40:27","date_gmt":"2024-03-25T07:40:27","guid":{"rendered":"https:\/\/ddt.lv\/lv\/product\/galda-lampa-charles-led-7-6w-550lm-ip20-3k-4k-6k-melna-emos\/"},"modified":"2026-04-13T10:02:44","modified_gmt":"2026-04-13T07:02:44","slug":"galda-lampa-charles-led-7-6w-550lm-ip20-3k-4k-6k-melna-emos","status":"publish","type":"product","link":"https:\/\/ddt.lv\/lv\/product\/galda-lampa-charles-led-7-6w-550lm-ip20-3k-4k-6k-melna-emos\/","title":{"rendered":"Galda lampa CHARLES LED 7.6W 550lm IP20 3K\/4K\/6K melna EMOS"},"content":{"rendered":"<p>Galda lampa CHARLES LED 7.6W 550lm IP20 3K\/4K\/6K melna no ra\u017eot\u0101ja EMOS<\/p>\n<p>CHARLES LED galda lampa<br \/>\nUzlabotas funkcijas un perfekta apgaismojuma vad\u012bba \u2014 t\u0101 ir m\u016bsu CHARLES LED galda lampa. Vienk\u0101r\u0161i pagrieziet vad\u012bbas pogu, lai nep\u0101rtraukti aptum\u0161otu gaismu un izveidotu perfektu darbvietas apgaismojumu.<\/p>\n<p>Bet tas v\u0113l nav viss! Turiet un pagrieziet vad\u012bbas pogu, lai main\u012btu gaismas kr\u0101su. Apvienojum\u0101 ar augstu gaismas pl\u016bsmu 550 lm, CHARLES lampa k\u013c\u016bs par j\u016bsu ide\u0101lu pal\u012bgu vis\u0101m galda darb\u012bb\u0101m, kur labs apgaismojums ir oblig\u0101ts.<\/p>\n<p>Ide\u0101ls apgaismojums darbam, miegam un rota\u013c\u0101m<br \/>\nTuriet un pagrieziet vad\u012bbas pogu, lai piel\u0101gotu gaismas kr\u0101su no siltas baltas (3000 K) l\u012bdz aukstai baltai (6500 K). V\u0113s\u0101ka gai\u0161\u0101 kr\u0101sa pal\u012bdz koncentr\u0113ties un ir \u012bpa\u0161i piem\u0113rota darbam. Silt\u0101 gaismas kr\u0101sa apvienojum\u0101 ar zem\u0101ku gaismas intensit\u0101ti ir optim\u0101la atp\u016btai vai pirms gul\u0113tie\u0161anas.<\/p>\n<p>Vai veidojat video, komunic\u0113jat tie\u0161saist\u0113 vai pat\u012bk fotograf\u0113t soci\u0101lajos t\u012bklos? Pav\u0113r\u0161ot lampas pro\u017eektoru pret sevi, varat to izmantot k\u0101 apgaismojumu. Pateicoties maig\u0101kaj\u0101m \u0113n\u0101m, j\u016bsu seja izskat\u012bsies pasakaini.<\/p>\n<p>Elegants dizains, kas piem\u0113rots jebkuram interjeram.<br \/>\nM\u016bsu lampas elegantais un m\u016b\u017e\u012bgais dizains viegli ieder\u0113sies j\u016bsu interjer\u0101. Papildus uzlabotaj\u0101m gaismas regul\u0113\u0161anas iesp\u0113j\u0101m m\u016bsu lampa ir tik sp\u0113c\u012bga un stabila, kas garant\u0113 t\u0101s ilgu kalpo\u0161anas laiku un uzticam\u012bbu.<\/p>\n<p>Lampas baro\u0161anu nodro\u0161ina komplekt\u0101 iek\u013cautais adapteris. Vienk\u0101r\u0161i pievienojiet to, un j\u016bs uzreiz ieg\u016bsit ide\u0101lu apgaismojumu, kas piem\u0113rots jebkurai darb\u012bbai.<\/p>\n<p>Saliekamais lampas stat\u012bvs ar diviem groz\u0101miem savienojumiem.<br \/>\nPateicoties salok\u0101majai svirai un diviem groz\u0101majiem savienojumiem, j\u016bs varat piel\u0101got lampu tie\u0161i sav\u0101m vajadz\u012bb\u0101m. J\u016bs vienm\u0113r varat virz\u012bt gaismu tie\u0161i tur, kur tas ir nepiecie\u0161ams.<\/p>","protected":false},"excerpt":{"rendered":"<p>Galda lampa CHARLES LED 7.6W 550lm IP20 3K\/4K\/6K melna no ra\u017eot\u0101ja EMOS CHARLES LED galda lampa Uzlabotas funkcijas un perfekta apgaismojuma vad\u012bba \u2014 t\u0101 ir m\u016bsu CHARLES LED galda lampa. Vienk\u0101r\u0161i pagrieziet vad\u012bbas pogu, lai nep\u0101rtraukti aptum\u0161otu gaismu un izveidotu perfektu darbvietas apgaismojumu. Bet tas v\u0113l nav viss! Turiet un pagrieziet vad\u012bbas pogu, lai main\u012btu [&hellip;]<\/p>\n","protected":false},"featured_media":39321,"comment_status":"closed","ping_status":"closed","template":"","meta":{"inline_featured_image":false},"product_cat":[1292,746],"product_tag":[],"yst_prominent_words":[],"class_list":{"0":"post-39254","1":"product","2":"type-product","3":"status-publish","4":"has-post-thumbnail","6":"product_cat-galda-lampas-un-stavlampas-apgaismojums","7":"product_cat-pagarinataji-pagarinataji-un-sadalitaji","9":"first","10":"instock","11":"taxable","12":"shipping-taxable","13":"purchasable","14":"product-type-simple"},"jetpack_sharing_enabled":true,"_links":{"self":[{"href":"https:\/\/ddt.lv\/lv\/wp-json\/wp\/v2\/product\/39254"}],"collection":[{"href":"https:\/\/ddt.lv\/lv\/wp-json\/wp\/v2\/product"}],"about":[{"href":"https:\/\/ddt.lv\/lv\/wp-json\/wp\/v2\/types\/product"}],"replies":[{"embeddable":true,"href":"https:\/\/ddt.lv\/lv\/wp-json\/wp\/v2\/comments?post=39254"}],"wp:featuredmedia":[{"embeddable":true,"href":"https:\/\/ddt.lv\/lv\/wp-json\/wp\/v2\/media\/39321"}],"wp:attachment":[{"href":"https:\/\/ddt.lv\/lv\/wp-json\/wp\/v2\/media?parent=39254"}],"wp:term":[{"taxonomy":"product_cat","embeddable":true,"href":"https:\/\/ddt.lv\/lv\/wp-json\/wp\/v2\/product_cat?post=39254"},{"taxonomy":"product_tag","embeddable":true,"href":"https:\/\/ddt.lv\/lv\/wp-json\/wp\/v2\/product_tag?post=39254"},{"taxonomy":"yst_prominent_words","embeddable":true,"href":"https:\/\/ddt.lv\/lv\/wp-json\/wp\/v2\/yst_prominent_words?post=39254"}],"curies":[{"name":"wp","href":"https:\/\/api.w.org\/{rel}","templated":true}]}}