{"id":39252,"date":"2024-03-25T09:40:27","date_gmt":"2024-03-25T07:40:27","guid":{"rendered":"https:\/\/ddt.lv\/lv\/product\/galda-lampa-wesley-led-12w-700lm-ip20-3k-4k-6k-melna-emos\/"},"modified":"2026-04-08T14:42:29","modified_gmt":"2026-04-08T11:42:29","slug":"galda-lampa-wesley-led-12w-700lm-ip20-3k-4k-6k-melna-emos","status":"publish","type":"product","link":"https:\/\/ddt.lv\/lv\/product\/galda-lampa-wesley-led-12w-700lm-ip20-3k-4k-6k-melna-emos\/","title":{"rendered":"Galda lampa WESLEY LED 12W 700lm IP20 3K\/4K\/6K melna EMOS"},"content":{"rendered":"<p>Galda lampa WESLEY LED 12W 700lm IP20 3K\/4K\/6K melna no ra\u017eot\u0101ja\u00a0 EMOS.<\/p>\n<p>LED galda lampa EMOS WESLEY<br \/>\nJa v\u0113laties paveikt darbu, nevajadz\u0113tu par zemu nov\u0113rt\u0113t kvalitat\u012bva apgaismojuma izv\u0113les noz\u012bmi. LED galda lampa WESLEY ir lieliski piem\u0113rota ar\u012b detaliz\u0113tam darbam uz j\u016bsu galda, pateicoties t\u0101s lielajai gaismas pl\u016bsmai 700 lm. Saliekam\u0101 lampa iederas visos modernajos interjeros, un j\u016bs varat izv\u0113l\u0113ties no melnbaltiem variantiem.<\/p>\n<p>Nenoliedzama lampas priek\u0161roc\u012bba ir t\u0101, ka t\u0101 \u013cauj izv\u0113l\u0113ties sev v\u0113lamo kr\u0101su un gaismas intensit\u0101ti. Piecos so\u013cos varat izv\u0113l\u0113ties kr\u0101su no auksti baltas l\u012bdz silti baltai, un sk\u0101rienjut\u012bg\u0101 nep\u0101rtraukt\u0101 aptum\u0161o\u0161ana r\u016bp\u0113jas par intensit\u0101tes regul\u0113\u0161anu diapazon\u0101 no 10 l\u012bdz 100%. Ide\u0101li apgaismojuma apst\u0101k\u013ci videozvaniem un pa\u0161bild\u0113m.<br \/>\nLampai ir salok\u0101ma svira un dubults groz\u0101ms savienojums uz reflektora. Gaismu var \u0113rti v\u0113rst pret griestiem vai sienu, lai telp\u0101 b\u016btu v\u0101j\u0161 apgaismojums. Varat ar\u012b noliekt atstarot\u0101ju vertik\u0101li un pagriezt to tie\u0161i pret sevi. J\u016bs to nov\u0113rt\u0113siet kombin\u0101cij\u0101 ar samazin\u0101tu gaismas intensit\u0101ti un siltu balto kr\u0101su, lai lab\u0101k atveidotu \u0101das toni. \u0160\u012b iestat\u012bjuma lampa var darboties k\u0101 &#8220;soft box&#8221; &#8211; priek\u0161\u0113jais apgaismojums videozvaniem, YouTube videoklipu uz\u0146em\u0161anai vai k\u0101 papildu gaisma &#8220;selfiju&#8221; uz\u0146em\u0161anai.<\/p>\n<p>\u012astas kr\u0101sas vis\u0101m j\u016bsu aktivit\u0101t\u0113m<br \/>\nV\u0113l viena b\u016btiska galda lampas priek\u0161roc\u012bba ir t\u0101, ka tai ir CRI&gt;95 kr\u0101su atveides indekss. Tas noz\u012bm\u0113, ka \u0161aj\u0101 apgaismojum\u0101 kr\u0101sas izskat\u0101s \u012bstas un nek\u0101d\u0101 veid\u0101 netiek izkrop\u013cotas. Tas padara lampu par ide\u0101lu pavadoni t\u0101d\u0101m aktivit\u0101t\u0113m, kur\u0101s t\u0101s patie\u0161\u0101m ir skaidri j\u0101redz, piem\u0113ram, z\u012bm\u0113\u0161anai, kr\u0101so\u0161anai, \u0161\u016b\u0161anai vai pat puzles salik\u0161anai.<\/p>","protected":false},"excerpt":{"rendered":"<p>Galda lampa WESLEY LED 12W 700lm IP20 3K\/4K\/6K melna no ra\u017eot\u0101ja\u00a0 EMOS. LED galda lampa EMOS WESLEY Ja v\u0113laties paveikt darbu, nevajadz\u0113tu par zemu nov\u0113rt\u0113t kvalitat\u012bva apgaismojuma izv\u0113les noz\u012bmi. LED galda lampa WESLEY ir lieliski piem\u0113rota ar\u012b detaliz\u0113tam darbam uz j\u016bsu galda, pateicoties t\u0101s lielajai gaismas pl\u016bsmai 700 lm. Saliekam\u0101 lampa iederas visos modernajos interjeros, [&hellip;]<\/p>\n","protected":false},"featured_media":39352,"comment_status":"closed","ping_status":"closed","template":"","meta":{"inline_featured_image":false},"product_cat":[772,1292,746],"product_tag":[],"yst_prominent_words":[],"class_list":{"0":"post-39252","1":"product","2":"type-product","3":"status-publish","4":"has-post-thumbnail","6":"product_cat-atlaides","7":"product_cat-galda-lampas-un-stavlampas-apgaismojums","8":"product_cat-pagarinataji-pagarinataji-un-sadalitaji","10":"first","11":"outofstock","12":"sale","13":"taxable","14":"shipping-taxable","15":"purchasable","16":"product-type-simple"},"jetpack_sharing_enabled":true,"_links":{"self":[{"href":"https:\/\/ddt.lv\/lv\/wp-json\/wp\/v2\/product\/39252"}],"collection":[{"href":"https:\/\/ddt.lv\/lv\/wp-json\/wp\/v2\/product"}],"about":[{"href":"https:\/\/ddt.lv\/lv\/wp-json\/wp\/v2\/types\/product"}],"replies":[{"embeddable":true,"href":"https:\/\/ddt.lv\/lv\/wp-json\/wp\/v2\/comments?post=39252"}],"wp:featuredmedia":[{"embeddable":true,"href":"https:\/\/ddt.lv\/lv\/wp-json\/wp\/v2\/media\/39352"}],"wp:attachment":[{"href":"https:\/\/ddt.lv\/lv\/wp-json\/wp\/v2\/media?parent=39252"}],"wp:term":[{"taxonomy":"product_cat","embeddable":true,"href":"https:\/\/ddt.lv\/lv\/wp-json\/wp\/v2\/product_cat?post=39252"},{"taxonomy":"product_tag","embeddable":true,"href":"https:\/\/ddt.lv\/lv\/wp-json\/wp\/v2\/product_tag?post=39252"},{"taxonomy":"yst_prominent_words","embeddable":true,"href":"https:\/\/ddt.lv\/lv\/wp-json\/wp\/v2\/yst_prominent_words?post=39252"}],"curies":[{"name":"wp","href":"https:\/\/api.w.org\/{rel}","templated":true}]}}