{"id":39250,"date":"2024-03-25T09:40:26","date_gmt":"2024-03-25T07:40:26","guid":{"rendered":"https:\/\/ddt.lv\/lv\/product\/galda-lampa-carson-led-6w-400lm-ip20-3k-4k-6k-melna-emos\/"},"modified":"2026-04-08T14:42:29","modified_gmt":"2026-04-08T11:42:29","slug":"galda-lampa-carson-led-6w-400lm-ip20-3k-4k-6k-melna-emos","status":"publish","type":"product","link":"https:\/\/ddt.lv\/lv\/product\/galda-lampa-carson-led-6w-400lm-ip20-3k-4k-6k-melna-emos\/","title":{"rendered":"Galda lampa CARSON LED 6W 400lm IP20 3K\/4K\/6K melna EMOS"},"content":{"rendered":"<p>LED galda lampa EMOS CARSON ar USB piesl\u0113gvietu<br \/>\nVai mekl\u0113jat lampu, kas lieliski piel\u0101gojas j\u016bsu pras\u012bb\u0101m attiec\u012bb\u0101 uz kr\u0101su un gaismas intensit\u0101ti? Tad noteikti vajadz\u0113tu ieskat\u012bties CARSON LED galda lamp\u0101, kas, pateicoties vienk\u0101r\u0161ajam dizainam, iederas jebkur\u0101 interjer\u0101.<\/p>\n<p>Lampai ir augsta gaismas pl\u016bsma l\u012bdz 400 lm, un t\u0101 ir pieejama div\u0101s versij\u0101s &#8211; balt\u0101 un meln\u0101.<\/p>\n<p>J\u016bsu vajadz\u012bb\u0101m un noska\u0146ojumam piel\u0101gots apgaismojums<br \/>\nVai darbam nepiecie\u0161ama intens\u012bva balta gaisma un citos laikos j\u016bs labpr\u0101t\u0101k atp\u016b\u0161aties ar v\u0101ju siltu apgaismojumu? CARSON LED galda lampa \u013cauj main\u012bt gaismas kr\u0101su piecos so\u013cos no auksti baltas uz silti baltu, k\u0101 ar\u012b aptum\u0161ot se\u0161os so\u013cos.<\/p>\n<p>Lampas groz\u0101m\u0101 svira ar diviem noliecamiem savienojumiem \u013cauj to piel\u0101got gan darba, gan netie\u0161ajam salona apgaismojumam vai pat saloc\u012bt lampu kompakt\u0101 form\u0101.<\/p>\n<p>Ide\u0101ls galda apgaismojums neb\u016bt nav vien\u012bgais, ko sp\u0113j modern\u0101 CARSON LED galda lampa. Pirms aizmig\u0161anas varat iesl\u0113gt pamatn\u0113 ieb\u016bv\u0113to aptum\u0161oto naktslampi\u0146u.<\/p>\n<p>Ja uztraucaties, ka lampi\u0146a nedeg visu nakti, iesl\u0113dziet taimera funkciju, un gaisma autom\u0101tiski izsl\u0113gsies p\u0113c 60 min\u016bt\u0113m.<\/p>\n<p>Funkciju saraksts ar to nebeidzas. Pamatnei ir ar\u012b ieb\u016bv\u0113ta USB izeja ier\u012b\u010du uzl\u0101d\u0113\u0161anai. Ja pievienojat atbilsto\u0161o uzl\u0101des kabeli, varat uzl\u0101d\u0113t t\u0101lruni, str\u0101vas banku vai viedpulksteni caur lampu.<\/p>","protected":false},"excerpt":{"rendered":"<p>LED galda lampa EMOS CARSON ar USB piesl\u0113gvietu Vai mekl\u0113jat lampu, kas lieliski piel\u0101gojas j\u016bsu pras\u012bb\u0101m attiec\u012bb\u0101 uz kr\u0101su un gaismas intensit\u0101ti? Tad noteikti vajadz\u0113tu ieskat\u012bties CARSON LED galda lamp\u0101, kas, pateicoties vienk\u0101r\u0161ajam dizainam, iederas jebkur\u0101 interjer\u0101. Lampai ir augsta gaismas pl\u016bsma l\u012bdz 400 lm, un t\u0101 ir pieejama div\u0101s versij\u0101s &#8211; balt\u0101 un meln\u0101. [&hellip;]<\/p>\n","protected":false},"featured_media":39319,"comment_status":"closed","ping_status":"closed","template":"","meta":{"inline_featured_image":false},"product_cat":[1292,746],"product_tag":[],"yst_prominent_words":[],"class_list":{"0":"post-39250","1":"product","2":"type-product","3":"status-publish","4":"has-post-thumbnail","6":"product_cat-galda-lampas-un-stavlampas-apgaismojums","7":"product_cat-pagarinataji-pagarinataji-un-sadalitaji","9":"first","10":"instock","11":"taxable","12":"shipping-taxable","13":"purchasable","14":"product-type-simple"},"jetpack_sharing_enabled":true,"_links":{"self":[{"href":"https:\/\/ddt.lv\/lv\/wp-json\/wp\/v2\/product\/39250"}],"collection":[{"href":"https:\/\/ddt.lv\/lv\/wp-json\/wp\/v2\/product"}],"about":[{"href":"https:\/\/ddt.lv\/lv\/wp-json\/wp\/v2\/types\/product"}],"replies":[{"embeddable":true,"href":"https:\/\/ddt.lv\/lv\/wp-json\/wp\/v2\/comments?post=39250"}],"wp:featuredmedia":[{"embeddable":true,"href":"https:\/\/ddt.lv\/lv\/wp-json\/wp\/v2\/media\/39319"}],"wp:attachment":[{"href":"https:\/\/ddt.lv\/lv\/wp-json\/wp\/v2\/media?parent=39250"}],"wp:term":[{"taxonomy":"product_cat","embeddable":true,"href":"https:\/\/ddt.lv\/lv\/wp-json\/wp\/v2\/product_cat?post=39250"},{"taxonomy":"product_tag","embeddable":true,"href":"https:\/\/ddt.lv\/lv\/wp-json\/wp\/v2\/product_tag?post=39250"},{"taxonomy":"yst_prominent_words","embeddable":true,"href":"https:\/\/ddt.lv\/lv\/wp-json\/wp\/v2\/yst_prominent_words?post=39250"}],"curies":[{"name":"wp","href":"https:\/\/api.w.org\/{rel}","templated":true}]}}