{"id":39248,"date":"2024-03-25T09:40:25","date_gmt":"2024-03-25T07:40:25","guid":{"rendered":"https:\/\/ddt.lv\/lv\/product\/sadalitajs-2v-2x2p-pe-schuko-a-z-balts-apals-16a-ip20-emos\/"},"modified":"2026-04-14T15:20:23","modified_gmt":"2026-04-14T12:20:23","slug":"sadalitajs-2v-2x2p-pe-schuko-a-z-balts-apals-16a-ip20-emos","status":"publish","type":"product","link":"https:\/\/ddt.lv\/lv\/product\/sadalitajs-2v-2x2p-pe-schuko-a-z-balts-apals-16a-ip20-emos\/","title":{"rendered":"Sadal\u012bt\u0101js 2v 2x2P+PE Schuko a\/z balts, apa\u013c\u0161 16A IP20 EMOS"},"content":{"rendered":"<p>Sadal\u012bt\u0101js 2v 2x2P+PE Schuko a\/z balts, apa\u013c\u0161 16A IP20 no ra\u017eot\u0101ja EMOS.<\/p>","protected":false},"excerpt":{"rendered":"<p>Sadal\u012bt\u0101js 2v 2x2P+PE Schuko a\/z balts, apa\u013c\u0161 16A IP20 no ra\u017eot\u0101ja EMOS.<\/p>\n","protected":false},"featured_media":39298,"comment_status":"closed","ping_status":"closed","template":"","meta":{"inline_featured_image":false},"product_cat":[772,747],"product_tag":[],"yst_prominent_words":[],"class_list":{"0":"post-39248","1":"product","2":"type-product","3":"status-publish","4":"has-post-thumbnail","6":"product_cat-atlaides","7":"product_cat-sadalitaji-adapteri","9":"first","10":"instock","11":"sale","12":"taxable","13":"shipping-taxable","14":"purchasable","15":"product-type-simple"},"jetpack_sharing_enabled":true,"_links":{"self":[{"href":"https:\/\/ddt.lv\/lv\/wp-json\/wp\/v2\/product\/39248"}],"collection":[{"href":"https:\/\/ddt.lv\/lv\/wp-json\/wp\/v2\/product"}],"about":[{"href":"https:\/\/ddt.lv\/lv\/wp-json\/wp\/v2\/types\/product"}],"replies":[{"embeddable":true,"href":"https:\/\/ddt.lv\/lv\/wp-json\/wp\/v2\/comments?post=39248"}],"wp:featuredmedia":[{"embeddable":true,"href":"https:\/\/ddt.lv\/lv\/wp-json\/wp\/v2\/media\/39298"}],"wp:attachment":[{"href":"https:\/\/ddt.lv\/lv\/wp-json\/wp\/v2\/media?parent=39248"}],"wp:term":[{"taxonomy":"product_cat","embeddable":true,"href":"https:\/\/ddt.lv\/lv\/wp-json\/wp\/v2\/product_cat?post=39248"},{"taxonomy":"product_tag","embeddable":true,"href":"https:\/\/ddt.lv\/lv\/wp-json\/wp\/v2\/product_tag?post=39248"},{"taxonomy":"yst_prominent_words","embeddable":true,"href":"https:\/\/ddt.lv\/lv\/wp-json\/wp\/v2\/yst_prominent_words?post=39248"}],"curies":[{"name":"wp","href":"https:\/\/api.w.org\/{rel}","templated":true}]}}