{"id":39247,"date":"2024-03-25T09:40:25","date_gmt":"2024-03-25T07:40:25","guid":{"rendered":"https:\/\/ddt.lv\/lv\/product\/sadalitajs-2-viet-b-z-horiz-ital-entac\/"},"modified":"2026-04-13T10:02:10","modified_gmt":"2026-04-13T07:02:10","slug":"sadalitajs-2-viet-b-z-horiz-ital-entac","status":"publish","type":"product","link":"https:\/\/ddt.lv\/lv\/product\/sadalitajs-2-viet-b-z-horiz-ital-entac\/","title":{"rendered":"Sadal\u012bt\u0101js 2-viet. b\/z horiz. Ital  ENTAC"},"content":{"rendered":"<p>Sadal\u012bt\u0101js 2-viet\u012bgs b\/z horizont\u0101ls Ital nio ra\u017eot\u0101jaENTAC<\/p>","protected":false},"excerpt":{"rendered":"<p>Sadal\u012bt\u0101js 2-viet\u012bgs b\/z horizont\u0101ls Ital nio ra\u017eot\u0101jaENTAC<\/p>\n","protected":false},"featured_media":39295,"comment_status":"closed","ping_status":"closed","template":"","meta":{"inline_featured_image":false},"product_cat":[747],"product_tag":[],"yst_prominent_words":[],"class_list":{"0":"post-39247","1":"product","2":"type-product","3":"status-publish","4":"has-post-thumbnail","6":"product_cat-sadalitaji-adapteri","8":"first","9":"instock","10":"taxable","11":"shipping-taxable","12":"purchasable","13":"product-type-simple"},"jetpack_sharing_enabled":true,"_links":{"self":[{"href":"https:\/\/ddt.lv\/lv\/wp-json\/wp\/v2\/product\/39247"}],"collection":[{"href":"https:\/\/ddt.lv\/lv\/wp-json\/wp\/v2\/product"}],"about":[{"href":"https:\/\/ddt.lv\/lv\/wp-json\/wp\/v2\/types\/product"}],"replies":[{"embeddable":true,"href":"https:\/\/ddt.lv\/lv\/wp-json\/wp\/v2\/comments?post=39247"}],"wp:featuredmedia":[{"embeddable":true,"href":"https:\/\/ddt.lv\/lv\/wp-json\/wp\/v2\/media\/39295"}],"wp:attachment":[{"href":"https:\/\/ddt.lv\/lv\/wp-json\/wp\/v2\/media?parent=39247"}],"wp:term":[{"taxonomy":"product_cat","embeddable":true,"href":"https:\/\/ddt.lv\/lv\/wp-json\/wp\/v2\/product_cat?post=39247"},{"taxonomy":"product_tag","embeddable":true,"href":"https:\/\/ddt.lv\/lv\/wp-json\/wp\/v2\/product_tag?post=39247"},{"taxonomy":"yst_prominent_words","embeddable":true,"href":"https:\/\/ddt.lv\/lv\/wp-json\/wp\/v2\/yst_prominent_words?post=39247"}],"curies":[{"name":"wp","href":"https:\/\/api.w.org\/{rel}","templated":true}]}}