{"id":39246,"date":"2024-03-25T09:40:25","date_gmt":"2024-03-25T07:40:25","guid":{"rendered":"https:\/\/ddt.lv\/lv\/product\/univ-ladejama-ierice-bcn-60u-usb-6v-nimh-max-500ma-emos\/"},"modified":"2026-04-01T00:23:00","modified_gmt":"2026-03-31T21:23:00","slug":"univ-ladejama-ierice-bcn-60u-usb-6v-nimh-max-500ma-emos","status":"publish","type":"product","link":"https:\/\/ddt.lv\/lv\/product\/univ-ladejama-ierice-bcn-60u-usb-6v-nimh-max-500ma-emos\/","title":{"rendered":"Univ. l\u0101d\u0113jam\u0101 ier\u012bce BCN-60U USB 6v NiMH max 500mA EMOS"},"content":{"rendered":"<p>Vai j\u016bs izmantojat daudz da\u017e\u0101du veidu akumulatoru m\u0101j\u0101s, biroj\u0101 vai savos hobijos? Vai v\u0113laties, lai tie vienm\u0113r b\u016btu piln\u012bb\u0101 uzl\u0101d\u0113ti?<\/p>\n<p>EMOS BCN-60U univers\u0101lais l\u0101d\u0113t\u0101js \u013cauj \u0101tri un prec\u012bzi uzl\u0101d\u0113t neticami 5 veidu NiMH\/NiCd akumulatorus. Ja pievienojat iesp\u0113ju vienlaikus uzl\u0101d\u0113t 9V akumulatorus un da\u017e\u0101da veida akumulatorus, tad \u0161eit mums ir lieliska univers\u0101la l\u0101d\u0113t\u0101js, kas n\u0101kotn\u0113 neb\u016bs p\u0101rsteigts, ieg\u0101d\u0101joties piln\u012bgi jauna veida uzl\u0101d\u0113jam\u0101s baterijas.<\/p>\n<p>\u0100tra un prec\u012bza uzl\u0101de<br \/>\nVairs nav j\u0101uztraucas par akumulatoru uzl\u0101di. EMOS BCN-60U akumulatora l\u0101d\u0113t\u0101js pied\u0101v\u0101 piln\u012bb\u0101 autom\u0101tisku un bezmaksas uzl\u0101di ar izcilu \u0101trumu, kas \u013cauj uzl\u0101d\u0113t akumulatorus jau p\u0113c 3 stund\u0101m.<\/p>\n<p>L\u0101d\u0113t\u0101ja komplekt\u0101cij\u0101 ir iek\u013cauts praktisks USB-C kabelis, kas \u013cauj s\u0101kt uzl\u0101d\u0113t akumulatorus no jebkura baro\u0161anas avota (baro\u0161anas bankas, kl\u0113pjdatora, uzl\u0101de ar t\u012bkla adapteri u.c.), kas apr\u012bkots ar USB-A baro\u0161anas slotu.<\/p>\n<p>J\u016bs varat apvienot akumulatoru vadu (AA), mikro (AAA), mazo monoelementu (C) uzl\u0101des laik\u0101, lielu monoelementu (D) un devi\u0146us voltus (9 V). L\u0101d\u0113t\u0101js ir piel\u0101gots NiCd un NiMH akumulatoru uzl\u0101d\u0113\u0161anai.<\/p>\n<p>Pateicoties neatkar\u012bgiem uzl\u0101des kan\u0101liem, nav nepiecie\u0161ams uzl\u0101d\u0113t akumulatorus pa p\u0101riem, k\u0101 to prasa da\u017ei vec\u0101ki l\u0101d\u0113t\u0101ju mode\u013ci.<\/p>\n<p>LED indikators<br \/>\nJ\u016bs vienm\u0113r kontrol\u0113sit uzl\u0101di un vien\u0101 mirkl\u012b redz\u0113sit, vai akumulators ir uzl\u0101d\u0113ts, notiek uzl\u0101de vai tas ir piln\u012bb\u0101 izl\u0101d\u0113jies. Tas viss, pateicoties divu kr\u0101su LED indik\u0101cijai. Jums ir \u0101trs p\u0101rskats par katra ievietot\u0101 akumulatora uzl\u0101des statusu.EMOS BCN-60U l\u0101d\u0113t\u0101jam ir vair\u0101kas uzlabotas funkcijas, lai j\u016bs var\u0113tu pa\u013cauties uz piln\u012bgi bezr\u016bp\u012bgu akumulatora uzl\u0101di, kur vien tas nepiecie\u0161ams.<\/p>\n<p>L\u0101d\u0113t\u0101ju p\u0101rkar\u0161anu un boj\u0101jumus nov\u0113r\u0161 boj\u0101to un neuzl\u0101d\u0113jamo akumulatoru vieda identific\u0113\u0161ana. Uzl\u0101de vienm\u0113r ir piln\u012bgi dro\u0161a.<\/p>","protected":false},"excerpt":{"rendered":"<p>Vai j\u016bs izmantojat daudz da\u017e\u0101du veidu akumulatoru m\u0101j\u0101s, biroj\u0101 vai savos hobijos? Vai v\u0113laties, lai tie vienm\u0113r b\u016btu piln\u012bb\u0101 uzl\u0101d\u0113ti? EMOS BCN-60U univers\u0101lais l\u0101d\u0113t\u0101js \u013cauj \u0101tri un prec\u012bzi uzl\u0101d\u0113t neticami 5 veidu NiMH\/NiCd akumulatorus. Ja pievienojat iesp\u0113ju vienlaikus uzl\u0101d\u0113t 9V akumulatorus un da\u017e\u0101da veida akumulatorus, tad \u0161eit mums ir lieliska univers\u0101la l\u0101d\u0113t\u0101js, kas n\u0101kotn\u0113 neb\u016bs [&hellip;]<\/p>\n","protected":false},"featured_media":39304,"comment_status":"closed","ping_status":"closed","template":"","meta":{"inline_featured_image":false},"product_cat":[453],"product_tag":[],"yst_prominent_words":[],"class_list":{"0":"post-39246","1":"product","2":"type-product","3":"status-publish","4":"has-post-thumbnail","6":"product_cat-ladesanas-ierices","8":"first","9":"instock","10":"taxable","11":"shipping-taxable","12":"purchasable","13":"product-type-simple"},"jetpack_sharing_enabled":true,"_links":{"self":[{"href":"https:\/\/ddt.lv\/lv\/wp-json\/wp\/v2\/product\/39246"}],"collection":[{"href":"https:\/\/ddt.lv\/lv\/wp-json\/wp\/v2\/product"}],"about":[{"href":"https:\/\/ddt.lv\/lv\/wp-json\/wp\/v2\/types\/product"}],"replies":[{"embeddable":true,"href":"https:\/\/ddt.lv\/lv\/wp-json\/wp\/v2\/comments?post=39246"}],"wp:featuredmedia":[{"embeddable":true,"href":"https:\/\/ddt.lv\/lv\/wp-json\/wp\/v2\/media\/39304"}],"wp:attachment":[{"href":"https:\/\/ddt.lv\/lv\/wp-json\/wp\/v2\/media?parent=39246"}],"wp:term":[{"taxonomy":"product_cat","embeddable":true,"href":"https:\/\/ddt.lv\/lv\/wp-json\/wp\/v2\/product_cat?post=39246"},{"taxonomy":"product_tag","embeddable":true,"href":"https:\/\/ddt.lv\/lv\/wp-json\/wp\/v2\/product_tag?post=39246"},{"taxonomy":"yst_prominent_words","embeddable":true,"href":"https:\/\/ddt.lv\/lv\/wp-json\/wp\/v2\/yst_prominent_words?post=39246"}],"curies":[{"name":"wp","href":"https:\/\/api.w.org\/{rel}","templated":true}]}}