{"id":39245,"date":"2024-03-25T09:20:29","date_gmt":"2024-03-25T07:20:29","guid":{"rendered":"https:\/\/ddt.lv\/lv\/product\/termometrs-higrometrs-iekstelpam-1xcr2032-emos\/"},"modified":"2026-04-05T11:55:33","modified_gmt":"2026-04-05T08:55:33","slug":"termometrs-higrometrs-iekstelpam-1xcr2032-emos","status":"publish","type":"product","link":"https:\/\/ddt.lv\/lv\/product\/termometrs-higrometrs-iekstelpam-1xcr2032-emos\/","title":{"rendered":"Termometrs\/Higrometrs iek\u0161telp\u0101m 1xCR2032 EMOS"},"content":{"rendered":"<p>Termometrs\/Higrometrs iek\u0161telp\u0101m 1xCR2032 no ra\u017eot\u0101ja EMOS.<\/p>\n<p>Uzticams termometrs prec\u012bziem m\u0113r\u012bjumiem<br \/>\nCik augsta b\u016bs iek\u0161telpu temperat\u016bra karst\u0101s vasaras dien\u0101s vai ar\u012b ziem\u0101 vajadz\u0113s palielin\u0101t siltumu? M\u016bsu bezvadu termometrs E0345 sniedz uzticamas atbildes uz \u0161iem jaut\u0101jumiem. Tas var par\u0101d\u012bt ne tikai iek\u0161telpu temperat\u016bru un mitrumu, bet ar\u012b iek\u0161telpu klimata kvalit\u0101tes l\u012bmeni.<\/p>\n<p>Temperat\u016bras v\u0113rt\u012bbas var par\u0101d\u012bt \u00b0C\/\u00b0F. Ar savu eleganto minim\u0101lisma dizainu un skaidru displeju tas piel\u0101gojas jebkuram interjeram.<\/p>\n<p>Novietojiet un izm\u0113riet.<br \/>\nTermometra E0345 priek\u0161roc\u012bba ir t\u0101 atra\u0161an\u0101s vietas daudzpus\u012bba. Varat to novietot uz galda vai plaukta, piek\u0101rt pie sienas vai izmantot aizmugur\u0113 eso\u0161o magn\u0113tu, lai viegli piestiprin\u0101tu pie jebkuras met\u0101la virsmas.<\/p>\n<p>Pateicoties vienai komplekt\u0101cij\u0101 iek\u013cautajai CR2032 baterijai, ko darbina viena CR2032 baterija, nav j\u0101mekl\u0113 E0345 termometra kontaktligzda. Noder\u012bg\u0101 funkcija iek\u0161telpu klimata kvalit\u0101tes m\u0113r\u012b\u0161anai no \u0161obr\u012bd izm\u0113r\u012bt\u0101s temperat\u016bras un mitruma pal\u012bdz\u0113s paaugstin\u0101t kop\u0113jo komfortu telp\u0101s. Termometrs iz\u0161\u0137ir sausu gaisa kvalit\u0101ti (zem 40%), komfortablu (40-70%) vai mitru gaisu (virs 70%).<\/p>\n<p>T\u0101tad j\u016bs vienm\u0113r prec\u012bzi zin\u0101t, kad ir laba ideja v\u0113din\u0101t un samazin\u0101t mitrumu telp\u0101 vai iesl\u0113gt gaisa mitrin\u0101t\u0101ju.<\/p>","protected":false},"excerpt":{"rendered":"<p>Termometrs\/Higrometrs iek\u0161telp\u0101m 1xCR2032 no ra\u017eot\u0101ja EMOS. Uzticams termometrs prec\u012bziem m\u0113r\u012bjumiem Cik augsta b\u016bs iek\u0161telpu temperat\u016bra karst\u0101s vasaras dien\u0101s vai ar\u012b ziem\u0101 vajadz\u0113s palielin\u0101t siltumu? M\u016bsu bezvadu termometrs E0345 sniedz uzticamas atbildes uz \u0161iem jaut\u0101jumiem. Tas var par\u0101d\u012bt ne tikai iek\u0161telpu temperat\u016bru un mitrumu, bet ar\u012b iek\u0161telpu klimata kvalit\u0101tes l\u012bmeni. Temperat\u016bras v\u0113rt\u012bbas var par\u0101d\u012bt \u00b0C\/\u00b0F. Ar [&hellip;]<\/p>\n","protected":false},"featured_media":39288,"comment_status":"closed","ping_status":"closed","template":"","meta":{"inline_featured_image":false},"product_cat":[541],"product_tag":[],"yst_prominent_words":[],"class_list":{"0":"post-39245","1":"product","2":"type-product","3":"status-publish","4":"has-post-thumbnail","6":"product_cat-termometri-meteostacijas","8":"first","9":"instock","10":"taxable","11":"shipping-taxable","12":"purchasable","13":"product-type-simple"},"jetpack_sharing_enabled":true,"_links":{"self":[{"href":"https:\/\/ddt.lv\/lv\/wp-json\/wp\/v2\/product\/39245"}],"collection":[{"href":"https:\/\/ddt.lv\/lv\/wp-json\/wp\/v2\/product"}],"about":[{"href":"https:\/\/ddt.lv\/lv\/wp-json\/wp\/v2\/types\/product"}],"replies":[{"embeddable":true,"href":"https:\/\/ddt.lv\/lv\/wp-json\/wp\/v2\/comments?post=39245"}],"wp:featuredmedia":[{"embeddable":true,"href":"https:\/\/ddt.lv\/lv\/wp-json\/wp\/v2\/media\/39288"}],"wp:attachment":[{"href":"https:\/\/ddt.lv\/lv\/wp-json\/wp\/v2\/media?parent=39245"}],"wp:term":[{"taxonomy":"product_cat","embeddable":true,"href":"https:\/\/ddt.lv\/lv\/wp-json\/wp\/v2\/product_cat?post=39245"},{"taxonomy":"product_tag","embeddable":true,"href":"https:\/\/ddt.lv\/lv\/wp-json\/wp\/v2\/product_tag?post=39245"},{"taxonomy":"yst_prominent_words","embeddable":true,"href":"https:\/\/ddt.lv\/lv\/wp-json\/wp\/v2\/yst_prominent_words?post=39245"}],"curies":[{"name":"wp","href":"https:\/\/api.w.org\/{rel}","templated":true}]}}