{"id":38951,"date":"2024-02-18T21:00:31","date_gmt":"2024-02-18T19:00:31","guid":{"rendered":"https:\/\/ddt.lv\/lv\/product\/antena-ara-0-100km-38-80-uhf-470-698mhz-25dbi-emos\/"},"modified":"2026-04-08T14:42:28","modified_gmt":"2026-04-08T11:42:28","slug":"antena-ara-0-100km-38-80-uhf-470-698mhz-25dbi-emos","status":"publish","type":"product","link":"https:\/\/ddt.lv\/lv\/product\/antena-ara-0-100km-38-80-uhf-470-698mhz-25dbi-emos\/","title":{"rendered":"Antena \u0101ra 0-100km 38&#8217;\/80&#8242; UHF 470-698MHZ 25dBi EMOS"},"content":{"rendered":"<p>Antena \u0101ra 0-100km 38&#8217;\/80&#8242; UHF 470-698MHZ 25dBi no ra\u017eot\u0101ja EMOS.<\/p>\n<p>\u0100ra antena EMOS EM-P127<br \/>\nVai mekl\u0113jat ide\u0101lu \u0101ra antenu DVB-T un DVB-T2 sign\u0101lu uztver\u0161anai UHF josl\u0101? Atbilde ir EMOS z\u012bmola \u0161auri virziena pas\u012bv\u0101 antena EM-P127, kas piem\u0113rota liela att\u0101luma uztver\u0161anai.<\/p>\n<p>Pareiza izv\u0113le ir svar\u012bga<br \/>\nAntenas viet\u0101m, kuras p\u0101rkl\u0101j \u013coti kvalitat\u012bvs un stabils sign\u0101ls. Visbie\u017e\u0101k t\u0101s ir iek\u0161telpu antenas, kuras tiek pied\u0101v\u0101tas daudzos dizainos. Pat maz\u0101k pieredz\u0113jis lietot\u0101js var tikt gal\u0101 ar to uzst\u0101d\u012b\u0161anu.<\/p>\n<p>Antenas viet\u0101m, kuras aptver kvalitat\u012bvs sign\u0101ls. T\u0101s galvenok\u0101rt ir t\u0101 saucam\u0101s univers\u0101l\u0101s antenas, kas izce\u013cas ar vieglu uzst\u0101d\u012b\u0161anu, kur viss uzst\u0101d\u012b\u0161anai nepiecie\u0161amais ir atrodams tie\u0161i iepakojum\u0101. Antenas var uzst\u0101d\u012bt gan iek\u0161telp\u0101s, gan \u0101r\u0101.<\/p>\n<p>Antenas att\u0101lin\u0101tai uztver\u0161anai viet\u0101s ar zemu intensit\u0101ti un sign\u0101la kvalit\u0101ti. Veiksm\u012bgai \u0161o antenu uzst\u0101d\u012b\u0161anai ir nepiecie\u0161ams to pareizs mar\u0161ruts uz raid\u012bt\u0101ju un vismaz pamata prasmes un tehnisk\u0101s zin\u0101\u0161anas.<\/p>","protected":false},"excerpt":{"rendered":"<p>Antena \u0101ra 0-100km 38&#8217;\/80&#8242; UHF 470-698MHZ 25dBi no ra\u017eot\u0101ja EMOS. \u0100ra antena EMOS EM-P127 Vai mekl\u0113jat ide\u0101lu \u0101ra antenu DVB-T un DVB-T2 sign\u0101lu uztver\u0161anai UHF josl\u0101? Atbilde ir EMOS z\u012bmola \u0161auri virziena pas\u012bv\u0101 antena EM-P127, kas piem\u0113rota liela att\u0101luma uztver\u0161anai. Pareiza izv\u0113le ir svar\u012bga Antenas viet\u0101m, kuras p\u0101rkl\u0101j \u013coti kvalitat\u012bvs un stabils sign\u0101ls. Visbie\u017e\u0101k t\u0101s [&hellip;]<\/p>\n","protected":false},"featured_media":39085,"comment_status":"closed","ping_status":"closed","template":"","meta":{"inline_featured_image":false},"product_cat":[699],"product_tag":[],"yst_prominent_words":[],"class_list":{"0":"post-38951","1":"product","2":"type-product","3":"status-publish","4":"has-post-thumbnail","6":"product_cat-ara-antenas","8":"first","9":"instock","10":"taxable","11":"shipping-taxable","12":"purchasable","13":"product-type-simple"},"jetpack_sharing_enabled":true,"_links":{"self":[{"href":"https:\/\/ddt.lv\/lv\/wp-json\/wp\/v2\/product\/38951"}],"collection":[{"href":"https:\/\/ddt.lv\/lv\/wp-json\/wp\/v2\/product"}],"about":[{"href":"https:\/\/ddt.lv\/lv\/wp-json\/wp\/v2\/types\/product"}],"replies":[{"embeddable":true,"href":"https:\/\/ddt.lv\/lv\/wp-json\/wp\/v2\/comments?post=38951"}],"wp:featuredmedia":[{"embeddable":true,"href":"https:\/\/ddt.lv\/lv\/wp-json\/wp\/v2\/media\/39085"}],"wp:attachment":[{"href":"https:\/\/ddt.lv\/lv\/wp-json\/wp\/v2\/media?parent=38951"}],"wp:term":[{"taxonomy":"product_cat","embeddable":true,"href":"https:\/\/ddt.lv\/lv\/wp-json\/wp\/v2\/product_cat?post=38951"},{"taxonomy":"product_tag","embeddable":true,"href":"https:\/\/ddt.lv\/lv\/wp-json\/wp\/v2\/product_tag?post=38951"},{"taxonomy":"yst_prominent_words","embeddable":true,"href":"https:\/\/ddt.lv\/lv\/wp-json\/wp\/v2\/yst_prominent_words?post=38951"}],"curies":[{"name":"wp","href":"https:\/\/api.w.org\/{rel}","templated":true}]}}